{"id":49631,"date":"2024-03-04T13:37:32","date_gmt":"2024-03-04T13:37:32","guid":{"rendered":"https:\/\/pfkeepers.com\/produto\/yellow-goby-medium-gobiodon-okinawae\/"},"modified":"2026-04-19T00:05:23","modified_gmt":"2026-04-19T00:05:23","slug":"yellow-goby-medium-gobiodon-okinawae","status":"publish","type":"product","link":"https:\/\/pfkeepers.com\/english\/product\/yellow-goby-medium-gobiodon-okinawae\/","title":{"rendered":"Yellow Goby &#8211; Gobiodon okinawae"},"content":{"rendered":"<p>Cuidado: Interm\u00e9dio<\/p>\n<p>Requisitos de luz: M\u00e9dio<\/p>\n<p>Origem: Pac\u00edfico Ocidental<\/p>\n<p>Dieta: Planct\u00edvora<\/p>\n<p>O Gobiodon okinawae, mais vulgarmente conhecido como gobi\u00e3o amarelo, \u00e9 uma esp\u00e9cie marinha cativante que traz uma explos\u00e3o vibrante de cores a qualquer aqu\u00e1rio de recife. Origin\u00e1ria da regi\u00e3o do Pac\u00edfico Ocidental, esta esp\u00e9cie \u00e9 famosa pelo seu impressionante tom amarelo que contrasta lindamente com o cen\u00e1rio de um aqu\u00e1rio bem cuidado. O gobi\u00e3o amarelo \u00e9 uma esp\u00e9cie de n\u00edvel de cuidado interm\u00e9dio, o que a torna uma escolha ideal para amadores com alguma experi\u00eancia na manuten\u00e7\u00e3o de ambientes marinhos. Esta esp\u00e9cie \u00e9 planct\u00edvora e prospera com uma dieta rica em pl\u00e2ncton.<br \/>\nO gobi\u00e3o-amarelo \u00e9 uma esp\u00e9cie segura para os recifes, o que significa que pode coexistir harmoniosamente com uma variedade de outras formas de vida marinha sem causar danos nos recifes. Esta esp\u00e9cie \u00e9 obtida de forma sustent\u00e1vel, garantindo que o seu passatempo n\u00e3o tem um impacto negativo nos ecossistemas naturais dos quais estas criaturas s\u00e3o origin\u00e1rias. Um dos aspetos mais intrigantes do gobi\u00e3o-amarelo \u00e9 o seu comportamento natural. Conhecida pelo seu temperamento pac\u00edfico, esta esp\u00e9cie pode ser vista frequentemente a navegar calmamente pelo tanque, acrescentando uma sensa\u00e7\u00e3o de tranquilidade \u00e0 sua configura\u00e7\u00e3o marinha. No Tropical Marine Centre, orgulhamo-nos de oferecer uma gama diversificada de esp\u00e9cies para satisfazer as necessidades e prefer\u00eancias \u00fanicas de cada aquari\u00f3filo. O gobi\u00e3o amarelo \u00e9 apenas uma das muitas esp\u00e9cies fascinantes que oferecemos, cada uma delas obtida de forma sustent\u00e1vel e cuidadosamente selecionada pela sua sa\u00fade e vitalidade. Concluindo, o Gobiodon okinawae ou gobi\u00e3o amarelo \u00e9 uma adi\u00e7\u00e3o vibrante, pac\u00edfica e fascinante para qualquer aqu\u00e1rio de recife. A sua colora\u00e7\u00e3o marcante, o comportamento pac\u00edfico e a origem sustent\u00e1vel fazem dele uma escolha popular entre os amadores. Quer seja um aquari\u00f3filo experiente ou principiante, o gobi\u00e3o amarelo \u00e9 uma esp\u00e9cie que certamente cativar\u00e1 e encantar\u00e1.<\/p>","protected":false},"excerpt":{"rendered":"<p>Cuidado: Interm\u00e9dio Requisitos de luz: M\u00e9dio Origem: Pac\u00edfico Ocidental Dieta: Planct\u00edvora O Gobiodon okinawae, mais vulgarmente conhecido como gobi\u00e3o amarelo, \u00e9 uma esp\u00e9cie marinha cativante que traz uma explos\u00e3o vibrante de cores a qualquer aqu\u00e1rio de recife. Origin\u00e1ria da regi\u00e3o do Pac\u00edfico Ocidental, esta esp\u00e9cie \u00e9 famosa pelo seu impressionante tom amarelo que contrasta lindamente &hellip;<\/p>\n<p class=\"read-more\"> <a class=\"\" href=\"https:\/\/pfkeepers.com\/english\/product\/yellow-goby-medium-gobiodon-okinawae\/\"> <span class=\"screen-reader-text\">Yellow Goby &#8211; Gobiodon okinawae<\/span> Read More &raquo;<\/a><\/p>","protected":false},"featured_media":49632,"template":"","meta":{"site-sidebar-layout":"default","site-content-layout":"","ast-site-content-layout":"","site-content-style":"default","site-sidebar-style":"default","ast-global-header-display":"","ast-banner-title-visibility":"","ast-main-header-display":"","ast-hfb-above-header-display":"","ast-hfb-below-header-display":"","ast-hfb-mobile-header-display":"","site-post-title":"","ast-breadcrumbs-content":"","ast-featured-img":"","footer-sml-layout":"","theme-transparent-header-meta":"","adv-header-id-meta":"","stick-header-meta":"","header-above-stick-meta":"","header-main-stick-meta":"","header-below-stick-meta":"","astra-migrate-meta-layouts":""},"product_cat":[1355],"product_tag":[],"_links":{"self":[{"href":"https:\/\/pfkeepers.com\/english\/wp-json\/wp\/v2\/product\/49631"}],"collection":[{"href":"https:\/\/pfkeepers.com\/english\/wp-json\/wp\/v2\/product"}],"about":[{"href":"https:\/\/pfkeepers.com\/english\/wp-json\/wp\/v2\/types\/product"}],"wp:featuredmedia":[{"embeddable":true,"href":"https:\/\/pfkeepers.com\/english\/wp-json\/wp\/v2\/media\/49632"}],"wp:attachment":[{"href":"https:\/\/pfkeepers.com\/english\/wp-json\/wp\/v2\/media?parent=49631"}],"wp:term":[{"taxonomy":"product_cat","embeddable":true,"href":"https:\/\/pfkeepers.com\/english\/wp-json\/wp\/v2\/product_cat?post=49631"},{"taxonomy":"product_tag","embeddable":true,"href":"https:\/\/pfkeepers.com\/english\/wp-json\/wp\/v2\/product_tag?post=49631"}],"curies":[{"name":"wp","href":"https:\/\/api.w.org\/{rel}","templated":true}]}}