{"id":49590,"date":"2024-03-04T13:36:20","date_gmt":"2024-03-04T13:36:20","guid":{"rendered":"https:\/\/pfkeepers.com\/produto\/green-chromis-chromis-viridis\/"},"modified":"2026-04-19T00:04:38","modified_gmt":"2026-04-19T00:04:38","slug":"green-chromis-chromis-viridis","status":"publish","type":"product","link":"https:\/\/pfkeepers.com\/english\/product\/green-chromis-chromis-viridis\/","title":{"rendered":"Green Chromis &#8211; Chromis viridis"},"content":{"rendered":"<p>N\u00edvel de cuidado: F\u00e1cil<\/p>\n<p>Temperamento: semi-agressivo<\/p>\n<p>Dieta: Omn\u00edvoro<\/p>\n<p>Reef-safe: sim<\/p>\n<p>Condi\u00e7\u00f5es da \u00e1gua: P.f. 22-26 C\u00ba, dKH 8-12, pH 8,1-8,4, sg 1,020-1,025<\/p>\n<p>Max. Tamanho 6 cm<\/p>\n<p>Origem: Fiji, Sri Lanka<\/p>\n<p>Fam\u00edlia: Pomacentridae<\/p>","protected":false},"excerpt":{"rendered":"<p>N\u00edvel de cuidado: F\u00e1cil Temperamento: semi-agressivo Dieta: Omn\u00edvoro Reef-safe: sim Condi\u00e7\u00f5es da \u00e1gua: P.f. 22-26 C\u00ba, dKH 8-12, pH 8,1-8,4, sg 1,020-1,025 Max. Tamanho 6 cm Origem: Fiji, Sri Lanka Fam\u00edlia: Pomacentridae<\/p>","protected":false},"featured_media":49591,"template":"","meta":{"site-sidebar-layout":"default","site-content-layout":"","ast-site-content-layout":"","site-content-style":"default","site-sidebar-style":"default","ast-global-header-display":"","ast-banner-title-visibility":"","ast-main-header-display":"","ast-hfb-above-header-display":"","ast-hfb-below-header-display":"","ast-hfb-mobile-header-display":"","site-post-title":"","ast-breadcrumbs-content":"","ast-featured-img":"","footer-sml-layout":"","theme-transparent-header-meta":"","adv-header-id-meta":"","stick-header-meta":"","header-above-stick-meta":"","header-main-stick-meta":"","header-below-stick-meta":"","astra-migrate-meta-layouts":""},"product_cat":[1355],"product_tag":[],"_links":{"self":[{"href":"https:\/\/pfkeepers.com\/english\/wp-json\/wp\/v2\/product\/49590"}],"collection":[{"href":"https:\/\/pfkeepers.com\/english\/wp-json\/wp\/v2\/product"}],"about":[{"href":"https:\/\/pfkeepers.com\/english\/wp-json\/wp\/v2\/types\/product"}],"wp:featuredmedia":[{"embeddable":true,"href":"https:\/\/pfkeepers.com\/english\/wp-json\/wp\/v2\/media\/49591"}],"wp:attachment":[{"href":"https:\/\/pfkeepers.com\/english\/wp-json\/wp\/v2\/media?parent=49590"}],"wp:term":[{"taxonomy":"product_cat","embeddable":true,"href":"https:\/\/pfkeepers.com\/english\/wp-json\/wp\/v2\/product_cat?post=49590"},{"taxonomy":"product_tag","embeddable":true,"href":"https:\/\/pfkeepers.com\/english\/wp-json\/wp\/v2\/product_tag?post=49590"}],"curies":[{"name":"wp","href":"https:\/\/api.w.org\/{rel}","templated":true}]}}