{"id":49586,"date":"2024-03-04T13:36:14","date_gmt":"2024-03-04T13:36:14","guid":{"rendered":"https:\/\/pfkeepers.com\/produto\/api-kh-carbonate-hardness-test-kit\/"},"modified":"2026-04-03T17:14:36","modified_gmt":"2026-04-03T17:14:36","slug":"api-kh-carbonate-hardness-test-kit","status":"publish","type":"product","link":"https:\/\/pfkeepers.com\/english\/product\/api-kh-carbonate-hardness-test-kit\/","title":{"rendered":"API KH (Carbonate Hardness) Test Kit"},"content":{"rendered":"<p>What is Carbonate Hardness? Carbonate hardness (also known as alkalinity) is the measure of carbonate and bicarbonate ion concentrations dissolved in water. These minerals are present in municipal, well, and bottled spring water. The level of carbonate hardness in tap and bottled water depends on the source of the water and the treatment processes it has undergone. Carbonate hardness helps stabilize pH in the aquarium. An aquarium with a low kH level (50 ppm or less) will tend to be acidic. Aquariums with very low kH are subject to rapid pH shifts.  Directions for Testing Carbonate Hardness (KH):  Read thoroughly before testing. Do not allow test solution to get into aquarium.  To remove childproof safety cap: With one hand, push red tab left with thumb while unscrewing cap with free hand.  1.Rinse a clean test tube with water to be tested. 2.Fill the test tube with 5 ml of aquarium water (to the line on the test tube).  3.Add carbonate hardness test solution, one drop at a time, holding dropper bottle upside down in a completely vertical position to ensure uniformity of drops. After first drop is added, solution will turn blue. 4.Cap the test tube and invert several times after each drop. Keep count of the drops being added. Do not hold finger over open end of the tube as this may affect the test result.  5.The test is completed when the water in the test tube, after having been shaken, turns from blue to yellow. If you have difficulty discerning the color after the first drop of test solution is added, remove the cap from the test tube and while holding it over a white background, look down through the tube.  6.The carbonate hardness value is determined by the number of drops of the reagent that must be added to turn the water in the test tube to bright yellow.<\/p>\n<p>O API KH TEST KIT testa aqu\u00e1rios de \u00e1gua doce ou salgada quanto \u00e0 dureza em carbonatos (KH) e ajuda a monitorar a qualidade da \u00e1gua e a prevenir problemas invis\u00edveis de \u00e1gua que podem ser prejudiciais a peixes e plantas. A dureza do carbonato estabiliza o pH do aqu\u00e1rio e pode ser usada para determinar a dose adequada de tamp\u00f5es de pH.<\/p>\n<p>Tamanhos<\/p>\n<p>Cont\u00e9m 1 frasco de teste, instru\u00e7\u00f5es f\u00e1ceis de usar, tubo de ensaio e tabela de cores<\/p>","protected":false},"excerpt":{"rendered":"<p>Para \u00c1gua Doce e Salgada. O API KH TEST KIT testa aqu\u00e1rios de \u00e1gua doce ou salgada quanto \u00e0 dureza em carbonatos (KH) e ajuda a monitorar a qualidade da \u00e1gua e a prevenir problemas invis\u00edveis de \u00e1gua que podem ser prejudiciais a peixes e plantas. A dureza do carbonato estabiliza o pH do aqu\u00e1rio &hellip;<\/p>\n<p class=\"read-more\"> <a class=\"\" href=\"https:\/\/pfkeepers.com\/english\/product\/api-kh-carbonate-hardness-test-kit\/\"> <span class=\"screen-reader-text\">API KH (Carbonate Hardness) Test Kit<\/span> Read More &raquo;<\/a><\/p>","protected":false},"featured_media":49587,"template":"","meta":{"site-sidebar-layout":"default","site-content-layout":"","ast-site-content-layout":"default","site-content-style":"default","site-sidebar-style":"default","ast-global-header-display":"","ast-banner-title-visibility":"","ast-main-header-display":"","ast-hfb-above-header-display":"","ast-hfb-below-header-display":"","ast-hfb-mobile-header-display":"","site-post-title":"","ast-breadcrumbs-content":"","ast-featured-img":"","footer-sml-layout":"","theme-transparent-header-meta":"default","adv-header-id-meta":"","stick-header-meta":"","header-above-stick-meta":"","header-main-stick-meta":"","header-below-stick-meta":"","astra-migrate-meta-layouts":"set"},"product_cat":[1784],"product_tag":[755],"_links":{"self":[{"href":"https:\/\/pfkeepers.com\/english\/wp-json\/wp\/v2\/product\/49586"}],"collection":[{"href":"https:\/\/pfkeepers.com\/english\/wp-json\/wp\/v2\/product"}],"about":[{"href":"https:\/\/pfkeepers.com\/english\/wp-json\/wp\/v2\/types\/product"}],"wp:featuredmedia":[{"embeddable":true,"href":"https:\/\/pfkeepers.com\/english\/wp-json\/wp\/v2\/media\/49587"}],"wp:attachment":[{"href":"https:\/\/pfkeepers.com\/english\/wp-json\/wp\/v2\/media?parent=49586"}],"wp:term":[{"taxonomy":"product_cat","embeddable":true,"href":"https:\/\/pfkeepers.com\/english\/wp-json\/wp\/v2\/product_cat?post=49586"},{"taxonomy":"product_tag","embeddable":true,"href":"https:\/\/pfkeepers.com\/english\/wp-json\/wp\/v2\/product_tag?post=49586"}],"curies":[{"name":"wp","href":"https:\/\/api.w.org\/{rel}","templated":true}]}}