{"id":49568,"date":"2024-03-04T13:35:35","date_gmt":"2024-03-04T13:35:35","guid":{"rendered":"https:\/\/pfkeepers.com\/produto\/seachem-purigen-250ml\/"},"modified":"2026-04-19T00:03:57","modified_gmt":"2026-04-19T00:03:57","slug":"seachem-purigen-250ml","status":"publish","type":"product","link":"https:\/\/pfkeepers.com\/english\/product\/seachem-purigen-250ml\/","title":{"rendered":"Seachem Purigen 250ml"},"content":{"rendered":"<p>Maior capacidade de remo\u00e7\u00e3o org\u00e2nica<br \/>\nPossui capacidade aumentada devido \u00e0 sua vasta \u00e1rea de superf\u00edcie; tanto esf\u00e9rico quanto macrorreticular<br \/>\nAjuda a controlar am\u00f4nia \/ nitrito \/ nitrato<br \/>\nA cor muda \u00e0 medida que se esgota; f\u00e1cilmente regenerado<\/p>\n<p>Purigen\u00ae \u00e9 um adsorvente sint\u00e9tico premium diferente de qualquer outro produto de filtra\u00e7\u00e3o. N\u00e3o \u00e9 uma mistura de trocadores de \u00edons ou adsorventes, mas um pol\u00edmero sint\u00e9tico macroporoso \u00fanico que remove impurezas sol\u00faveis e insol\u00faveis da \u00e1gua a uma taxa e capacidade que excede todos os outros produtos concorrentes em mais de 500%. Purigen\u00ae controla am\u00f4nia, nitritos e nitratos removendo res\u00edduos org\u00e2nicos nitrogenados que, de outra forma, liberariam esses compostos prejudiciais. O impacto de Purigen em oligoelementos \u00e9 m\u00ednimo. Aumenta significativamente o redox. Ele d\u00e1 brilho \u00e0 \u00e1gua com uma clareza incompar\u00e1vel. Purigen\u00ae escurece progressivamente \u00e0 medida que se exaure e \u00e9 facilmente renovado tratando com alvejante. Purigen\u00ae \u00e9 projetado para uso marinho e de \u00e1gua doce.<\/p>","protected":false},"excerpt":{"rendered":"<p>Maior capacidade de remo\u00e7\u00e3o org\u00e2nica Possui capacidade aumentada devido \u00e0 sua vasta \u00e1rea de superf\u00edcie; tanto esf\u00e9rico quanto macrorreticular Ajuda a controlar am\u00f4nia \/ nitrito \/ nitrato A cor muda \u00e0 medida que se esgota; f\u00e1cilmente regenerado Purigen\u00ae \u00e9 um adsorvente sint\u00e9tico premium diferente de qualquer outro produto de filtra\u00e7\u00e3o. N\u00e3o \u00e9 uma mistura de &hellip;<\/p>\n<p class=\"read-more\"> <a class=\"\" href=\"https:\/\/pfkeepers.com\/english\/product\/seachem-purigen-250ml\/\"> <span class=\"screen-reader-text\">Seachem Purigen 250ml<\/span> Read More &raquo;<\/a><\/p>","protected":false},"featured_media":49569,"template":"","meta":{"site-sidebar-layout":"default","site-content-layout":"","ast-site-content-layout":"","site-content-style":"default","site-sidebar-style":"default","ast-global-header-display":"","ast-banner-title-visibility":"","ast-main-header-display":"","ast-hfb-above-header-display":"","ast-hfb-below-header-display":"","ast-hfb-mobile-header-display":"","site-post-title":"","ast-breadcrumbs-content":"","ast-featured-img":"","footer-sml-layout":"","theme-transparent-header-meta":"","adv-header-id-meta":"","stick-header-meta":"","header-above-stick-meta":"","header-main-stick-meta":"","header-below-stick-meta":"","astra-migrate-meta-layouts":""},"product_cat":[1583],"product_tag":[1037],"_links":{"self":[{"href":"https:\/\/pfkeepers.com\/english\/wp-json\/wp\/v2\/product\/49568"}],"collection":[{"href":"https:\/\/pfkeepers.com\/english\/wp-json\/wp\/v2\/product"}],"about":[{"href":"https:\/\/pfkeepers.com\/english\/wp-json\/wp\/v2\/types\/product"}],"wp:featuredmedia":[{"embeddable":true,"href":"https:\/\/pfkeepers.com\/english\/wp-json\/wp\/v2\/media\/49569"}],"wp:attachment":[{"href":"https:\/\/pfkeepers.com\/english\/wp-json\/wp\/v2\/media?parent=49568"}],"wp:term":[{"taxonomy":"product_cat","embeddable":true,"href":"https:\/\/pfkeepers.com\/english\/wp-json\/wp\/v2\/product_cat?post=49568"},{"taxonomy":"product_tag","embeddable":true,"href":"https:\/\/pfkeepers.com\/english\/wp-json\/wp\/v2\/product_tag?post=49568"}],"curies":[{"name":"wp","href":"https:\/\/api.w.org\/{rel}","templated":true}]}}