{"id":49560,"date":"2024-03-04T13:35:22","date_gmt":"2024-03-04T13:35:22","guid":{"rendered":"https:\/\/pfkeepers.com\/produto\/ciano-water-clear-protection-size-s\/"},"modified":"2026-04-19T00:03:33","modified_gmt":"2026-04-19T00:03:33","slug":"ciano-water-clear-protection-size-s","status":"publish","type":"product","link":"https:\/\/pfkeepers.com\/english\/product\/ciano-water-clear-protection-size-s\/","title":{"rendered":"Ciano Water Clear &amp; Protection Size S"},"content":{"rendered":"<p>Cartucho para filtro criado para a manuten\u00e7\u00e3o, limpeza e prote\u00e7\u00e3o de aqu\u00e1rios<br \/>\nO cartucho Water Clear S CF40 de Ciano est\u00e1 desenhado principalmente para uma eficaz elimina\u00e7\u00e3o das subst\u00e2ncias prejudiciais que existem no ecossistema dos seus peixes. Mant\u00e9m a \u00e1gua cristalina e sem cheiro no seu aqu\u00e1rio. Para al\u00e9m disso, o filtro CF40 realiza uma a\u00e7\u00e3o preventiva antialgas que far\u00e1 com que o seu aqu\u00e1rio esteja sempre impec\u00e1vel.<\/p>\n<p>O seu especial sistema de filtragem qu\u00edmica clarifica a \u00e1gua e combate o mau cheiro do seu aqu\u00e1rio. Ao mesmo tempo cria um ambiente aqu\u00e1tico totalmente transparente, contribui para o bem-estar dos seus peixes e estabelece um ecossistema limpo e cristalino no qual podem viver e crescer tranquilamente e com total seguran\u00e7a.<\/p>\n<p>O cartucho Water Clear S CF40 de Ciano funciona de forma autom\u00e1tica e tem uma durabilidade aproximada de 30 dias. Deixe de lado os trabalhosos lavados manuais do seu aqu\u00e1rio ao instalar o cartucho para filtros CF40, Magi200 e SuperClean 40.Os seus peixes se encontrar\u00e3o saud\u00e1veise num ambiente limpo no qual nadar livremente.<\/p>\n<p>VANTAGENS:<\/p>\n<p>O cartucho para filtro est\u00e1 desenhado para eliminar subst\u00e2ncias prejudiciais.<br \/>\nMant\u00e9m a \u00e1gua cristalina e sem cheiro criando um melhor habitat para os peixes.<br \/>\nPrevine o desenvolvimento de algas nocivas e mant\u00e9m os seus peixes saud\u00e1veis.<br \/>\nConfort\u00e1vel cartucho de limpeza autom\u00e1tica, para esquecer-se da limpeza manual.<br \/>\nUm aqu\u00e1rio com \u00e1gua transparente durante 30 dias aproximadamente.<br \/>\nUTILIZA\u00c7\u00c3O E ESPECIFICA\u00c7\u00d5ES:<\/p>\n<p>Cartucho para filtro CF40 de Ciano com sistema de filtragem qu\u00edmica que elimina as subst\u00e2ncias prejudiciais para os peixes, mant\u00e9m a \u00e1gua cristalina e sem cheiro e previne a apari\u00e7\u00e3o de algas.<br \/>\nCompat\u00edvel com os filtros: CF40, Magi200 e SuperClean 40.<br \/>\nPrecau\u00e7\u00f5es de utiliza\u00e7\u00e3o:<\/p>\n<p>Certifique as mat\u00e9rias filtrantes a cada 30 dias.<br \/>\nRetire o Water Clear se estiver a utilizar um tratamento com medicamentos para os peixes do seu aqu\u00e1rio.<br \/>\nEste produto est\u00e1 indicado unicamente para um uso dom\u00e9stico e em interiores.<br \/>\nO cartucho est\u00e1 desenhado para utilizar em aqu\u00e1rio de \u00e1gua doce.<br \/>\nMedidas:<\/p>\n<p>4 cm x 12,5 cm x 6,5 cm.<br \/>\nPeso:<\/p>\n<p>0,02 kg.<br \/>\nTamanho\/formato:<\/p>\n<p>Dispon\u00edvel em caixas com 2 unidades.<\/p>\n<p>Elimine as subst\u00e2ncias prejudiciais e crie um ambiente cristalino, sem algas nem cheiro no seu aqu\u00e1rio com o cartucho Water Clear S CF40.<\/p>","protected":false},"excerpt":{"rendered":"<p>Cartucho para filtro criado para a manuten\u00e7\u00e3o, limpeza e prote\u00e7\u00e3o de aqu\u00e1rios O cartucho Water Clear S CF40 de Ciano est\u00e1 desenhado principalmente para uma eficaz elimina\u00e7\u00e3o das subst\u00e2ncias prejudiciais que existem no ecossistema dos seus peixes. Mant\u00e9m a \u00e1gua cristalina e sem cheiro no seu aqu\u00e1rio. Para al\u00e9m disso, o filtro CF40 realiza uma &hellip;<\/p>\n<p class=\"read-more\"> <a class=\"\" href=\"https:\/\/pfkeepers.com\/english\/product\/ciano-water-clear-protection-size-s\/\"> <span class=\"screen-reader-text\">Ciano Water Clear &amp; Protection Size S<\/span> Read More &raquo;<\/a><\/p>","protected":false},"featured_media":49561,"template":"","meta":{"site-sidebar-layout":"default","site-content-layout":"","ast-site-content-layout":"default","site-content-style":"default","site-sidebar-style":"default","ast-global-header-display":"","ast-banner-title-visibility":"","ast-main-header-display":"","ast-hfb-above-header-display":"","ast-hfb-below-header-display":"","ast-hfb-mobile-header-display":"","site-post-title":"","ast-breadcrumbs-content":"","ast-featured-img":"","footer-sml-layout":"","theme-transparent-header-meta":"default","adv-header-id-meta":"","stick-header-meta":"","header-above-stick-meta":"","header-main-stick-meta":"","header-below-stick-meta":"","astra-migrate-meta-layouts":"set"},"product_cat":[1583],"product_tag":[825],"_links":{"self":[{"href":"https:\/\/pfkeepers.com\/english\/wp-json\/wp\/v2\/product\/49560"}],"collection":[{"href":"https:\/\/pfkeepers.com\/english\/wp-json\/wp\/v2\/product"}],"about":[{"href":"https:\/\/pfkeepers.com\/english\/wp-json\/wp\/v2\/types\/product"}],"wp:featuredmedia":[{"embeddable":true,"href":"https:\/\/pfkeepers.com\/english\/wp-json\/wp\/v2\/media\/49561"}],"wp:attachment":[{"href":"https:\/\/pfkeepers.com\/english\/wp-json\/wp\/v2\/media?parent=49560"}],"wp:term":[{"taxonomy":"product_cat","embeddable":true,"href":"https:\/\/pfkeepers.com\/english\/wp-json\/wp\/v2\/product_cat?post=49560"},{"taxonomy":"product_tag","embeddable":true,"href":"https:\/\/pfkeepers.com\/english\/wp-json\/wp\/v2\/product_tag?post=49560"}],"curies":[{"name":"wp","href":"https:\/\/api.w.org\/{rel}","templated":true}]}}