{"id":49470,"date":"2024-03-04T13:32:37","date_gmt":"2024-03-04T13:32:37","guid":{"rendered":"https:\/\/pfkeepers.com\/produto\/d-d-jumpguard-pro-120x75cm-diy-aquarium-cover\/"},"modified":"2026-04-18T02:48:09","modified_gmt":"2026-04-18T02:48:09","slug":"d-d-jumpguard-pro-120x75cm-diy-aquarium-cover","status":"publish","type":"product","link":"https:\/\/pfkeepers.com\/english\/product\/d-d-jumpguard-pro-120x75cm-diy-aquarium-cover\/","title":{"rendered":"Jumpguard Pro 120x75cm DIY Aquarium Cover, D-D"},"content":{"rendered":"<p>Cobertura em Rede para aqu\u00e1rios &#8211; JUMPGUARD DIY AQUARIUM COVER, uma tampa totalmente adapt\u00e1vel \u00e0 maioria dos aqu\u00e1rios existentes.<\/p>\n<p>Muitos peixes tendem a saltar para fora do aqu\u00e1rio quando s\u00e3o assustados ou perseguidos por outro peixe; portanto, uma solu\u00e7\u00e3o para evitar a perda de tais peixes deve estar em todas as listas de prioridades.<\/p>\n<p>As tampas D-D Jumpguard s\u00e3o muito leves e fortes, com baixo impacto visual e f\u00e1ceis de construir, adequadas para a maioria dos tipos de aqu\u00e1rios, projetadas especificamente para evitar a perda de peixes devido a saltos e, ao mesmo tempo, manter uma alta penetra\u00e7\u00e3o de luz.<\/p>\n<p>Esta tampa foi projetada para se encaixar perfeitamente dentro da borda superior do vidro do aqu\u00e1rio, com todos os elementos fornecidos extragrandes, permitindo o corte personalizado ao seu aqu\u00e1rio.<\/p>\n<p>O design r\u00edgido de canto cria uma estrutura muito s\u00f3lida e \u00e9 facilmente cortada ao tamanho do seu aqu\u00e1rio.<\/p>\n<p>Conte\u00fado do kit:<\/p>\n<p>4 se\u00e7\u00f5es de arma\u00e7\u00e3o de alum\u00ednio<br \/>\n4 x cantos de pl\u00e1stico<br \/>\n2 x al\u00e7as de pl\u00e1stico<br \/>\n1 x Fio de borracha<br \/>\n1 x folha de malha transparente<br \/>\n1 x ferramenta de rolo<br \/>\n1 x manual de instru\u00e7\u00f5es<\/p>\n<p>Jumpguard-PRO DIY Aquarium Cover medidas: 120&#215;75 cm<\/p>","protected":false},"excerpt":{"rendered":"<p>Cobertura em Rede para aqu\u00e1rios &#8211; JUMPGUARD DIY AQUARIUM COVER, uma tampa totalmente adapt\u00e1vel \u00e0 maioria dos aqu\u00e1rios existentes. Muitos peixes tendem a saltar para fora do aqu\u00e1rio quando s\u00e3o assustados ou perseguidos por outro peixe; portanto, uma solu\u00e7\u00e3o para evitar a perda de tais peixes deve estar em todas as listas de prioridades. As &hellip;<\/p>\n<p class=\"read-more\"> <a class=\"\" href=\"https:\/\/pfkeepers.com\/english\/product\/d-d-jumpguard-pro-120x75cm-diy-aquarium-cover\/\"> <span class=\"screen-reader-text\">Jumpguard Pro 120x75cm DIY Aquarium Cover, D-D<\/span> Read More &raquo;<\/a><\/p>","protected":false},"featured_media":49471,"template":"","meta":{"site-sidebar-layout":"default","site-content-layout":"","ast-site-content-layout":"default","site-content-style":"default","site-sidebar-style":"default","ast-global-header-display":"","ast-banner-title-visibility":"","ast-main-header-display":"","ast-hfb-above-header-display":"","ast-hfb-below-header-display":"","ast-hfb-mobile-header-display":"","site-post-title":"","ast-breadcrumbs-content":"","ast-featured-img":"","footer-sml-layout":"","theme-transparent-header-meta":"default","adv-header-id-meta":"","stick-header-meta":"","header-above-stick-meta":"","header-main-stick-meta":"","header-below-stick-meta":"","astra-migrate-meta-layouts":"set"},"product_cat":[1741],"product_tag":[832],"_links":{"self":[{"href":"https:\/\/pfkeepers.com\/english\/wp-json\/wp\/v2\/product\/49470"}],"collection":[{"href":"https:\/\/pfkeepers.com\/english\/wp-json\/wp\/v2\/product"}],"about":[{"href":"https:\/\/pfkeepers.com\/english\/wp-json\/wp\/v2\/types\/product"}],"wp:featuredmedia":[{"embeddable":true,"href":"https:\/\/pfkeepers.com\/english\/wp-json\/wp\/v2\/media\/49471"}],"wp:attachment":[{"href":"https:\/\/pfkeepers.com\/english\/wp-json\/wp\/v2\/media?parent=49470"}],"wp:term":[{"taxonomy":"product_cat","embeddable":true,"href":"https:\/\/pfkeepers.com\/english\/wp-json\/wp\/v2\/product_cat?post=49470"},{"taxonomy":"product_tag","embeddable":true,"href":"https:\/\/pfkeepers.com\/english\/wp-json\/wp\/v2\/product_tag?post=49470"}],"curies":[{"name":"wp","href":"https:\/\/api.w.org\/{rel}","templated":true}]}}