{"id":49464,"date":"2024-03-04T13:32:28","date_gmt":"2024-03-04T13:32:28","guid":{"rendered":"https:\/\/pfkeepers.com\/produto\/foam-protection-50-3cm-x-25-3cm-x-0-6cm-waterhome-aquarium-hagen\/"},"modified":"2026-04-19T00:02:52","modified_gmt":"2026-04-19T00:02:52","slug":"foam-protection-50-3cm-x-25-3cm-x-0-6cm-waterhome-aquarium-hagen","status":"publish","type":"product","link":"https:\/\/pfkeepers.com\/english\/product\/foam-protection-50-3cm-x-25-3cm-x-0-6cm-waterhome-aquarium-hagen\/","title":{"rendered":"Colisa Sunset (Macho) &#8211; Colisa lalia"},"content":{"rendered":"<p>NOTA: Imagem ilustrativa, o padr\u00e3o das cores pode n\u00e3o corresponder exactamente \u00e0 fotografia.<\/p>\n<p>Esp\u00e9cie: Trichogaster lalia (Var. Sunset)<\/p>\n<p>Nome comum: Colisa Sunset, Colisa Vermelha<\/p>\n<p>Tamanho dispon\u00edvel: 4 &#8211; 5 cm<\/p>\n<p>Tamanho m\u00e1ximo: 5 &#8211; 8 cm<\/p>\n<p>pH: 6.5 &#8211; 7.5<\/p>\n<p>Dureza: 5 &#8211; 19\u00ba \/ 140 &#8211; 350 ppm<\/p>\n<p>Temperatura: 22 &#8211; 28\u00baC<\/p>\n<p>Alimenta\u00e7\u00e3o: Carn\u00edvoro. No estado selvagem alimenta-se essencialmente de mosquitos, larvas de insecto e zoopl\u00e2ncton. Em cativeiro come bem ra\u00e7\u00e3o seca mas recomenda-se dar comida de boa qualidade e intercalar com congelada, sempre em pouca quantidade. Os bettas s\u00e3o prop\u00edcios a problemas de obstipa\u00e7\u00e3o e digestivos fazendo com que fiquem doentes. <\/p>\n<p>Comportamento: Pac\u00edfico com outros peixes, no entanto, \u00e9 territorial com peixes anabant\u00eddeos, como os gouramis, peixe para\u00edso, bettas e machos da mesma esp\u00e9cie.<\/p>\n<p>Dimorfismo sexual: Os machos s\u00e3o maiores e mais coloridos do que a f\u00eamea, que \u00e9 prateada.<\/p>\n<p>Reprodu\u00e7\u00e3o: Ov\u00edparo. O macho cria o ninho de bolhas, depois de se juntar com a f\u00eamea e envolv\u00ea-la num abra\u00e7o, a f\u00eamea liberta os ovos que o macho recolhe para colocar no ninho de bolhas que fez.<br \/>\n Ser\u00e1 o macho a cuidar dos ovos e das crias, durante uma a duas semanas.<\/p>\n<p>Curiosidade: Tal como os outros anabant\u00eddeos, t\u00eam a capacidade de respirar oxig\u00e9nio atmosf\u00e9rico atrav\u00e9s do seu \u00f3rg\u00e3o acess\u00f3rio conhecido como labirinto. <\/p>\n<p>Tamanho m\u00ednimo de aqu\u00e1rio: 55L<\/p>\n<p>Origem: \u00c1sia<\/p>","protected":false},"excerpt":{"rendered":"<p>NOTA: Imagem ilustrativa, o padr\u00e3o das cores pode n\u00e3o corresponder exactamente \u00e0 fotografia. Esp\u00e9cie: Trichogaster lalia (Var. Sunset) Nome comum: Colisa Sunset, Colisa Vermelha Tamanho dispon\u00edvel: 4 &#8211; 5 cm Tamanho m\u00e1ximo: 5 &#8211; 8 cm pH: 6.5 &#8211; 7.5 Dureza: 5 &#8211; 19\u00ba \/ 140 &#8211; 350 ppm Temperatura: 22 &#8211; 28\u00baC Alimenta\u00e7\u00e3o: Carn\u00edvoro. &hellip;<\/p>\n<p class=\"read-more\"> <a class=\"\" href=\"https:\/\/pfkeepers.com\/english\/product\/foam-protection-50-3cm-x-25-3cm-x-0-6cm-waterhome-aquarium-hagen\/\"> <span class=\"screen-reader-text\">Colisa Sunset (Macho) &#8211; Colisa lalia<\/span> Read More &raquo;<\/a><\/p>","protected":false},"featured_media":357264,"template":"","meta":{"site-sidebar-layout":"default","site-content-layout":"","ast-site-content-layout":"default","site-content-style":"default","site-sidebar-style":"default","ast-global-header-display":"","ast-banner-title-visibility":"","ast-main-header-display":"","ast-hfb-above-header-display":"","ast-hfb-below-header-display":"","ast-hfb-mobile-header-display":"","site-post-title":"","ast-breadcrumbs-content":"","ast-featured-img":"","footer-sml-layout":"","theme-transparent-header-meta":"default","adv-header-id-meta":"","stick-header-meta":"","header-above-stick-meta":"","header-main-stick-meta":"","header-below-stick-meta":"","astra-migrate-meta-layouts":"set"},"product_cat":[1354],"product_tag":[],"_links":{"self":[{"href":"https:\/\/pfkeepers.com\/english\/wp-json\/wp\/v2\/product\/49464"}],"collection":[{"href":"https:\/\/pfkeepers.com\/english\/wp-json\/wp\/v2\/product"}],"about":[{"href":"https:\/\/pfkeepers.com\/english\/wp-json\/wp\/v2\/types\/product"}],"wp:featuredmedia":[{"embeddable":true,"href":"https:\/\/pfkeepers.com\/english\/wp-json\/wp\/v2\/media\/357264"}],"wp:attachment":[{"href":"https:\/\/pfkeepers.com\/english\/wp-json\/wp\/v2\/media?parent=49464"}],"wp:term":[{"taxonomy":"product_cat","embeddable":true,"href":"https:\/\/pfkeepers.com\/english\/wp-json\/wp\/v2\/product_cat?post=49464"},{"taxonomy":"product_tag","embeddable":true,"href":"https:\/\/pfkeepers.com\/english\/wp-json\/wp\/v2\/product_tag?post=49464"}],"curies":[{"name":"wp","href":"https:\/\/api.w.org\/{rel}","templated":true}]}}