{"id":49436,"date":"2024-03-04T13:31:28","date_gmt":"2024-03-04T13:31:28","guid":{"rendered":"https:\/\/pfkeepers.com\/produto\/mag-float-scrape-large-plus-w-scraper-up-to-20mm-glass-aquarium\/"},"modified":"2026-04-19T00:02:23","modified_gmt":"2026-04-19T00:02:23","slug":"mag-float-scrape-large-plus-w-scraper-up-to-20mm-glass-aquarium","status":"publish","type":"product","link":"https:\/\/pfkeepers.com\/english\/product\/mag-float-scrape-large-plus-w-scraper-up-to-20mm-glass-aquarium\/","title":{"rendered":"Mag Float Scrape Large Plus (up to 20mm Glass Aquarium)"},"content":{"rendered":"<p>Mag-Float Scrape Large Plus &#8211; Limpador de \u00edman de vidro com raspador (at\u00e9 20 mm) Limpador de \u00edman flutuante com raspador de a\u00e7o inoxid\u00e1vel remov\u00edvel e substitu\u00edvel apenas para aqu\u00e1rios de vidro de \u00e1gua doce ou salgada. Limpador magn\u00e9tico 2 em 1 que remove algas e remove algas coralinas teimosas. Limpa facilmente algas inc\u00f3modas sem molhar as m\u00e3os. Potentes \u00edmanes de neod\u00edmio criam um forte acoplamento magn\u00e9tico entre as duas metades. Se os \u00edmanes se separarem, o \u00edman de limpeza flutuar\u00e1 na superf\u00edcie para uma f\u00e1cil recupera\u00e7\u00e3o. Adequado para espessuras de vidro at\u00e9 20 mm Dimens\u00f5es dos \u00edmanes aproximadamente: 120 x 60 x 60 mm (C x L x A mm) Dimens\u00f5es totais aproximadamente: 140 x 70 x 60 mm (C x L x A mm) Adequado para espessuras de vidro at\u00e9: 20 mm<\/p>","protected":false},"excerpt":{"rendered":"<p>Mag-Float Scrape Large Plus &#8211; Limpador de \u00edman de vidro com raspador (at\u00e9 20 mm) Limpador de \u00edman flutuante com raspador de a\u00e7o inoxid\u00e1vel remov\u00edvel e substitu\u00edvel apenas para aqu\u00e1rios de vidro de \u00e1gua doce ou salgada. Limpador magn\u00e9tico 2 em 1 que remove algas e remove algas coralinas teimosas. Limpa facilmente algas inc\u00f3modas sem &hellip;<\/p>\n<p class=\"read-more\"> <a class=\"\" href=\"https:\/\/pfkeepers.com\/english\/product\/mag-float-scrape-large-plus-w-scraper-up-to-20mm-glass-aquarium\/\"> <span class=\"screen-reader-text\">Mag Float Scrape Large Plus (up to 20mm Glass Aquarium)<\/span> Read More &raquo;<\/a><\/p>","protected":false},"featured_media":49437,"template":"","meta":{"site-sidebar-layout":"default","site-content-layout":"","ast-site-content-layout":"","site-content-style":"default","site-sidebar-style":"default","ast-global-header-display":"","ast-banner-title-visibility":"","ast-main-header-display":"","ast-hfb-above-header-display":"","ast-hfb-below-header-display":"","ast-hfb-mobile-header-display":"","site-post-title":"","ast-breadcrumbs-content":"","ast-featured-img":"","footer-sml-layout":"","theme-transparent-header-meta":"","adv-header-id-meta":"","stick-header-meta":"","header-above-stick-meta":"","header-main-stick-meta":"","header-below-stick-meta":"","astra-migrate-meta-layouts":""},"product_cat":[1569],"product_tag":[938],"_links":{"self":[{"href":"https:\/\/pfkeepers.com\/english\/wp-json\/wp\/v2\/product\/49436"}],"collection":[{"href":"https:\/\/pfkeepers.com\/english\/wp-json\/wp\/v2\/product"}],"about":[{"href":"https:\/\/pfkeepers.com\/english\/wp-json\/wp\/v2\/types\/product"}],"wp:featuredmedia":[{"embeddable":true,"href":"https:\/\/pfkeepers.com\/english\/wp-json\/wp\/v2\/media\/49437"}],"wp:attachment":[{"href":"https:\/\/pfkeepers.com\/english\/wp-json\/wp\/v2\/media?parent=49436"}],"wp:term":[{"taxonomy":"product_cat","embeddable":true,"href":"https:\/\/pfkeepers.com\/english\/wp-json\/wp\/v2\/product_cat?post=49436"},{"taxonomy":"product_tag","embeddable":true,"href":"https:\/\/pfkeepers.com\/english\/wp-json\/wp\/v2\/product_tag?post=49436"}],"curies":[{"name":"wp","href":"https:\/\/api.w.org\/{rel}","templated":true}]}}