{"id":49396,"date":"2024-03-04T13:30:23","date_gmt":"2024-03-04T13:30:23","guid":{"rendered":"https:\/\/pfkeepers.com\/produto\/red-sea-skimmer-600\/"},"modified":"2026-04-18T02:46:48","modified_gmt":"2026-04-18T02:46:48","slug":"red-sea-skimmer-600","status":"publish","type":"product","link":"https:\/\/pfkeepers.com\/english\/product\/red-sea-skimmer-600\/","title":{"rendered":"Red Sea REEFER SKIMMER 600 &#8211; WITH DC PUMP (W\/O CONTROLLER) &#8211; Novo Modelo"},"content":{"rendered":"<p>Caracter\u00edsticas:<\/p>\n<p>56 cm \/ 22\u201d<br \/>\nHeight<\/p>\n<p>PSK DC-1200<br \/>\nSicce pump<\/p>\n<p>750\/195<br \/>\nAir flow (lph\/gph)<\/p>\n<p>1500\/400<br \/>\nWater flow (lph\/gph)<\/p>\n<p>25W<br \/>\nPower consumption<\/p>\n<p>A c\u00e2mara de difus\u00e3o ergon\u00f4mica dispersa uniformemente as bolhas finas criadas pela bomba PSK atrav\u00e9s do cone do skimmer, sem reduzir o fluxo de ar ou \u00e1gua.<br \/>\nOpera\u00e7\u00e3o silenciosa, com componentes de absor\u00e7\u00e3o de vibra\u00e7\u00e3o e um grande silenciador de entrada de ar.<br \/>\n3 op\u00e7\u00f5es de montagem para posicionamento flex\u00edvel da entrada da bomba e v\u00e1lvula de regulagem, de acordo com o seu reservat\u00f3rio.<br \/>\nJanela FoamView \u2122 no copo de coleta para monitorar e ajustar facilmente a altura da espuma.<br \/>\nLimpador de pesco\u00e7o manual integrado.<br \/>\nV\u00e1lvula com engrenagem de precis\u00e3o para regula\u00e7\u00e3o positiva do fluxo.<br \/>\nSuporte de bomba de libera\u00e7\u00e3o r\u00e1pida para facilidade de manuten\u00e7\u00e3o.<br \/>\nPorta de drenagem com mangueira valvulada de 1m.<\/p>","protected":false},"excerpt":{"rendered":"<p>Caracter\u00edsticas: 56 cm \/ 22\u201d Height PSK DC-1200 Sicce pump 750\/195 Air flow (lph\/gph) 1500\/400 Water flow (lph\/gph) 25W Power consumption A c\u00e2mara de difus\u00e3o ergon\u00f4mica dispersa uniformemente as bolhas finas criadas pela bomba PSK atrav\u00e9s do cone do skimmer, sem reduzir o fluxo de ar ou \u00e1gua. Opera\u00e7\u00e3o silenciosa, com componentes de absor\u00e7\u00e3o de &hellip;<\/p>\n<p class=\"read-more\"> <a class=\"\" href=\"https:\/\/pfkeepers.com\/english\/product\/red-sea-skimmer-600\/\"> <span class=\"screen-reader-text\">Red Sea REEFER SKIMMER 600 &#8211; WITH DC PUMP (W\/O CONTROLLER) &#8211; Novo Modelo<\/span> Read More &raquo;<\/a><\/p>","protected":false},"featured_media":49397,"template":"","meta":{"site-sidebar-layout":"default","site-content-layout":"","ast-site-content-layout":"","site-content-style":"default","site-sidebar-style":"default","ast-global-header-display":"","ast-banner-title-visibility":"","ast-main-header-display":"","ast-hfb-above-header-display":"","ast-hfb-below-header-display":"","ast-hfb-mobile-header-display":"","site-post-title":"","ast-breadcrumbs-content":"","ast-featured-img":"","footer-sml-layout":"","theme-transparent-header-meta":"","adv-header-id-meta":"","stick-header-meta":"","header-above-stick-meta":"","header-main-stick-meta":"","header-below-stick-meta":"","astra-migrate-meta-layouts":""},"product_cat":[1409],"product_tag":[1010],"_links":{"self":[{"href":"https:\/\/pfkeepers.com\/english\/wp-json\/wp\/v2\/product\/49396"}],"collection":[{"href":"https:\/\/pfkeepers.com\/english\/wp-json\/wp\/v2\/product"}],"about":[{"href":"https:\/\/pfkeepers.com\/english\/wp-json\/wp\/v2\/types\/product"}],"wp:featuredmedia":[{"embeddable":true,"href":"https:\/\/pfkeepers.com\/english\/wp-json\/wp\/v2\/media\/49397"}],"wp:attachment":[{"href":"https:\/\/pfkeepers.com\/english\/wp-json\/wp\/v2\/media?parent=49396"}],"wp:term":[{"taxonomy":"product_cat","embeddable":true,"href":"https:\/\/pfkeepers.com\/english\/wp-json\/wp\/v2\/product_cat?post=49396"},{"taxonomy":"product_tag","embeddable":true,"href":"https:\/\/pfkeepers.com\/english\/wp-json\/wp\/v2\/product_tag?post=49396"}],"curies":[{"name":"wp","href":"https:\/\/api.w.org\/{rel}","templated":true}]}}