{"id":49307,"date":"2024-03-04T13:27:59","date_gmt":"2024-03-04T13:27:59","guid":{"rendered":"https:\/\/pfkeepers.com\/produto\/orange-marble-snail-babylonia-formosae\/"},"modified":"2026-04-19T00:01:07","modified_gmt":"2026-04-19T00:01:07","slug":"orange-marble-snail-babylonia-formosae","status":"publish","type":"product","link":"https:\/\/pfkeepers.com\/english\/product\/orange-marble-snail-babylonia-formosae\/","title":{"rendered":"Orange Marble Snail &#8211; Babylonia formosae"},"content":{"rendered":"<p>N\u00edvel de Cuidado: F\u00e1cil<\/p>\n<p>Temperamento: Pac\u00edfico<\/p>\n<p>Dieta: Detritus, On\u00edvoro<\/p>\n<p>Compat\u00edvel com Recife: Sim<\/p>\n<p>Condi\u00e7\u00f5es da \u00e1gua: 72-78 \u00b0 F, dKH 8-12, pH 8.1-8.4, sg 1.023-1.025<\/p>\n<p>Origem: Indon\u00e9sia<\/p>\n<p>Os carac\u00f3is Babylon tamb\u00e9m s\u00e3o chamados de caracol Leopard ou Tiger Nassarius. Esses carac\u00f3is maiores s\u00e3o um \u00f3timo complemento para os peixes ou aqu\u00e1rio de recife que utiliza um leito de areia. Os carac\u00f3is Babylon s\u00e3o animais noturnos e normalmente s\u00e3o vis\u00edveis no final do dia ou \u00e0 noite, depois que as luzes se apagam no visor. Esses carac\u00f3is ben\u00e9ficos ajudam a limpar e arejar o substrato arenoso e a procurar alimentos n\u00e3o consumidos e produtos org\u00e2nicos em decomposi\u00e7\u00e3o de maneira semelhante aos carac\u00f3is Nassarius.<br \/>\nO Babylon Snail pode crescer at\u00e9 cerca de 10 cm e se sair bem em todos os tamanhos de aqu\u00e1rios que cont\u00eam peixes ou outros animais que requerem alimenta\u00e7\u00e3o suplementar de alimentos carnudos. Foi relatado que esses carac\u00f3is atacam gastr\u00f3podes (carac\u00f3is), mas n\u00e3o experimentamos esse comportamento em nossas instala\u00e7\u00f5es de vida aqu\u00e1tica de corais e aqu\u00e1ticos, uma vez que os mantemos em uma variedade de aqu\u00e1rios que cont\u00eam substrato arenoso e nunca observamos esse comportamento em primeira m\u00e3o.No entanto, eles atacam bivalves como pequenas am\u00eaijoas; o aqu\u00e1rio em casa.<\/p>\n<p>Os carac\u00f3is da Babylon limpam on\u00edvoros e n\u00e3o ingerem alimentos, deteriorando os org\u00e2nicos e os detritos. Ofere\u00e7a pequenos peda\u00e7os de peixe fresco picado ou krill e alimentos congelados carnudos de alta qualidade para complementar o que eles ir\u00e3o alimentar do fundo do tanque.<\/p>","protected":false},"excerpt":{"rendered":"<p>N\u00edvel de Cuidado: F\u00e1cil Temperamento: Pac\u00edfico Dieta: Detritus, On\u00edvoro Compat\u00edvel com Recife: Sim Condi\u00e7\u00f5es da \u00e1gua: 72-78 \u00b0 F, dKH 8-12, pH 8.1-8.4, sg 1.023-1.025 Origem: Indon\u00e9sia Os carac\u00f3is Babylon tamb\u00e9m s\u00e3o chamados de caracol Leopard ou Tiger Nassarius. Esses carac\u00f3is maiores s\u00e3o um \u00f3timo complemento para os peixes ou aqu\u00e1rio de recife que utiliza &hellip;<\/p>\n<p class=\"read-more\"> <a class=\"\" href=\"https:\/\/pfkeepers.com\/english\/product\/orange-marble-snail-babylonia-formosae\/\"> <span class=\"screen-reader-text\">Orange Marble Snail &#8211; Babylonia formosae<\/span> Read More &raquo;<\/a><\/p>","protected":false},"featured_media":49308,"template":"","meta":{"site-sidebar-layout":"default","site-content-layout":"","ast-site-content-layout":"","site-content-style":"default","site-sidebar-style":"default","ast-global-header-display":"","ast-banner-title-visibility":"","ast-main-header-display":"","ast-hfb-above-header-display":"","ast-hfb-below-header-display":"","ast-hfb-mobile-header-display":"","site-post-title":"","ast-breadcrumbs-content":"","ast-featured-img":"","footer-sml-layout":"","theme-transparent-header-meta":"","adv-header-id-meta":"","stick-header-meta":"","header-above-stick-meta":"","header-main-stick-meta":"","header-below-stick-meta":"","astra-migrate-meta-layouts":""},"product_cat":[1356],"product_tag":[],"_links":{"self":[{"href":"https:\/\/pfkeepers.com\/english\/wp-json\/wp\/v2\/product\/49307"}],"collection":[{"href":"https:\/\/pfkeepers.com\/english\/wp-json\/wp\/v2\/product"}],"about":[{"href":"https:\/\/pfkeepers.com\/english\/wp-json\/wp\/v2\/types\/product"}],"wp:featuredmedia":[{"embeddable":true,"href":"https:\/\/pfkeepers.com\/english\/wp-json\/wp\/v2\/media\/49308"}],"wp:attachment":[{"href":"https:\/\/pfkeepers.com\/english\/wp-json\/wp\/v2\/media?parent=49307"}],"wp:term":[{"taxonomy":"product_cat","embeddable":true,"href":"https:\/\/pfkeepers.com\/english\/wp-json\/wp\/v2\/product_cat?post=49307"},{"taxonomy":"product_tag","embeddable":true,"href":"https:\/\/pfkeepers.com\/english\/wp-json\/wp\/v2\/product_tag?post=49307"}],"curies":[{"name":"wp","href":"https:\/\/api.w.org\/{rel}","templated":true}]}}