{"id":49295,"date":"2024-03-04T13:27:39","date_gmt":"2024-03-04T13:27:39","guid":{"rendered":"https:\/\/pfkeepers.com\/produto\/banded-boxing-shrimp-stenopus-hispidus-sm\/"},"modified":"2026-04-19T00:00:55","modified_gmt":"2026-04-19T00:00:55","slug":"banded-boxing-shrimp-stenopus-hispidus-sm","status":"publish","type":"product","link":"https:\/\/pfkeepers.com\/english\/product\/banded-boxing-shrimp-stenopus-hispidus-sm\/","title":{"rendered":"Banded Boxing Shrimp &#8211; Stenopus hispidus"},"content":{"rendered":"<p>N\u00edvel de Cuidado: F\u00e1cil<\/p>\n<p>Temperamento: Semi-agressivo<\/p>\n<p>Dieta: Carn\u00edvoro<\/p>\n<p>Compat\u00edvel com Recife: Sim<\/p>\n<p>Condi\u00e7\u00f5es da \u00e1gua: 72-78 \u00b0 F, dKH 8-12, pH 8.1-8.4, sg 1.023-1.025<\/p>\n<p>Origem: Caribe, Cebu, Hawai, Indon\u00e9sia, Sri Lanka, Sumatra<\/p>\n<p>Fam\u00edlia: Stenopodidae<\/p>\n<p>Suplementos: c\u00e1lcio, magn\u00e9sio, iodo, oligoelementos<\/p>","protected":false},"excerpt":{"rendered":"<p>N\u00edvel de Cuidado: F\u00e1cil Temperamento: Semi-agressivo Dieta: Carn\u00edvoro Compat\u00edvel com Recife: Sim Condi\u00e7\u00f5es da \u00e1gua: 72-78 \u00b0 F, dKH 8-12, pH 8.1-8.4, sg 1.023-1.025 Origem: Caribe, Cebu, Hawai, Indon\u00e9sia, Sri Lanka, Sumatra Fam\u00edlia: Stenopodidae Suplementos: c\u00e1lcio, magn\u00e9sio, iodo, oligoelementos<\/p>","protected":false},"featured_media":49296,"template":"","meta":{"site-sidebar-layout":"default","site-content-layout":"","ast-site-content-layout":"default","site-content-style":"default","site-sidebar-style":"default","ast-global-header-display":"","ast-banner-title-visibility":"","ast-main-header-display":"","ast-hfb-above-header-display":"","ast-hfb-below-header-display":"","ast-hfb-mobile-header-display":"","site-post-title":"","ast-breadcrumbs-content":"","ast-featured-img":"","footer-sml-layout":"","theme-transparent-header-meta":"default","adv-header-id-meta":"","stick-header-meta":"","header-above-stick-meta":"","header-main-stick-meta":"","header-below-stick-meta":"","astra-migrate-meta-layouts":"set"},"product_cat":[1356],"product_tag":[],"_links":{"self":[{"href":"https:\/\/pfkeepers.com\/english\/wp-json\/wp\/v2\/product\/49295"}],"collection":[{"href":"https:\/\/pfkeepers.com\/english\/wp-json\/wp\/v2\/product"}],"about":[{"href":"https:\/\/pfkeepers.com\/english\/wp-json\/wp\/v2\/types\/product"}],"wp:featuredmedia":[{"embeddable":true,"href":"https:\/\/pfkeepers.com\/english\/wp-json\/wp\/v2\/media\/49296"}],"wp:attachment":[{"href":"https:\/\/pfkeepers.com\/english\/wp-json\/wp\/v2\/media?parent=49295"}],"wp:term":[{"taxonomy":"product_cat","embeddable":true,"href":"https:\/\/pfkeepers.com\/english\/wp-json\/wp\/v2\/product_cat?post=49295"},{"taxonomy":"product_tag","embeddable":true,"href":"https:\/\/pfkeepers.com\/english\/wp-json\/wp\/v2\/product_tag?post=49295"}],"curies":[{"name":"wp","href":"https:\/\/api.w.org\/{rel}","templated":true}]}}