{"id":49285,"date":"2024-03-04T13:27:23","date_gmt":"2024-03-04T13:27:23","guid":{"rendered":"https:\/\/pfkeepers.com\/produto\/pygmy-basslet-orchid-tank-bred-pseudochromis-fridmani\/"},"modified":"2026-04-19T00:00:43","modified_gmt":"2026-04-19T00:00:43","slug":"pygmy-basslet-orchid-tank-bred-pseudochromis-fridmani","status":"publish","type":"product","link":"https:\/\/pfkeepers.com\/english\/product\/pygmy-basslet-orchid-tank-bred-pseudochromis-fridmani\/","title":{"rendered":"Pygmy Basslet Orchid (Tank bred) &#8211; Pseudochromis fridmani"},"content":{"rendered":"<p>N\u00edvel de Cuidado: F\u00e1cil<\/p>\n<p>Temperamento: Semi-agressivo<\/p>\n<p>Dieta: Carn\u00edvoro<\/p>\n<p>Compat\u00edvel com Recife: Sim<\/p>\n<p>Condi\u00e7\u00f5es da \u00e1gua: 72-78 \u00b0 F, dKH 8-12, pH 8,1-8,4, sg 1.020-1.025<\/p>\n<p>Origem: Mar Vermelho<\/p>\n<p>Fam\u00edlia: Pseudochromidae<\/p>\n<p>O Orchid Dottyback, tamb\u00e9m conhecido como Fridman&#8217;s Dottyback ou Fridman&#8217;s Pseudochromis, \u00e9 um excelente complemento para a maioria dos tanques de recife. Este lindo peixe colorido tem uma personalidade maravilhosa no aqu\u00e1rio e certamente se tornar\u00e1 o favorito do aqu\u00e1rio. Os Dottybacks cor de orqu\u00eddeas s\u00e3o encontrados apenas no Mar Vermelho. Eles podem ser encontrados em col\u00f4nias pr\u00f3ximas \u00e0s bordas, onde podem entrar e sair para se alimentar do zoopl\u00e2ncton que passa.<\/p>\n<p>Um aqu\u00e1rio de 30 litros ou mais, com in\u00fameros esconderijos, deve ser fornecido. Ele tender\u00e1 a nadar ao ar livre depois de se acostumar com seu novo ambiente. Ocasionalmente, pode perseguir peixes menores, mas defender\u00e1 seus esconderijos dos intrusos. Ele se alimenta de pragas, como pequenos camar\u00f5es mantis e bristleworms, tornando este peixe ideal para o aqu\u00e1rio de corais. Se mais de um Pseudochromis forem mantidos juntos no aqu\u00e1rio, \u00e9 importante adicion\u00e1-los ao mesmo tempo.<\/p>\n<p>O Orchid Dottyback deve ser alimentado com uma dieta variada, composta por alimentos projetados especificamente para carn\u00edvoros. Se mantido em um aqu\u00e1rio de corais, o Orchid Dottyback deve ser alimentado uma vez por dia.<\/p>","protected":false},"excerpt":{"rendered":"<div class=\"ast-oembed-container\" style=\"height: 100%\"><\/div>\n<div class=\"ast-oembed-container\" style=\"height: 100%\"><\/div>\n<div class=\"ast-oembed-container\" style=\"height: 100%\"><\/div>","protected":false},"featured_media":49286,"template":"","meta":{"site-sidebar-layout":"default","site-content-layout":"","ast-site-content-layout":"default","site-content-style":"default","site-sidebar-style":"default","ast-global-header-display":"","ast-banner-title-visibility":"","ast-main-header-display":"","ast-hfb-above-header-display":"","ast-hfb-below-header-display":"","ast-hfb-mobile-header-display":"","site-post-title":"","ast-breadcrumbs-content":"","ast-featured-img":"","footer-sml-layout":"","theme-transparent-header-meta":"default","adv-header-id-meta":"","stick-header-meta":"","header-above-stick-meta":"","header-main-stick-meta":"","header-below-stick-meta":"","astra-migrate-meta-layouts":"set"},"product_cat":[1355],"product_tag":[],"_links":{"self":[{"href":"https:\/\/pfkeepers.com\/english\/wp-json\/wp\/v2\/product\/49285"}],"collection":[{"href":"https:\/\/pfkeepers.com\/english\/wp-json\/wp\/v2\/product"}],"about":[{"href":"https:\/\/pfkeepers.com\/english\/wp-json\/wp\/v2\/types\/product"}],"wp:featuredmedia":[{"embeddable":true,"href":"https:\/\/pfkeepers.com\/english\/wp-json\/wp\/v2\/media\/49286"}],"wp:attachment":[{"href":"https:\/\/pfkeepers.com\/english\/wp-json\/wp\/v2\/media?parent=49285"}],"wp:term":[{"taxonomy":"product_cat","embeddable":true,"href":"https:\/\/pfkeepers.com\/english\/wp-json\/wp\/v2\/product_cat?post=49285"},{"taxonomy":"product_tag","embeddable":true,"href":"https:\/\/pfkeepers.com\/english\/wp-json\/wp\/v2\/product_tag?post=49285"}],"curies":[{"name":"wp","href":"https:\/\/api.w.org\/{rel}","templated":true}]}}