{"id":49249,"date":"2024-03-04T13:26:24","date_gmt":"2024-03-04T13:26:24","guid":{"rendered":"https:\/\/pfkeepers.com\/produto\/cryptocoryne-beckettii-petchii-tropica-plant\/"},"modified":"2026-04-19T00:00:08","modified_gmt":"2026-04-19T00:00:08","slug":"cryptocoryne-beckettii-petchii-tropica-plant","status":"publish","type":"product","link":"https:\/\/pfkeepers.com\/english\/product\/cryptocoryne-beckettii-petchii-tropica-plant\/","title":{"rendered":"Cryptocoryne beckettii &#8216;Petchii&#8217; Tropica"},"content":{"rendered":"<p>Cryptocoryne beckettii &#8216;Petchii&#8217; \u00e9 uma pequena variedade de Cryptocoryne beckettii do Sri Lanka, que tem belas margens de folhas levemente caneladas, com 10-15 cm de comprimento. As folhas tornam-se marrom-oliva escuras com a parte inferior violeta. Como muitos outros Cryptocorynes, a cor e a forma das folhas dependem em grande parte das condi\u00e7\u00f5es ambientais do aqu\u00e1rio.<\/p>\n<p>Informa\u00e7\u00f5es da planta:<\/p>\n<p>Tipo: Rosulado<br \/>\nOrigem: \u00c1sia<br \/>\nTaxa de crescimento: m\u00e9dia<br \/>\nAltura: 10 &#8211; 15+<br \/>\nDemanda de luz: Baixa<br \/>\nCO2: Baixo<\/p>","protected":false},"excerpt":{"rendered":"<p>Cryptocoryne beckettii &#8216;Petchii&#8217; \u00e9 uma pequena variedade de Cryptocoryne beckettii do Sri Lanka, que tem belas margens de folhas levemente caneladas, com 10-15 cm de comprimento. As folhas tornam-se marrom-oliva escuras com a parte inferior violeta. Como muitos outros Cryptocorynes, a cor e a forma das folhas dependem em grande parte das condi\u00e7\u00f5es ambientais do &hellip;<\/p>\n<p class=\"read-more\"> <a class=\"\" href=\"https:\/\/pfkeepers.com\/english\/product\/cryptocoryne-beckettii-petchii-tropica-plant\/\"> <span class=\"screen-reader-text\">Cryptocoryne beckettii &#8216;Petchii&#8217; Tropica<\/span> Read More &raquo;<\/a><\/p>","protected":false},"featured_media":49250,"template":"","meta":{"site-sidebar-layout":"default","site-content-layout":"","ast-site-content-layout":"default","site-content-style":"default","site-sidebar-style":"default","ast-global-header-display":"","ast-banner-title-visibility":"","ast-main-header-display":"","ast-hfb-above-header-display":"","ast-hfb-below-header-display":"","ast-hfb-mobile-header-display":"","site-post-title":"","ast-breadcrumbs-content":"","ast-featured-img":"","footer-sml-layout":"","theme-transparent-header-meta":"default","adv-header-id-meta":"","stick-header-meta":"","header-above-stick-meta":"","header-main-stick-meta":"","header-below-stick-meta":"","astra-migrate-meta-layouts":"set"},"product_cat":[1511],"product_tag":[1064],"_links":{"self":[{"href":"https:\/\/pfkeepers.com\/english\/wp-json\/wp\/v2\/product\/49249"}],"collection":[{"href":"https:\/\/pfkeepers.com\/english\/wp-json\/wp\/v2\/product"}],"about":[{"href":"https:\/\/pfkeepers.com\/english\/wp-json\/wp\/v2\/types\/product"}],"wp:featuredmedia":[{"embeddable":true,"href":"https:\/\/pfkeepers.com\/english\/wp-json\/wp\/v2\/media\/49250"}],"wp:attachment":[{"href":"https:\/\/pfkeepers.com\/english\/wp-json\/wp\/v2\/media?parent=49249"}],"wp:term":[{"taxonomy":"product_cat","embeddable":true,"href":"https:\/\/pfkeepers.com\/english\/wp-json\/wp\/v2\/product_cat?post=49249"},{"taxonomy":"product_tag","embeddable":true,"href":"https:\/\/pfkeepers.com\/english\/wp-json\/wp\/v2\/product_tag?post=49249"}],"curies":[{"name":"wp","href":"https:\/\/api.w.org\/{rel}","templated":true}]}}