{"id":49233,"date":"2024-03-04T13:26:00","date_gmt":"2024-03-04T13:26:00","guid":{"rendered":"https:\/\/pfkeepers.com\/produto\/blue-cheek-goby-valenciennea-strigata\/"},"modified":"2026-04-18T23:59:55","modified_gmt":"2026-04-18T23:59:55","slug":"blue-cheek-goby-valenciennea-strigata","status":"publish","type":"product","link":"https:\/\/pfkeepers.com\/english\/product\/blue-cheek-goby-valenciennea-strigata\/","title":{"rendered":"Blue Cheek Goby &#8211; Valenciennea strigata"},"content":{"rendered":"<p>N\u00edvel de cuidado: moderado<\/p>\n<p>Temperamento: pac\u00edfico<\/p>\n<p>Dieta: Carn\u00edvoro<\/p>\n<p>Compat\u00edvel com recife: Sim<\/p>\n<p>O Sleeper Gold Head Goby \u00e9 conhecido por muitos nomes, incluindo Pennant Glider, Yellowheaded ou Golden Head Sleeper, ou Blueband, Bluestreak ou Yellowheaded Sleeper Goby. Sua cabe\u00e7a \u00e9 amarelo-ouro com uma faixa azul safira abaixo dos olhos, e o resto do corpo \u00e9 quase branco.<br \/>\nPara ser bem cuidado, deve ser alojado em um aqu\u00e1rio de 30 gal\u00f5es ou maior com areia viva como substrato e um ref\u00fagio povoado anexo. Um dossel bem vedado deve ser fornecido. Raramente se tornar\u00e1 agressivo com outros peixes, mas \u00e9 territorial e lutar\u00e1 com sua pr\u00f3pria esp\u00e9cie, a menos que sejam um casal acasalado.<\/p>\n<p>Alimenta-se do fundo \u00e0 medida que penetra na areia comendo bocados de substrato e o alimento que vive dentro da areia, mantendo o substrato bem oxigenado. O Sleeper Gold Head Goby se alimenta de uma variedade de art\u00e9mia viva e congelada, camar\u00e3o mysis, vermes negros vivos e alimentos preparados para carn\u00edvoros, e deve ser alimentado com freq\u00fc\u00eancia.<\/p>","protected":false},"excerpt":{"rendered":"<p>N\u00edvel de cuidado: moderado Temperamento: pac\u00edfico Dieta: Carn\u00edvoro Compat\u00edvel com recife: Sim O Sleeper Gold Head Goby \u00e9 conhecido por muitos nomes, incluindo Pennant Glider, Yellowheaded ou Golden Head Sleeper, ou Blueband, Bluestreak ou Yellowheaded Sleeper Goby. Sua cabe\u00e7a \u00e9 amarelo-ouro com uma faixa azul safira abaixo dos olhos, e o resto do corpo \u00e9 &hellip;<\/p>\n<p class=\"read-more\"> <a class=\"\" href=\"https:\/\/pfkeepers.com\/english\/product\/blue-cheek-goby-valenciennea-strigata\/\"> <span class=\"screen-reader-text\">Blue Cheek Goby &#8211; Valenciennea strigata<\/span> Read More &raquo;<\/a><\/p>","protected":false},"featured_media":49234,"template":"","meta":{"site-sidebar-layout":"default","site-content-layout":"","ast-site-content-layout":"default","site-content-style":"default","site-sidebar-style":"default","ast-global-header-display":"","ast-banner-title-visibility":"","ast-main-header-display":"","ast-hfb-above-header-display":"","ast-hfb-below-header-display":"","ast-hfb-mobile-header-display":"","site-post-title":"","ast-breadcrumbs-content":"","ast-featured-img":"","footer-sml-layout":"","theme-transparent-header-meta":"default","adv-header-id-meta":"","stick-header-meta":"","header-above-stick-meta":"","header-main-stick-meta":"","header-below-stick-meta":"","astra-migrate-meta-layouts":"set"},"product_cat":[1355],"product_tag":[],"_links":{"self":[{"href":"https:\/\/pfkeepers.com\/english\/wp-json\/wp\/v2\/product\/49233"}],"collection":[{"href":"https:\/\/pfkeepers.com\/english\/wp-json\/wp\/v2\/product"}],"about":[{"href":"https:\/\/pfkeepers.com\/english\/wp-json\/wp\/v2\/types\/product"}],"wp:featuredmedia":[{"embeddable":true,"href":"https:\/\/pfkeepers.com\/english\/wp-json\/wp\/v2\/media\/49234"}],"wp:attachment":[{"href":"https:\/\/pfkeepers.com\/english\/wp-json\/wp\/v2\/media?parent=49233"}],"wp:term":[{"taxonomy":"product_cat","embeddable":true,"href":"https:\/\/pfkeepers.com\/english\/wp-json\/wp\/v2\/product_cat?post=49233"},{"taxonomy":"product_tag","embeddable":true,"href":"https:\/\/pfkeepers.com\/english\/wp-json\/wp\/v2\/product_tag?post=49233"}],"curies":[{"name":"wp","href":"https:\/\/api.w.org\/{rel}","templated":true}]}}