{"id":49227,"date":"2024-03-04T13:25:40","date_gmt":"2024-03-04T13:25:40","guid":{"rendered":"https:\/\/pfkeepers.com\/produto\/emerald-crab-mithraculus-sculptus\/"},"modified":"2026-04-18T23:59:49","modified_gmt":"2026-04-18T23:59:49","slug":"emerald-crab-mithraculus-sculptus","status":"publish","type":"product","link":"https:\/\/pfkeepers.com\/english\/product\/emerald-crab-mithraculus-sculptus\/","title":{"rendered":"Emerald Crab &#8211; Mithraculus sculptus"},"content":{"rendered":"<p>N\u00edvel de cuidado: F\u00e1cil<\/p>\n<p>Temperamento: Semi-agressivo<\/p>\n<p>Dieta: Omn\u00edvoro<\/p>\n<p>Compat\u00edvel com recife: Sim<\/p>\n<p>O caranguejo esmeralda \u00e9 muito respeitado por sua capacidade de elimina\u00e7\u00e3o. Alimenta-se com entusiasmo de alimentos carnudos n\u00e3o consumidos e de muitos tipos de algas indesej\u00e1veis. Ao contr\u00e1rio de muitos outros animais, Mithraculus sculptus come algas bolhas e ajuda a limpar o seu aqu\u00e1rio dessas algas. Seu distinto corpo verde brilhante e liso e suas pernas peludas identificam facilmente o Caranguejo Esmeralda.<br \/>\nNativo dos recifes do Caribe, o Caranguejo Esmeralda \u00e9 noturno e se esconde em cavernas e entulho durante o dia. No aqu\u00e1rio dom\u00e9stico, este membro da fam\u00edlia Majidae requer um aqu\u00e1rio bem estabelecido, com muitos trabalhos em pedra e esconderijos. Uma vez familiarizado com os arredores, o Caranguejo Esmeralda se aventurar\u00e1 a sair do esconderijo durante o dia para procurar algas.<\/p>\n<p>\u00c9 preciso ter cuidado para garantir que um amplo suprimento de alimentos esteja dispon\u00edvel para o Caranguejo Esmeralda. Muitos aquaristas complementam a dieta do Emerald Crab com algas marinhas secas e alimentos carnudos picados, como camar\u00e3o, bem como ra\u00e7\u00e3o de qualidade para peixes.<\/p>\n<p>Caso contr\u00e1rio, este alimentador oportunista pode recorrer a corais, invertebrados ou pequenos peixes como fonte de alimento. No entanto, quando bem alimentados, a maioria dos caranguejos esmeraldas s\u00e3o muito tolerantes com seus companheiros de tanque e altamente compat\u00edveis em ambientes de recife. Como outros invertebrados, o caranguejo esmeralda n\u00e3o tolera medicamentos \u00e0 base de cobre ou par\u00e2metros flutuantes da \u00e1gua.<\/p>","protected":false},"excerpt":{"rendered":"<p>N\u00edvel de cuidado: F\u00e1cil Temperamento: Semi-agressivo Dieta: Omn\u00edvoro Compat\u00edvel com recife: Sim O caranguejo esmeralda \u00e9 muito respeitado por sua capacidade de elimina\u00e7\u00e3o. Alimenta-se com entusiasmo de alimentos carnudos n\u00e3o consumidos e de muitos tipos de algas indesej\u00e1veis. Ao contr\u00e1rio de muitos outros animais, Mithraculus sculptus come algas bolhas e ajuda a limpar o seu &hellip;<\/p>\n<p class=\"read-more\"> <a class=\"\" href=\"https:\/\/pfkeepers.com\/english\/product\/emerald-crab-mithraculus-sculptus\/\"> <span class=\"screen-reader-text\">Emerald Crab &#8211; Mithraculus sculptus<\/span> Read More &raquo;<\/a><\/p>","protected":false},"featured_media":49228,"template":"","meta":{"site-sidebar-layout":"default","site-content-layout":"","ast-site-content-layout":"","site-content-style":"default","site-sidebar-style":"default","ast-global-header-display":"","ast-banner-title-visibility":"","ast-main-header-display":"","ast-hfb-above-header-display":"","ast-hfb-below-header-display":"","ast-hfb-mobile-header-display":"","site-post-title":"","ast-breadcrumbs-content":"","ast-featured-img":"","footer-sml-layout":"","theme-transparent-header-meta":"","adv-header-id-meta":"","stick-header-meta":"","header-above-stick-meta":"","header-main-stick-meta":"","header-below-stick-meta":"","astra-migrate-meta-layouts":""},"product_cat":[1356],"product_tag":[],"_links":{"self":[{"href":"https:\/\/pfkeepers.com\/english\/wp-json\/wp\/v2\/product\/49227"}],"collection":[{"href":"https:\/\/pfkeepers.com\/english\/wp-json\/wp\/v2\/product"}],"about":[{"href":"https:\/\/pfkeepers.com\/english\/wp-json\/wp\/v2\/types\/product"}],"wp:featuredmedia":[{"embeddable":true,"href":"https:\/\/pfkeepers.com\/english\/wp-json\/wp\/v2\/media\/49228"}],"wp:attachment":[{"href":"https:\/\/pfkeepers.com\/english\/wp-json\/wp\/v2\/media?parent=49227"}],"wp:term":[{"taxonomy":"product_cat","embeddable":true,"href":"https:\/\/pfkeepers.com\/english\/wp-json\/wp\/v2\/product_cat?post=49227"},{"taxonomy":"product_tag","embeddable":true,"href":"https:\/\/pfkeepers.com\/english\/wp-json\/wp\/v2\/product_tag?post=49227"}],"curies":[{"name":"wp","href":"https:\/\/api.w.org\/{rel}","templated":true}]}}