{"id":49221,"date":"2024-03-04T13:25:30","date_gmt":"2024-03-04T13:25:30","guid":{"rendered":"https:\/\/pfkeepers.com\/produto\/red-starfish-fromia-indica\/"},"modified":"2026-04-18T23:59:43","modified_gmt":"2026-04-18T23:59:43","slug":"red-starfish-fromia-indica","status":"publish","type":"product","link":"https:\/\/pfkeepers.com\/english\/product\/red-starfish-fromia-indica\/","title":{"rendered":"Red Starfish &#8211; Fromia indica"},"content":{"rendered":"<p>N\u00edvel de cuidado: moderado<\/p>\n<p>Temperamento: pac\u00edfico<\/p>\n<p>Dieta: Omn\u00edvoro<\/p>\n<p>Compat\u00edvel com recife: Sim<\/p>\n<p>\u00c9 uma das esp\u00e9cies mais comuns de Fromia. Seus padr\u00f5es e cores os tornam um dos mais impressionantes de todas as estrelas do mar. A colora\u00e7\u00e3o das Estrelas do Mar da \u00cdndia varia de um vermelho profundo a laranja, e tanto o disco central quanto os bra\u00e7os s\u00e3o manchados em uma colora\u00e7\u00e3o mais clara a creme, dando-lhes uma apar\u00eancia marmorizada.<br \/>\n\u00c9 encontrada sobre substratos arenosos, em rochas e, \u00e0s vezes, escalando entre corais e outros invertebrados. Est\u00e1 constantemente em busca de microorganismos e detritos para comer, ent\u00e3o o aqu\u00e1rio deve ter grandes quantidades de rocha viva. Geralmente vive sozinho, mas se o aqu\u00e1rio for grande o suficiente para acomodar mais de um, ele tolerar\u00e1 outros de sua pr\u00f3pria esp\u00e9cie.<\/p>\n<p>O Indian Sea Star \u00e9 muito intolerante a mudan\u00e7as repentinas nos n\u00edveis de oxig\u00eanio, salinidade e pH da \u00e1gua e n\u00e3o pode tolerar medicamentos \u00e0 base de cobre. O m\u00e9todo de aclimata\u00e7\u00e3o por goteamento \u00e9 altamente recomendado para todas as estrelas do mar devido \u00e0 sua intolerabilidade \u00e0s mudan\u00e7as na qu\u00edmica da \u00e1gua. Nunca deve ser exposto ao ar durante o manuseio.<\/p>\n<p>Recomenda-se complementar sua dieta com pequenos peda\u00e7os de camar\u00e3o, mexilh\u00e3o ou ra\u00e7\u00e3o em flocos.<\/p>","protected":false},"excerpt":{"rendered":"<p>N\u00edvel de cuidado: moderado Temperamento: pac\u00edfico Dieta: Omn\u00edvoro Compat\u00edvel com recife: Sim \u00c9 uma das esp\u00e9cies mais comuns de Fromia. Seus padr\u00f5es e cores os tornam um dos mais impressionantes de todas as estrelas do mar. A colora\u00e7\u00e3o das Estrelas do Mar da \u00cdndia varia de um vermelho profundo a laranja, e tanto o disco &hellip;<\/p>\n<p class=\"read-more\"> <a class=\"\" href=\"https:\/\/pfkeepers.com\/english\/product\/red-starfish-fromia-indica\/\"> <span class=\"screen-reader-text\">Red Starfish &#8211; Fromia indica<\/span> Read More &raquo;<\/a><\/p>","protected":false},"featured_media":49222,"template":"","meta":{"site-sidebar-layout":"default","site-content-layout":"","ast-site-content-layout":"default","site-content-style":"default","site-sidebar-style":"default","ast-global-header-display":"","ast-banner-title-visibility":"","ast-main-header-display":"","ast-hfb-above-header-display":"","ast-hfb-below-header-display":"","ast-hfb-mobile-header-display":"","site-post-title":"","ast-breadcrumbs-content":"","ast-featured-img":"","footer-sml-layout":"","theme-transparent-header-meta":"default","adv-header-id-meta":"","stick-header-meta":"","header-above-stick-meta":"","header-main-stick-meta":"","header-below-stick-meta":"","astra-migrate-meta-layouts":"set"},"product_cat":[1356],"product_tag":[],"_links":{"self":[{"href":"https:\/\/pfkeepers.com\/english\/wp-json\/wp\/v2\/product\/49221"}],"collection":[{"href":"https:\/\/pfkeepers.com\/english\/wp-json\/wp\/v2\/product"}],"about":[{"href":"https:\/\/pfkeepers.com\/english\/wp-json\/wp\/v2\/types\/product"}],"wp:featuredmedia":[{"embeddable":true,"href":"https:\/\/pfkeepers.com\/english\/wp-json\/wp\/v2\/media\/49222"}],"wp:attachment":[{"href":"https:\/\/pfkeepers.com\/english\/wp-json\/wp\/v2\/media?parent=49221"}],"wp:term":[{"taxonomy":"product_cat","embeddable":true,"href":"https:\/\/pfkeepers.com\/english\/wp-json\/wp\/v2\/product_cat?post=49221"},{"taxonomy":"product_tag","embeddable":true,"href":"https:\/\/pfkeepers.com\/english\/wp-json\/wp\/v2\/product_tag?post=49221"}],"curies":[{"name":"wp","href":"https:\/\/api.w.org\/{rel}","templated":true}]}}