{"id":49217,"date":"2024-03-04T13:25:24","date_gmt":"2024-03-04T13:25:24","guid":{"rendered":"https:\/\/pfkeepers.com\/produto\/fire-shrimp-lysmata-debelius\/"},"modified":"2026-04-18T23:59:38","modified_gmt":"2026-04-18T23:59:38","slug":"fire-shrimp-lysmata-debelius","status":"publish","type":"product","link":"https:\/\/pfkeepers.com\/english\/product\/fire-shrimp-lysmata-debelius\/","title":{"rendered":"Fire Shrimp &#8211; Lysmata debelius"},"content":{"rendered":"<p>N\u00edvel de Cuidados: Iniciante<\/p>\n<p>Temperamento: Pac\u00edfico<\/p>\n<p>Colora\u00e7\u00e3o: Vermelho, Branco<\/p>\n<p>Dieta: Carn\u00edvoro<\/p>\n<p>Compat\u00edvel com Corais: Sim<\/p>\n<p>Par\u00e2metros: 1.020-1-025sg 22-26\u00baC 8-12dKH 8.1-8.4<\/p>\n<p>Tamanho M\u00e1ximo: 6cm<\/p>\n<p>O camar\u00e3o Blood Red Fire (Lysmata debelius), tamb\u00e9m conhecido como Blood Shrimp, Fire Shrimp ou Scarlet Cleaner Shrimp, \u00e9 um dos camar\u00f5es ornamentais mais populares no aqu\u00e1rio marinho. O Camar\u00e3o Blood Red Fire apresenta uma impressionante colora\u00e7\u00e3o vermelho-sangue com pontos brancos brilhantes e longas antenas brancas. Dependendo de qual regi\u00e3o do Indo-Pac\u00edfico de onde se origina, o Camar\u00e3o Blood Red Fire pode ter os pontos brancos apenas em sua carapa\u00e7a ou cobrindo todo o seu corpo.<br \/>\nO camar\u00e3o Blood Red Fire \u00e9 mais ativo \u00e0 noite e prefere um habitat com paisagens aqu\u00e1ticas com cavernas e sali\u00eancias onde a ilumina\u00e7\u00e3o n\u00e3o \u00e9 muito intensa durante o &#8220;dia&#8221;. Enquanto o Camar\u00e3o Blood Red Fire tolerar\u00e1 seu companheiro, outros de sua pr\u00f3pria esp\u00e9cie ser\u00e3o perseguidos ou perseguidos, a menos que sejam mantidos em um aqu\u00e1rio muito espa\u00e7oso. Geralmente \u00e9 pac\u00edfico com a maioria dos outros organismos no sistema de recifes, a menos que eles colidam com seu territ\u00f3rio. Como um &#8220;camar\u00e3o limpo&#8221;, o Camar\u00e3o Blood Red Fire monta esta\u00e7\u00f5es de limpeza e remove tecidos mortos e parasitas de peixes que se apresentam. O Camar\u00e3o Blood Red Fire tamb\u00e9m ir\u00e1 procurar por peda\u00e7os de carne ao longo do fundo do substrato. Freq\u00fcentemente, apenas suas antenas ser\u00e3o vis\u00edveis. Semelhante a todos os invertebrados, o Camar\u00e3o Blood Red Fire n\u00e3o tolera cobre ou altos n\u00edveis de nitratos no aqu\u00e1rio. O Camar\u00e3o Blood Red Fire exigir\u00e1 n\u00edveis corretos de iodo na \u00e1gua para promover a muda adequada.<\/p>\n<p>A dieta do Camar\u00e3o Blood Red Fire deve incluir alimentos liofilizados, vivos ou congelados e alimentos em flocos.<\/p>","protected":false},"excerpt":{"rendered":"<p>N\u00edvel de Cuidados: Iniciante Temperamento: Pac\u00edfico Colora\u00e7\u00e3o: Vermelho, Branco Dieta: Carn\u00edvoro Compat\u00edvel com Corais: Sim Par\u00e2metros: 1.020-1-025sg 22-26\u00baC 8-12dKH 8.1-8.4 Tamanho M\u00e1ximo: 6cm O camar\u00e3o Blood Red Fire (Lysmata debelius), tamb\u00e9m conhecido como Blood Shrimp, Fire Shrimp ou Scarlet Cleaner Shrimp, \u00e9 um dos camar\u00f5es ornamentais mais populares no aqu\u00e1rio marinho. O Camar\u00e3o Blood Red &hellip;<\/p>\n<p class=\"read-more\"> <a class=\"\" href=\"https:\/\/pfkeepers.com\/english\/product\/fire-shrimp-lysmata-debelius\/\"> <span class=\"screen-reader-text\">Fire Shrimp &#8211; Lysmata debelius<\/span> Read More &raquo;<\/a><\/p>","protected":false},"featured_media":49218,"template":"","meta":{"site-sidebar-layout":"default","site-content-layout":"","ast-site-content-layout":"default","site-content-style":"default","site-sidebar-style":"default","ast-global-header-display":"","ast-banner-title-visibility":"","ast-main-header-display":"","ast-hfb-above-header-display":"","ast-hfb-below-header-display":"","ast-hfb-mobile-header-display":"","site-post-title":"","ast-breadcrumbs-content":"","ast-featured-img":"","footer-sml-layout":"","theme-transparent-header-meta":"default","adv-header-id-meta":"","stick-header-meta":"","header-above-stick-meta":"","header-main-stick-meta":"","header-below-stick-meta":"","astra-migrate-meta-layouts":"set"},"product_cat":[1356],"product_tag":[],"_links":{"self":[{"href":"https:\/\/pfkeepers.com\/english\/wp-json\/wp\/v2\/product\/49217"}],"collection":[{"href":"https:\/\/pfkeepers.com\/english\/wp-json\/wp\/v2\/product"}],"about":[{"href":"https:\/\/pfkeepers.com\/english\/wp-json\/wp\/v2\/types\/product"}],"wp:featuredmedia":[{"embeddable":true,"href":"https:\/\/pfkeepers.com\/english\/wp-json\/wp\/v2\/media\/49218"}],"wp:attachment":[{"href":"https:\/\/pfkeepers.com\/english\/wp-json\/wp\/v2\/media?parent=49217"}],"wp:term":[{"taxonomy":"product_cat","embeddable":true,"href":"https:\/\/pfkeepers.com\/english\/wp-json\/wp\/v2\/product_cat?post=49217"},{"taxonomy":"product_tag","embeddable":true,"href":"https:\/\/pfkeepers.com\/english\/wp-json\/wp\/v2\/product_tag?post=49217"}],"curies":[{"name":"wp","href":"https:\/\/api.w.org\/{rel}","templated":true}]}}