{"id":49215,"date":"2024-03-04T13:25:20","date_gmt":"2024-03-04T13:25:20","guid":{"rendered":"https:\/\/pfkeepers.com\/produto\/firefish-goby-nemateleotris-magnifica\/"},"modified":"2026-04-18T23:59:32","modified_gmt":"2026-04-18T23:59:32","slug":"firefish-goby-nemateleotris-magnifica","status":"publish","type":"product","link":"https:\/\/pfkeepers.com\/english\/product\/firefish-goby-nemateleotris-magnifica\/","title":{"rendered":"Firefish Goby &#8211; Nemateleotris magnifica"},"content":{"rendered":"<p>N\u00edvel de cuidado: f\u00e1cil<\/p>\n<p>Temperamento: pac\u00edfico<\/p>\n<p>Dieta: carn\u00edvoro<\/p>\n<p>Compat\u00edvel com recife: Sim<\/p>\n<p>O Firefish \u00e9 um dos peixes mais populares no passatempo marinho. \u00c9 um peixe magn\u00edfico de colora\u00e7\u00e3o brilhante, corpo \u00fanico e personalidade \u00edmpar. Tamb\u00e9m conhecido como Firefish Goby, Fire Goby e Magnificent ou Fire Dartfish, Nemateleotris magnifica tem uma cabe\u00e7a amarela, branca anterior e rosada a laranja-avermelhada posterior. As barbatanas dorsal, anal e caudal s\u00e3o destacadas em preto. Al\u00e9m de sua colora\u00e7\u00e3o marcante, o Firefish Goby tamb\u00e9m \u00e9 anunciado como um peixe de temperamento doce com muita personalidade. E, devido ao seu tamanho pequeno, o Firefish Goby \u00e9 uma grande adi\u00e7\u00e3o ao sistema de recife menor.<br \/>\nNa natureza, o Firefish Goby \u00e9 geralmente encontrado em grupos pairando sobre o recife, colhendo alimentos planct\u00f4nicos que flutuam na correnteza. O d\u00f3cil, Firefish Goby \u00e9 t\u00edmido e na natureza, cada um ter\u00e1 um &#8220;buraco de ferrolho&#8221; no qual rapidamente se abaixa quando amea\u00e7ado. No aqu\u00e1rio dom\u00e9stico, o Firefish Goby precisa de v\u00e1rias zonas de seguran\u00e7a entre penhascos rochosos ou afloramentos nos quais pode se lan\u00e7ar se for\u00e7ado. Este membro da fam\u00edlia Gobiidae geralmente n\u00e3o \u00e9 agressivo com outros peixes, exceto aqueles de sua pr\u00f3pria esp\u00e9cie. No entanto, um par acasalado pode viver pacificamente juntos.<\/p>\n<p>Para melhor recriar seu habitat selvagem, o Firefish Goby requer um sistema de 20 gal\u00f5es ou maior com condi\u00e7\u00f5es de ilumina\u00e7\u00e3o moderada e uma corrente moderada passando sobre o &#8220;recife&#8221; de rocha viva. Lembre-se de que um Goby Firefish estressado tentar\u00e1 pular do seu aqu\u00e1rio. Como tal, alimente o Firefish Goby em sistemas de aqu\u00e1rio com uma tampa.<\/p>\n<p>Junto com as algas e o zoopl\u00e2ncton crescendo no aqu\u00e1rio, a dieta do Firefish Goby deve consistir em peixes de salmoura enriquecidos com vitaminas (vivos ou congelados), camar\u00e3o mysis e alimentos marinhos preparados.<\/p>","protected":false},"excerpt":{"rendered":"<p>N\u00edvel de cuidado: f\u00e1cil Temperamento: pac\u00edfico Dieta: carn\u00edvoro Compat\u00edvel com recife: Sim O Firefish \u00e9 um dos peixes mais populares no passatempo marinho. \u00c9 um peixe magn\u00edfico de colora\u00e7\u00e3o brilhante, corpo \u00fanico e personalidade \u00edmpar. Tamb\u00e9m conhecido como Firefish Goby, Fire Goby e Magnificent ou Fire Dartfish, Nemateleotris magnifica tem uma cabe\u00e7a amarela, branca anterior &hellip;<\/p>\n<p class=\"read-more\"> <a class=\"\" href=\"https:\/\/pfkeepers.com\/english\/product\/firefish-goby-nemateleotris-magnifica\/\"> <span class=\"screen-reader-text\">Firefish Goby &#8211; Nemateleotris magnifica<\/span> Read More &raquo;<\/a><\/p>","protected":false},"featured_media":49216,"template":"","meta":{"site-sidebar-layout":"default","site-content-layout":"","ast-site-content-layout":"default","site-content-style":"default","site-sidebar-style":"default","ast-global-header-display":"","ast-banner-title-visibility":"","ast-main-header-display":"","ast-hfb-above-header-display":"","ast-hfb-below-header-display":"","ast-hfb-mobile-header-display":"","site-post-title":"","ast-breadcrumbs-content":"","ast-featured-img":"","footer-sml-layout":"","theme-transparent-header-meta":"default","adv-header-id-meta":"","stick-header-meta":"","header-above-stick-meta":"","header-main-stick-meta":"","header-below-stick-meta":"","astra-migrate-meta-layouts":"set"},"product_cat":[1355],"product_tag":[],"_links":{"self":[{"href":"https:\/\/pfkeepers.com\/english\/wp-json\/wp\/v2\/product\/49215"}],"collection":[{"href":"https:\/\/pfkeepers.com\/english\/wp-json\/wp\/v2\/product"}],"about":[{"href":"https:\/\/pfkeepers.com\/english\/wp-json\/wp\/v2\/types\/product"}],"wp:featuredmedia":[{"embeddable":true,"href":"https:\/\/pfkeepers.com\/english\/wp-json\/wp\/v2\/media\/49216"}],"wp:attachment":[{"href":"https:\/\/pfkeepers.com\/english\/wp-json\/wp\/v2\/media?parent=49215"}],"wp:term":[{"taxonomy":"product_cat","embeddable":true,"href":"https:\/\/pfkeepers.com\/english\/wp-json\/wp\/v2\/product_cat?post=49215"},{"taxonomy":"product_tag","embeddable":true,"href":"https:\/\/pfkeepers.com\/english\/wp-json\/wp\/v2\/product_tag?post=49215"}],"curies":[{"name":"wp","href":"https:\/\/api.w.org\/{rel}","templated":true}]}}