{"id":49211,"date":"2024-03-04T13:25:14","date_gmt":"2024-03-04T13:25:14","guid":{"rendered":"https:\/\/pfkeepers.com\/produto\/six-line-wrasse-pseudocheilinus-hexataenia\/"},"modified":"2026-04-18T23:59:26","modified_gmt":"2026-04-18T23:59:26","slug":"six-line-wrasse-pseudocheilinus-hexataenia","status":"publish","type":"product","link":"https:\/\/pfkeepers.com\/english\/product\/six-line-wrasse-pseudocheilinus-hexataenia\/","title":{"rendered":"Six Line Wrasse &#8211; Pseudocheilinus hexataenia"},"content":{"rendered":"<p>N\u00edvel de Cuidado: F\u00e1cil<\/p>\n<p>Temperamento: Semi-agressivo<\/p>\n<p>Dieta: Carn\u00edvoro<\/p>\n<p>Compat\u00edvel com Recife: Sim<\/p>\n<p>O Six Line Wrasse \u00e9 bonito e ativo. Com suas seis linhas azuis horizontais distintas sobrepostas a um corpo laranja, este membro da fam\u00edlia Labridae traz um toque de cor a qualquer aqu\u00e1rio de recife marinho. Isto \u00e9 especialmente verdadeiro quando um bodi\u00e3o de seis linhas macho cortejando exibe uma intensidade de cor aumentada. No entanto, \u00e9 o movimento ativo entre afloramentos rochosos e corais que mais atrai o Six Line Wrasse para qualquer espectador.<br \/>\nTamb\u00e9m conhecido como Sixline ou Sixstripe Wrasse, Pseudocheilinus hexataenia \u00e9 nativo dos recifes do Indo-Pac\u00edfico e da costa de Fiji. Aqui, o Six Line Wrasse forrageia entre corais e rochas em busca de alimentos, principalmente mantendo-se sozinho. No aqu\u00e1rio dom\u00e9stico, o Six Line Wrasse requer um ambiente pac\u00edfico com uma oferta generosa de esconderijos e rochas vivas nas quais possam procurar comida. Aqui, o Six Line Wrasse procurar\u00e1 alimentos vivos na forma de pequenos crust\u00e1ceos, como carac\u00f3is piramidais (parasitas de moluscos), ouri\u00e7os e vermes comensais. O Six Line Wrasse tamb\u00e9m \u00e9 conhecido por se alimentar de pragas indesejadas em rocha viva, como lagartas.<\/p>\n<p>Embora geralmente pac\u00edfico, o Six Line Wrasse pode agir agressivamente em rela\u00e7\u00e3o a Wrasses pac\u00edficos e outros peixes facilmente intimidados, especialmente se alimentados inadequadamente ou se seu habitat n\u00e3o tiver lugares em que possa se esconder.<\/p>\n<p>A dieta Six Line Wrasse deve incluir camar\u00e3o mysis congelado enriquecido com vitaminas, camar\u00e3o salmoura congelado enriquecido com vitaminas e outros alimentos carnudos, juntamente com um floco marinho de alta qualidade e ra\u00e7\u00e3o marinha em pellets.<\/p>","protected":false},"excerpt":{"rendered":"<p>N\u00edvel de Cuidado: F\u00e1cil Temperamento: Semi-agressivo Dieta: Carn\u00edvoro Compat\u00edvel com Recife: Sim O Six Line Wrasse \u00e9 bonito e ativo. Com suas seis linhas azuis horizontais distintas sobrepostas a um corpo laranja, este membro da fam\u00edlia Labridae traz um toque de cor a qualquer aqu\u00e1rio de recife marinho. Isto \u00e9 especialmente verdadeiro quando um bodi\u00e3o &hellip;<\/p>\n<p class=\"read-more\"> <a class=\"\" href=\"https:\/\/pfkeepers.com\/english\/product\/six-line-wrasse-pseudocheilinus-hexataenia\/\"> <span class=\"screen-reader-text\">Six Line Wrasse &#8211; Pseudocheilinus hexataenia<\/span> Read More &raquo;<\/a><\/p>","protected":false},"featured_media":49212,"template":"","meta":{"site-sidebar-layout":"default","site-content-layout":"","ast-site-content-layout":"","site-content-style":"default","site-sidebar-style":"default","ast-global-header-display":"","ast-banner-title-visibility":"","ast-main-header-display":"","ast-hfb-above-header-display":"","ast-hfb-below-header-display":"","ast-hfb-mobile-header-display":"","site-post-title":"","ast-breadcrumbs-content":"","ast-featured-img":"","footer-sml-layout":"","theme-transparent-header-meta":"","adv-header-id-meta":"","stick-header-meta":"","header-above-stick-meta":"","header-main-stick-meta":"","header-below-stick-meta":"","astra-migrate-meta-layouts":""},"product_cat":[1355],"product_tag":[],"_links":{"self":[{"href":"https:\/\/pfkeepers.com\/english\/wp-json\/wp\/v2\/product\/49211"}],"collection":[{"href":"https:\/\/pfkeepers.com\/english\/wp-json\/wp\/v2\/product"}],"about":[{"href":"https:\/\/pfkeepers.com\/english\/wp-json\/wp\/v2\/types\/product"}],"wp:featuredmedia":[{"embeddable":true,"href":"https:\/\/pfkeepers.com\/english\/wp-json\/wp\/v2\/media\/49212"}],"wp:attachment":[{"href":"https:\/\/pfkeepers.com\/english\/wp-json\/wp\/v2\/media?parent=49211"}],"wp:term":[{"taxonomy":"product_cat","embeddable":true,"href":"https:\/\/pfkeepers.com\/english\/wp-json\/wp\/v2\/product_cat?post=49211"},{"taxonomy":"product_tag","embeddable":true,"href":"https:\/\/pfkeepers.com\/english\/wp-json\/wp\/v2\/product_tag?post=49211"}],"curies":[{"name":"wp","href":"https:\/\/api.w.org\/{rel}","templated":true}]}}