{"id":49201,"date":"2024-03-04T13:24:59","date_gmt":"2024-03-04T13:24:59","guid":{"rendered":"https:\/\/pfkeepers.com\/produto\/red-starfish-spotted-fromia-milleporella\/"},"modified":"2026-04-18T23:59:14","modified_gmt":"2026-04-18T23:59:14","slug":"red-starfish-spotted-fromia-milleporella","status":"publish","type":"product","link":"https:\/\/pfkeepers.com\/english\/product\/red-starfish-spotted-fromia-milleporella\/","title":{"rendered":"Red Starfish &#8211; Spotted &#8211; Fromia milleporella"},"content":{"rendered":"<p>Fromia milleporella, nome comum estrela do mar vermelha ou estrela do mar manchada preta, \u00e9 uma esp\u00e9cie de estrela do mar pertencente \u00e0 fam\u00edlia Goniasteridae.<\/p>\n<p>N\u00edvel de cuidado: m\u00e9dio<\/p>\n<p>Temperamento: pac\u00edfico<\/p>\n<p>Reef Safe: Sim<\/p>\n<p>Dieta: On\u00edvoro<\/p>\n<p>Condi\u00e7\u00f5es da \u00e1gua: Temp 72-78 \u00b0 F, dKH 8-12, pH 8,1-8,4, sg 1,023-1,025<\/p>\n<p>Tamanho m\u00e1ximo 6 polegadas<\/p>\n<p>Habitat Natural Indo-Pac\u00edfico e outros locais tropicais variados<\/p>","protected":false},"excerpt":{"rendered":"<p>Fromia milleporella, nome comum estrela do mar vermelha ou estrela do mar manchada preta, \u00e9 uma esp\u00e9cie de estrela do mar pertencente \u00e0 fam\u00edlia Goniasteridae. N\u00edvel de cuidado: m\u00e9dio Temperamento: pac\u00edfico Reef Safe: Sim Dieta: On\u00edvoro Condi\u00e7\u00f5es da \u00e1gua: Temp 72-78 \u00b0 F, dKH 8-12, pH 8,1-8,4, sg 1,023-1,025 Tamanho m\u00e1ximo 6 polegadas Habitat Natural &hellip;<\/p>\n<p class=\"read-more\"> <a class=\"\" href=\"https:\/\/pfkeepers.com\/english\/product\/red-starfish-spotted-fromia-milleporella\/\"> <span class=\"screen-reader-text\">Red Starfish &#8211; Spotted &#8211; Fromia milleporella<\/span> Read More &raquo;<\/a><\/p>","protected":false},"featured_media":49202,"template":"","meta":{"site-sidebar-layout":"default","site-content-layout":"","ast-site-content-layout":"default","site-content-style":"default","site-sidebar-style":"default","ast-global-header-display":"","ast-banner-title-visibility":"","ast-main-header-display":"","ast-hfb-above-header-display":"","ast-hfb-below-header-display":"","ast-hfb-mobile-header-display":"","site-post-title":"","ast-breadcrumbs-content":"","ast-featured-img":"","footer-sml-layout":"","theme-transparent-header-meta":"default","adv-header-id-meta":"","stick-header-meta":"","header-above-stick-meta":"","header-main-stick-meta":"","header-below-stick-meta":"","astra-migrate-meta-layouts":"set"},"product_cat":[1356],"product_tag":[],"_links":{"self":[{"href":"https:\/\/pfkeepers.com\/english\/wp-json\/wp\/v2\/product\/49201"}],"collection":[{"href":"https:\/\/pfkeepers.com\/english\/wp-json\/wp\/v2\/product"}],"about":[{"href":"https:\/\/pfkeepers.com\/english\/wp-json\/wp\/v2\/types\/product"}],"wp:featuredmedia":[{"embeddable":true,"href":"https:\/\/pfkeepers.com\/english\/wp-json\/wp\/v2\/media\/49202"}],"wp:attachment":[{"href":"https:\/\/pfkeepers.com\/english\/wp-json\/wp\/v2\/media?parent=49201"}],"wp:term":[{"taxonomy":"product_cat","embeddable":true,"href":"https:\/\/pfkeepers.com\/english\/wp-json\/wp\/v2\/product_cat?post=49201"},{"taxonomy":"product_tag","embeddable":true,"href":"https:\/\/pfkeepers.com\/english\/wp-json\/wp\/v2\/product_tag?post=49201"}],"curies":[{"name":"wp","href":"https:\/\/api.w.org\/{rel}","templated":true}]}}