{"id":49189,"date":"2024-03-04T13:24:40","date_gmt":"2024-03-04T13:24:40","guid":{"rendered":"https:\/\/pfkeepers.com\/produto\/pagoda-rock-per-kg\/"},"modified":"2025-02-27T20:15:58","modified_gmt":"2025-02-27T20:15:58","slug":"pagoda-rock-per-kg","status":"publish","type":"product","link":"https:\/\/pfkeepers.com\/english\/product\/pagoda-rock-per-kg\/","title":{"rendered":"Pagoda Rock per Kg"},"content":{"rendered":"<p>A Pagoda \u00e9 uma rocha inerte (n\u00e3o libera carbonatos na \u00e1gua) muito incomum, mas muito atraente, sendo especialmente adequada para aqu\u00e1rios plantados.<\/p>\n<p>\u00c9 tamb\u00e9m rica em texturas e contrasta muito num aqu\u00e1rio cheio de plantas, dando um aspecto natural \u00e0 composi\u00e7\u00e3o em que a inclu\u00edmos.<\/p>\n<p>Consiste em v\u00e1rias camadas de cinza e marrom (quase reminiscente de madeira) e tem a peculiaridade de ter uma apar\u00eancia est\u00e9tica muito atraente.<\/p>\n<p>HABITAT NATURAL<br \/>\nAs rochas ajudam a dar aos peixes a impress\u00e3o de que vivem num espa\u00e7o semelhante ao seu habitat natural. Isto pode contribuir muito para reduzir o stress nos peixes, que \u00e9 muitas vezes considerado uma das principais causas de morte de peixes em aqu\u00e1rios em cativeiro.<\/p>\n<p>ESCONDERIJOS<br \/>\nAs rochas geralmente fornecem aos peixes do aqu\u00e1rio esconderijos suficientes para escaparem quando se sentem inseguros ou amea\u00e7ados. Desta forma, os peixes em aqu\u00e1rios de rocha sentir-se-\u00e3o muito mais seguros e at\u00e9 por\u00e3o ovos nas rochas.<\/p>","protected":false},"excerpt":{"rendered":"<p>A Pagoda \u00e9 uma rocha inerte (n\u00e3o libera carbonatos na \u00e1gua) muito incomum, mas muito atraente, sendo especialmente adequada para aqu\u00e1rios plantados. \u00c9 tamb\u00e9m rica em texturas e contrasta muito num aqu\u00e1rio cheio de plantas, dando um aspecto natural \u00e0 composi\u00e7\u00e3o em que a inclu\u00edmos. Consiste em v\u00e1rias camadas de cinza e marrom (quase reminiscente &hellip;<\/p>\n<p class=\"read-more\"> <a class=\"\" href=\"https:\/\/pfkeepers.com\/english\/product\/pagoda-rock-per-kg\/\"> <span class=\"screen-reader-text\">Pagoda Rock per Kg<\/span> Read More &raquo;<\/a><\/p>","protected":false},"featured_media":49190,"template":"","meta":{"site-sidebar-layout":"default","site-content-layout":"","ast-site-content-layout":"default","site-content-style":"default","site-sidebar-style":"default","ast-global-header-display":"","ast-banner-title-visibility":"","ast-main-header-display":"","ast-hfb-above-header-display":"","ast-hfb-below-header-display":"","ast-hfb-mobile-header-display":"","site-post-title":"","ast-breadcrumbs-content":"","ast-featured-img":"","footer-sml-layout":"","theme-transparent-header-meta":"default","adv-header-id-meta":"","stick-header-meta":"","header-above-stick-meta":"","header-main-stick-meta":"","header-below-stick-meta":"","astra-migrate-meta-layouts":"set"},"product_cat":[1465],"product_tag":[],"_links":{"self":[{"href":"https:\/\/pfkeepers.com\/english\/wp-json\/wp\/v2\/product\/49189"}],"collection":[{"href":"https:\/\/pfkeepers.com\/english\/wp-json\/wp\/v2\/product"}],"about":[{"href":"https:\/\/pfkeepers.com\/english\/wp-json\/wp\/v2\/types\/product"}],"wp:featuredmedia":[{"embeddable":true,"href":"https:\/\/pfkeepers.com\/english\/wp-json\/wp\/v2\/media\/49190"}],"wp:attachment":[{"href":"https:\/\/pfkeepers.com\/english\/wp-json\/wp\/v2\/media?parent=49189"}],"wp:term":[{"taxonomy":"product_cat","embeddable":true,"href":"https:\/\/pfkeepers.com\/english\/wp-json\/wp\/v2\/product_cat?post=49189"},{"taxonomy":"product_tag","embeddable":true,"href":"https:\/\/pfkeepers.com\/english\/wp-json\/wp\/v2\/product_tag?post=49189"}],"curies":[{"name":"wp","href":"https:\/\/api.w.org\/{rel}","templated":true}]}}