{"id":49161,"date":"2024-03-04T13:23:52","date_gmt":"2024-03-04T13:23:52","guid":{"rendered":"https:\/\/pfkeepers.com\/produto\/fluval-easy-vac-10-25cm-gravel-cleaner\/"},"modified":"2026-04-18T23:59:03","modified_gmt":"2026-04-18T23:59:03","slug":"fluval-easy-vac-10-25cm-gravel-cleaner","status":"publish","type":"product","link":"https:\/\/pfkeepers.com\/english\/product\/fluval-easy-vac-10-25cm-gravel-cleaner\/","title":{"rendered":"Fluval Easy Vac 10\u00b4\u00b4\/25cm Gravel Cleaner"},"content":{"rendered":"<p>Com muitos recursos convenientes para oferecer, Fluval Gravel Cleaner Small (25cm) \u00e9 uma ferramenta pr\u00e1tica para limpar e manter seu aqu\u00e1rio.<\/p>\n<p>Design estreito ideal para Nano e pequenos aqu\u00e1rios.<br \/>\nSeu recurso de in\u00edcio r\u00e1pido oferece uma inicializa\u00e7\u00e3o sem complica\u00e7\u00f5es.<br \/>\nUm protetor de cascalho exclusivo mant\u00e9m o cascalho no tanque, n\u00e3o no balde.<br \/>\nUm tubo de limpeza oval permite f\u00e1cil acesso aos cantos.<br \/>\nAl\u00e9m disso, tem um punho confort\u00e1vel e mangueiras anti-tor\u00e7\u00e3o.<\/p>\n<p>O limpador de cascalho funciona bem em aqu\u00e1rios plantados e decorados.<br \/>\nEfetivamente ret\u00e9m sujeira e detritos<br \/>\nSif\u00e3o Easy Start para uma escorva r\u00e1pida &#8211; come\u00e7a com apenas algumas bombas<br \/>\nProtetor de cascalho evita entupimento<br \/>\nCom clipe de balde<br \/>\nAdequado para todos os substratos (areia, cascalho, rocha)<br \/>\nPara uso em aqu\u00e1rios de \u00e1gua doce e salgada<\/p>","protected":false},"excerpt":{"rendered":"<p>Com muitos recursos convenientes para oferecer, Fluval Gravel Cleaner Small (25cm) \u00e9 uma ferramenta pr\u00e1tica para limpar e manter seu aqu\u00e1rio. Design estreito ideal para Nano e pequenos aqu\u00e1rios. Seu recurso de in\u00edcio r\u00e1pido oferece uma inicializa\u00e7\u00e3o sem complica\u00e7\u00f5es. Um protetor de cascalho exclusivo mant\u00e9m o cascalho no tanque, n\u00e3o no balde. Um tubo de &hellip;<\/p>\n<p class=\"read-more\"> <a class=\"\" href=\"https:\/\/pfkeepers.com\/english\/product\/fluval-easy-vac-10-25cm-gravel-cleaner\/\"> <span class=\"screen-reader-text\">Fluval Easy Vac 10\u00b4\u00b4\/25cm Gravel Cleaner<\/span> Read More &raquo;<\/a><\/p>","protected":false},"featured_media":49162,"template":"","meta":{"site-sidebar-layout":"default","site-content-layout":"","ast-site-content-layout":"default","site-content-style":"default","site-sidebar-style":"default","ast-global-header-display":"","ast-banner-title-visibility":"","ast-main-header-display":"","ast-hfb-above-header-display":"","ast-hfb-below-header-display":"","ast-hfb-mobile-header-display":"","site-post-title":"","ast-breadcrumbs-content":"","ast-featured-img":"","footer-sml-layout":"","theme-transparent-header-meta":"default","adv-header-id-meta":"","stick-header-meta":"","header-above-stick-meta":"","header-main-stick-meta":"","header-below-stick-meta":"","astra-migrate-meta-layouts":"set"},"product_cat":[1568],"product_tag":[738],"_links":{"self":[{"href":"https:\/\/pfkeepers.com\/english\/wp-json\/wp\/v2\/product\/49161"}],"collection":[{"href":"https:\/\/pfkeepers.com\/english\/wp-json\/wp\/v2\/product"}],"about":[{"href":"https:\/\/pfkeepers.com\/english\/wp-json\/wp\/v2\/types\/product"}],"wp:featuredmedia":[{"embeddable":true,"href":"https:\/\/pfkeepers.com\/english\/wp-json\/wp\/v2\/media\/49162"}],"wp:attachment":[{"href":"https:\/\/pfkeepers.com\/english\/wp-json\/wp\/v2\/media?parent=49161"}],"wp:term":[{"taxonomy":"product_cat","embeddable":true,"href":"https:\/\/pfkeepers.com\/english\/wp-json\/wp\/v2\/product_cat?post=49161"},{"taxonomy":"product_tag","embeddable":true,"href":"https:\/\/pfkeepers.com\/english\/wp-json\/wp\/v2\/product_tag?post=49161"}],"curies":[{"name":"wp","href":"https:\/\/api.w.org\/{rel}","templated":true}]}}