{"id":49101,"date":"2024-03-04T13:22:01","date_gmt":"2024-03-04T13:22:01","guid":{"rendered":"https:\/\/pfkeepers.com\/produto\/seachem-flourish-glue-2-units-8g\/"},"modified":"2026-04-18T23:58:57","modified_gmt":"2026-04-18T23:58:57","slug":"seachem-flourish-glue-2-units-8g","status":"publish","type":"product","link":"https:\/\/pfkeepers.com\/english\/product\/seachem-flourish-glue-2-units-8g\/","title":{"rendered":"Seachem Flourish Glue (2 Units) 8g"},"content":{"rendered":"<p>Flourish Glue\u2122 \u00e9 um gel de cianoacrilato superior para fixar musgo e plantas a rochas, madeira \u00e0 deriva e at\u00e9 mesmo cascalho.<\/p>\n<p>\u00c9 excepcionalmente \u00fatil na planta\u00e7\u00e3o de plantas em cacho.<\/p>\n<p>Basta aplicar Flourish Glue\u2122, plantar como de costume e as plantas permanecer\u00e3o enraizadas no substrato.<\/p>\n<p>Adere-se em quest\u00e3o de segundos e possui excelentes caracter\u00edsticas de controle, fixa\u00e7\u00e3o e durabilidade. Pode  ser usado at\u00e9 debaixo de \u00e1gua.<\/p>\n<p>Pode ser usado para qualquer tipo de paisagismo aqu\u00e1tico em aqu\u00e1rios de \u00e1gua doce ou salgada ou para qualquer repara\u00e7\u00e3o pl\u00e1stica.<\/p>\n<p>Ele vem em um tubo de alum\u00ednio para maior estabilidade al\u00e9m dos produtos contidos nas garrafas pl\u00e1sticas \u2013 ele n\u00e3o vai secar no tubo.<\/p>\n<p>Distribua uma pequena quantidade de cola antes de cada utiliza\u00e7\u00e3o.<\/p>\n<p>Aplique uma pequena quantidade de cola no musgo ou nas ra\u00edzes das plantas e pressione contra a superf\u00edcie desejada durante 20 segundos.<\/p>\n<p>No caso de plantas em cachos, aplicar cola e plantar como de costume.<\/p>\n<p>Limpe a ponta sem cola antes de recolocar a tampa.<\/p>\n<p>Para uso apenas em aqu\u00e1rios. Manter fora do alcance das crian\u00e7as. <\/p>","protected":false},"excerpt":{"rendered":"<p>Flourish Glue\u2122 \u00e9 um gel de cianoacrilato superior para fixar musgo e plantas a rochas, madeira \u00e0 deriva e at\u00e9 mesmo cascalho. \u00c9 excepcionalmente \u00fatil na planta\u00e7\u00e3o de plantas em cacho. Basta aplicar Flourish Glue\u2122, plantar como de costume e as plantas permanecer\u00e3o enraizadas no substrato. Adere-se em quest\u00e3o de segundos e possui excelentes caracter\u00edsticas &hellip;<\/p>\n<p class=\"read-more\"> <a class=\"\" href=\"https:\/\/pfkeepers.com\/english\/product\/seachem-flourish-glue-2-units-8g\/\"> <span class=\"screen-reader-text\">Seachem Flourish Glue (2 Units) 8g<\/span> Read More &raquo;<\/a><\/p>","protected":false},"featured_media":49102,"template":"","meta":{"site-sidebar-layout":"default","site-content-layout":"","ast-site-content-layout":"default","site-content-style":"default","site-sidebar-style":"default","ast-global-header-display":"","ast-banner-title-visibility":"","ast-main-header-display":"","ast-hfb-above-header-display":"","ast-hfb-below-header-display":"","ast-hfb-mobile-header-display":"","site-post-title":"","ast-breadcrumbs-content":"","ast-featured-img":"","footer-sml-layout":"","theme-transparent-header-meta":"default","adv-header-id-meta":"","stick-header-meta":"","header-above-stick-meta":"","header-main-stick-meta":"","header-below-stick-meta":"","astra-migrate-meta-layouts":"set"},"product_cat":[1565],"product_tag":[1037],"_links":{"self":[{"href":"https:\/\/pfkeepers.com\/english\/wp-json\/wp\/v2\/product\/49101"}],"collection":[{"href":"https:\/\/pfkeepers.com\/english\/wp-json\/wp\/v2\/product"}],"about":[{"href":"https:\/\/pfkeepers.com\/english\/wp-json\/wp\/v2\/types\/product"}],"wp:featuredmedia":[{"embeddable":true,"href":"https:\/\/pfkeepers.com\/english\/wp-json\/wp\/v2\/media\/49102"}],"wp:attachment":[{"href":"https:\/\/pfkeepers.com\/english\/wp-json\/wp\/v2\/media?parent=49101"}],"wp:term":[{"taxonomy":"product_cat","embeddable":true,"href":"https:\/\/pfkeepers.com\/english\/wp-json\/wp\/v2\/product_cat?post=49101"},{"taxonomy":"product_tag","embeddable":true,"href":"https:\/\/pfkeepers.com\/english\/wp-json\/wp\/v2\/product_tag?post=49101"}],"curies":[{"name":"wp","href":"https:\/\/api.w.org\/{rel}","templated":true}]}}