{"id":49013,"date":"2024-03-04T13:19:18","date_gmt":"2024-03-04T13:19:18","guid":{"rendered":"https:\/\/pfkeepers.com\/produto\/gamma-slice-brineshrimp-garlic-flat-pack-250g\/"},"modified":"2025-02-27T20:13:09","modified_gmt":"2025-02-27T20:13:09","slug":"gamma-slice-brineshrimp-garlic-flat-pack-250g","status":"publish","type":"product","link":"https:\/\/pfkeepers.com\/english\/product\/gamma-slice-brineshrimp-garlic-flat-pack-250g\/","title":{"rendered":"Gamma Slice Brineshrimp + Garlic Flat Pack 250g"},"content":{"rendered":"<p>A. franciscana mais extrato de alho<\/p>\n<p>Descri\u00e7\u00e3o<br \/>\nBrineshrimp + Garlic. Para peixes marinhos, tropicais, de \u00e1gua fria e cicl\u00eddeos.<\/p>\n<p>Nova embalagem de 250g.<\/p>\n<p>Ingredientes da mais alta qualidade.<br \/>\nRapidamente embalado, selado e congelado.<br \/>\nIrradiada por gama. Isso elimina completamente qualquer risco de introdu\u00e7\u00e3o de parasitas ou bact\u00e9rias nocivas em seu aqu\u00e1rio e tamb\u00e9m significa que o alimento \u00e9 totalmente seguro para armazenar em seu freezer.<br \/>\nOs produtos 100% naturais e a grande variedade dispon\u00edvel garantem que cada esp\u00e9cie de peixe receba uma alimenta\u00e7\u00e3o equilibrada, variada e interessante.<br \/>\nO guia de adequa\u00e7\u00e3o da alimenta\u00e7\u00e3o com c\u00f3digo de cores torna mais f\u00e1cil encontrar o alimento certo para os seus peixes!<\/p>","protected":false},"excerpt":{"rendered":"<p>A. franciscana mais extrato de alho Descri\u00e7\u00e3o Brineshrimp + Garlic. Para peixes marinhos, tropicais, de \u00e1gua fria e cicl\u00eddeos. Nova embalagem de 250g. Ingredientes da mais alta qualidade. Rapidamente embalado, selado e congelado. Irradiada por gama. Isso elimina completamente qualquer risco de introdu\u00e7\u00e3o de parasitas ou bact\u00e9rias nocivas em seu aqu\u00e1rio e tamb\u00e9m significa que &hellip;<\/p>\n<p class=\"read-more\"> <a class=\"\" href=\"https:\/\/pfkeepers.com\/english\/product\/gamma-slice-brineshrimp-garlic-flat-pack-250g\/\"> <span class=\"screen-reader-text\">Gamma Slice Brineshrimp + Garlic Flat Pack 250g<\/span> Read More &raquo;<\/a><\/p>","protected":false},"featured_media":49014,"template":"","meta":{"site-sidebar-layout":"default","site-content-layout":"","ast-site-content-layout":"","site-content-style":"default","site-sidebar-style":"default","ast-global-header-display":"","ast-banner-title-visibility":"","ast-main-header-display":"","ast-hfb-above-header-display":"","ast-hfb-below-header-display":"","ast-hfb-mobile-header-display":"","site-post-title":"","ast-breadcrumbs-content":"","ast-featured-img":"","footer-sml-layout":"","theme-transparent-header-meta":"","adv-header-id-meta":"","stick-header-meta":"","header-above-stick-meta":"","header-main-stick-meta":"","header-below-stick-meta":"","astra-migrate-meta-layouts":""},"product_cat":[1396],"product_tag":[879],"_links":{"self":[{"href":"https:\/\/pfkeepers.com\/english\/wp-json\/wp\/v2\/product\/49013"}],"collection":[{"href":"https:\/\/pfkeepers.com\/english\/wp-json\/wp\/v2\/product"}],"about":[{"href":"https:\/\/pfkeepers.com\/english\/wp-json\/wp\/v2\/types\/product"}],"wp:featuredmedia":[{"embeddable":true,"href":"https:\/\/pfkeepers.com\/english\/wp-json\/wp\/v2\/media\/49014"}],"wp:attachment":[{"href":"https:\/\/pfkeepers.com\/english\/wp-json\/wp\/v2\/media?parent=49013"}],"wp:term":[{"taxonomy":"product_cat","embeddable":true,"href":"https:\/\/pfkeepers.com\/english\/wp-json\/wp\/v2\/product_cat?post=49013"},{"taxonomy":"product_tag","embeddable":true,"href":"https:\/\/pfkeepers.com\/english\/wp-json\/wp\/v2\/product_tag?post=49013"}],"curies":[{"name":"wp","href":"https:\/\/api.w.org\/{rel}","templated":true}]}}