{"id":48995,"date":"2024-03-04T13:18:47","date_gmt":"2024-03-04T13:18:47","guid":{"rendered":"https:\/\/pfkeepers.com\/produto\/coralcrete-epoxy-adhesive-57g-grey-seachem\/"},"modified":"2026-04-18T23:58:28","modified_gmt":"2026-04-18T23:58:28","slug":"coralcrete-epoxy-adhesive-57g-grey-seachem","status":"publish","type":"product","link":"https:\/\/pfkeepers.com\/english\/product\/coralcrete-epoxy-adhesive-57g-grey-seachem\/","title":{"rendered":"Seachem CoralCrete Epoxy Adhesive 57g (Grey)"},"content":{"rendered":"<p>Seachem CoralCrete \u2122 \u00e9 uma massa ep\u00f3xi de duas partes que pode ser usada para fixar coral em rochas ou para fundir rochas para funda\u00e7\u00f5es mais est\u00e1veis \u200b\u200bem aqu\u00e1rios de recife. Tem um tempo de trabalho de 5 minutos, o que permite bastante tempo de trabalho ao mesmo tempo que fixa rapidamente corais ou rochas. CoralCrete \u2122 \u00e9 ideal para trabalhar com col\u00f4nias maiores de corais ramificados, a maioria dos grandes p\u00f3lipos de coral ou coral folheado aderido a rochas. CoralCrete \u2122 \u00e9 seguro para os habitantes do aqu\u00e1rio quando usado conforme as instru\u00e7\u00f5es.<\/p>\n<p>instru\u00e7\u00f5es<br \/>\nPara peles sens\u00edveis, use luvas de l\u00e1tex. Corte a quantidade desejada de CoralCrete \u2122. Substitua o CoralCrete \u2122 n\u00e3o utilizado no tubo de pl\u00e1stico de armazenamento. Remova o filme e amasse CoralCrete \u2122 at\u00e9 obter uma cor uniforme. Uma vez misturado, CoralCrete \u2122 pode ser usado para aderir coral ou rocha, submersos ou emergentes. Pressione firmemente ao redor da base ou ponto de contato do coral ou rocha para garantir que CoralCrete \u2122 penetre nos poros e ranhuras da superf\u00edcie. A cura come\u00e7a em cerca de 5 minutos, endurecendo em cerca de 15 minutos. CoralCrete \u2122 cura totalmente em 24 horas. Os skimmers de prote\u00edna podem ser superativados durante o tempo de cura.<\/p>","protected":false},"excerpt":{"rendered":"<p>Seachem CoralCrete \u2122 \u00e9 uma massa ep\u00f3xi de duas partes que pode ser usada para fixar coral em rochas ou para fundir rochas para funda\u00e7\u00f5es mais est\u00e1veis \u200b\u200bem aqu\u00e1rios de recife. Tem um tempo de trabalho de 5 minutos, o que permite bastante tempo de trabalho ao mesmo tempo que fixa rapidamente corais ou rochas. &hellip;<\/p>\n<p class=\"read-more\"> <a class=\"\" href=\"https:\/\/pfkeepers.com\/english\/product\/coralcrete-epoxy-adhesive-57g-grey-seachem\/\"> <span class=\"screen-reader-text\">Seachem CoralCrete Epoxy Adhesive 57g (Grey)<\/span> Read More &raquo;<\/a><\/p>","protected":false},"featured_media":48996,"template":"","meta":{"site-sidebar-layout":"default","site-content-layout":"","ast-site-content-layout":"default","site-content-style":"default","site-sidebar-style":"default","ast-global-header-display":"","ast-banner-title-visibility":"","ast-main-header-display":"","ast-hfb-above-header-display":"","ast-hfb-below-header-display":"","ast-hfb-mobile-header-display":"","site-post-title":"","ast-breadcrumbs-content":"","ast-featured-img":"","footer-sml-layout":"","theme-transparent-header-meta":"default","adv-header-id-meta":"","stick-header-meta":"","header-above-stick-meta":"","header-main-stick-meta":"","header-below-stick-meta":"","astra-migrate-meta-layouts":"set"},"product_cat":[1353],"product_tag":[1037],"_links":{"self":[{"href":"https:\/\/pfkeepers.com\/english\/wp-json\/wp\/v2\/product\/48995"}],"collection":[{"href":"https:\/\/pfkeepers.com\/english\/wp-json\/wp\/v2\/product"}],"about":[{"href":"https:\/\/pfkeepers.com\/english\/wp-json\/wp\/v2\/types\/product"}],"wp:featuredmedia":[{"embeddable":true,"href":"https:\/\/pfkeepers.com\/english\/wp-json\/wp\/v2\/media\/48996"}],"wp:attachment":[{"href":"https:\/\/pfkeepers.com\/english\/wp-json\/wp\/v2\/media?parent=48995"}],"wp:term":[{"taxonomy":"product_cat","embeddable":true,"href":"https:\/\/pfkeepers.com\/english\/wp-json\/wp\/v2\/product_cat?post=48995"},{"taxonomy":"product_tag","embeddable":true,"href":"https:\/\/pfkeepers.com\/english\/wp-json\/wp\/v2\/product_tag?post=48995"}],"curies":[{"name":"wp","href":"https:\/\/api.w.org\/{rel}","templated":true}]}}