{"id":48971,"date":"2024-03-04T13:18:01","date_gmt":"2024-03-04T13:18:01","guid":{"rendered":"https:\/\/pfkeepers.com\/produto\/sand-sifting-snail-strombus-luhanus\/"},"modified":"2026-04-18T23:58:10","modified_gmt":"2026-04-18T23:58:10","slug":"sand-sifting-snail-strombus-luhanus","status":"publish","type":"product","link":"https:\/\/pfkeepers.com\/english\/product\/sand-sifting-snail-strombus-luhanus\/","title":{"rendered":"Sand Sifting Snail &#8211; Strombus luthanus"},"content":{"rendered":"<p>Nome cient\u00edfico : Conomurex luhuanus<\/p>\n<p>Nome popular : Strawberru Conch<\/p>\n<p>Tamanho m\u00e1ximo : 8 cm<\/p>\n<p>Dificuldade : f\u00e1cil<\/p>\n<p>Compatibilidade : pac\u00edfica<\/p>\n<p>Alimenta\u00e7\u00e3o: algas, comida de peixe (restos), detritos, carni\u00e7a, cianobact\u00e9rias, bristel worms e outros vermes<\/p>\n<p>A concha de morango (Conomurex luhuanus, anteriormente Strombus luhuanus) \u00e9 um caracol maior e ser\u00e1 uma boa adi\u00e7\u00e3o \u00e0 equipe de limpeza. Al\u00e9m de devorar detritos, ele tamb\u00e9m se alimenta de h\u00f3spedes indesej\u00e1veis, como Bristelworms e bact\u00e9rias ciano.<br \/>\nEmbora superficialmente se assemelhe aos caramujos cone, n\u00e3o est\u00e1 diretamente relacionado a eles e tamb\u00e9m n\u00e3o \u00e9 venenoso, mas sim totalmente inofensivo.<\/p>","protected":false},"excerpt":{"rendered":"<p>Nome cient\u00edfico : Conomurex luhuanus Nome popular : Strawberru Conch Tamanho m\u00e1ximo : 8 cm Dificuldade : f\u00e1cil Compatibilidade : pac\u00edfica Alimenta\u00e7\u00e3o: algas, comida de peixe (restos), detritos, carni\u00e7a, cianobact\u00e9rias, bristel worms e outros vermes A concha de morango (Conomurex luhuanus, anteriormente Strombus luhuanus) \u00e9 um caracol maior e ser\u00e1 uma boa adi\u00e7\u00e3o \u00e0 equipe &hellip;<\/p>\n<p class=\"read-more\"> <a class=\"\" href=\"https:\/\/pfkeepers.com\/english\/product\/sand-sifting-snail-strombus-luhanus\/\"> <span class=\"screen-reader-text\">Sand Sifting Snail &#8211; Strombus luthanus<\/span> Read More &raquo;<\/a><\/p>","protected":false},"featured_media":48972,"template":"","meta":{"site-sidebar-layout":"default","site-content-layout":"","ast-site-content-layout":"default","site-content-style":"default","site-sidebar-style":"default","ast-global-header-display":"","ast-banner-title-visibility":"","ast-main-header-display":"","ast-hfb-above-header-display":"","ast-hfb-below-header-display":"","ast-hfb-mobile-header-display":"","site-post-title":"","ast-breadcrumbs-content":"","ast-featured-img":"","footer-sml-layout":"","theme-transparent-header-meta":"default","adv-header-id-meta":"","stick-header-meta":"","header-above-stick-meta":"","header-main-stick-meta":"","header-below-stick-meta":"","astra-migrate-meta-layouts":"set"},"product_cat":[1356],"product_tag":[],"_links":{"self":[{"href":"https:\/\/pfkeepers.com\/english\/wp-json\/wp\/v2\/product\/48971"}],"collection":[{"href":"https:\/\/pfkeepers.com\/english\/wp-json\/wp\/v2\/product"}],"about":[{"href":"https:\/\/pfkeepers.com\/english\/wp-json\/wp\/v2\/types\/product"}],"wp:featuredmedia":[{"embeddable":true,"href":"https:\/\/pfkeepers.com\/english\/wp-json\/wp\/v2\/media\/48972"}],"wp:attachment":[{"href":"https:\/\/pfkeepers.com\/english\/wp-json\/wp\/v2\/media?parent=48971"}],"wp:term":[{"taxonomy":"product_cat","embeddable":true,"href":"https:\/\/pfkeepers.com\/english\/wp-json\/wp\/v2\/product_cat?post=48971"},{"taxonomy":"product_tag","embeddable":true,"href":"https:\/\/pfkeepers.com\/english\/wp-json\/wp\/v2\/product_tag?post=48971"}],"curies":[{"name":"wp","href":"https:\/\/api.w.org\/{rel}","templated":true}]}}