{"id":48969,"date":"2024-03-04T13:17:58","date_gmt":"2024-03-04T13:17:58","guid":{"rendered":"https:\/\/pfkeepers.com\/produto\/red-leg-hermit-crab-paguristes-cadenati\/"},"modified":"2026-04-18T23:58:04","modified_gmt":"2026-04-18T23:58:04","slug":"red-leg-hermit-crab-paguristes-cadenati","status":"publish","type":"product","link":"https:\/\/pfkeepers.com\/english\/product\/red-leg-hermit-crab-paguristes-cadenati\/","title":{"rendered":"Red Leg Hermit Crab &#8211; Paguristes cadenati"},"content":{"rendered":"<p>N\u00edvel de cuidado: f\u00e1cil<\/p>\n<p>Temperamento: pac\u00edfico<\/p>\n<p>Dieta: Herb\u00edvoro, On\u00edvoro<\/p>\n<p>Compat\u00edvel com recife: SIM<\/p>\n<p>Fam\u00edlia: Diogenidae<\/p>\n<p>\u00c9 f\u00e1cil ver por que o Caranguejo Eremita do Recife Escarlate \u00e9 um dos animais de manuten\u00e7\u00e3o de recife mais populares. Paguristes cadenati \u00e9 muito resistente e requer cuidados m\u00ednimos em um sistema bem estabelecido. Mais importante, no entanto, esses pequenos caranguejos eremitas t\u00eam um apetite voraz por detritos e algas. Na verdade, eles gostam particularmente de algas inc\u00f4modas das variedades filamentosas, de cabelo e limo, bem como de cianobact\u00e9rias. Finalmente, ao contr\u00e1rio de alguns caranguejos eremitas, a maioria dos Caranguejos Eremitas Scarlet Reef s\u00e3o muito pac\u00edficos com seus companheiros de tanque.<br \/>\nTamb\u00e9m conhecido como Red Reef ou Red Legged Hermit Crab, o Scarlet Reef Hermit Crab \u00e9 nomeado por suas pernas vermelhas brilhantes, que s\u00e3o contrastadas por seu rosto amarelo. Nativos das faces dos recifes e escombros de coral do Caribe e do Atl\u00e2ntico Ocidental, esses necr\u00f3fagos ativos podem consumir grandes quantidades de mat\u00e9ria animal e algas. Apesar de seu grande apetite e h\u00e1bitos de alimenta\u00e7\u00e3o constantes, o Scarlet Reef s\u00f3 cresce at\u00e9 o tamanho adulto de 1-1 \/ 2 &#8220;de comprimento.<\/p>\n<p>No aqu\u00e1rio dom\u00e9stico, Paguristes cadenati \u00e9 melhor mantido em um sistema de recife estabelecido com amplo suprimento de algas. No entanto, eles comem quase tudo, incluindo alimentos para peixes e dietas para invertebrados. Se os n\u00edveis de algas forem insuficientes, complemente sua dieta com algas marinhas secas e outros alimentos marinhos.<\/p>\n<p>Como outros caranguejos eremitas, um amplo suprimento de conchas vazias deve estar dispon\u00edvel para o Caranguejo Eremita do Recife Escarlate se mover enquanto muda e cresce. Como acontece com todos os invertebrados, eles n\u00e3o toleram medicamentos \u00e0 base de cobre e flutua\u00e7\u00f5es extremas nos par\u00e2metros da \u00e1gua. Al\u00e9m disso, tome cuidado especial para garantir um ambiente favor\u00e1vel aos invertebrados, livre de predadores.<\/p>","protected":false},"excerpt":{"rendered":"<p>N\u00edvel de cuidado: f\u00e1cil Temperamento: pac\u00edfico Dieta: Herb\u00edvoro, On\u00edvoro Compat\u00edvel com recife: SIM Fam\u00edlia: Diogenidae \u00c9 f\u00e1cil ver por que o Caranguejo Eremita do Recife Escarlate \u00e9 um dos animais de manuten\u00e7\u00e3o de recife mais populares. Paguristes cadenati \u00e9 muito resistente e requer cuidados m\u00ednimos em um sistema bem estabelecido. Mais importante, no entanto, esses &hellip;<\/p>\n<p class=\"read-more\"> <a class=\"\" href=\"https:\/\/pfkeepers.com\/english\/product\/red-leg-hermit-crab-paguristes-cadenati\/\"> <span class=\"screen-reader-text\">Red Leg Hermit Crab &#8211; Paguristes cadenati<\/span> Read More &raquo;<\/a><\/p>","protected":false},"featured_media":48970,"template":"","meta":{"site-sidebar-layout":"default","site-content-layout":"","ast-site-content-layout":"default","site-content-style":"default","site-sidebar-style":"default","ast-global-header-display":"","ast-banner-title-visibility":"","ast-main-header-display":"","ast-hfb-above-header-display":"","ast-hfb-below-header-display":"","ast-hfb-mobile-header-display":"","site-post-title":"","ast-breadcrumbs-content":"","ast-featured-img":"","footer-sml-layout":"","theme-transparent-header-meta":"default","adv-header-id-meta":"","stick-header-meta":"","header-above-stick-meta":"","header-main-stick-meta":"","header-below-stick-meta":"","astra-migrate-meta-layouts":"set"},"product_cat":[1356],"product_tag":[],"_links":{"self":[{"href":"https:\/\/pfkeepers.com\/english\/wp-json\/wp\/v2\/product\/48969"}],"collection":[{"href":"https:\/\/pfkeepers.com\/english\/wp-json\/wp\/v2\/product"}],"about":[{"href":"https:\/\/pfkeepers.com\/english\/wp-json\/wp\/v2\/types\/product"}],"wp:featuredmedia":[{"embeddable":true,"href":"https:\/\/pfkeepers.com\/english\/wp-json\/wp\/v2\/media\/48970"}],"wp:attachment":[{"href":"https:\/\/pfkeepers.com\/english\/wp-json\/wp\/v2\/media?parent=48969"}],"wp:term":[{"taxonomy":"product_cat","embeddable":true,"href":"https:\/\/pfkeepers.com\/english\/wp-json\/wp\/v2\/product_cat?post=48969"},{"taxonomy":"product_tag","embeddable":true,"href":"https:\/\/pfkeepers.com\/english\/wp-json\/wp\/v2\/product_tag?post=48969"}],"curies":[{"name":"wp","href":"https:\/\/api.w.org\/{rel}","templated":true}]}}