{"id":48967,"date":"2024-03-04T13:17:55","date_gmt":"2024-03-04T13:17:55","guid":{"rendered":"https:\/\/pfkeepers.com\/produto\/metallic-blue-leg-hermit-crab-calcinus-elegans\/"},"modified":"2026-04-18T23:57:59","modified_gmt":"2026-04-18T23:57:59","slug":"metallic-blue-leg-hermit-crab-calcinus-elegans","status":"publish","type":"product","link":"https:\/\/pfkeepers.com\/english\/product\/metallic-blue-leg-hermit-crab-calcinus-elegans\/","title":{"rendered":"Metallic Blue Leg Hermit Crab &#8211; Calcinus elegans"},"content":{"rendered":"<p>Reef Safe Compact\u00edvel com corais. Bom para comer alga filamentosa e Cyanobacteria &#8211; alga vermelha gelatinosa de crescimento muito r\u00e1pido (n\u00e3o \u00e9 uma alga mas sim uma bact\u00e9ria fotossint\u00e9tica).<\/p>\n<p>O caranguejo eremita azul el\u00e9trico, um achado muito raro, \u00e9 origin\u00e1rio exclusivamente das Ilhas Marshall. Este caranguejo tem patas azuis eletrizantes com faixas pretas, e suas antenas se destacam por sua cor laranja brilhante. Ambas as garras t\u00eam quase o mesmo tamanho e s\u00e3o de cor verde acastanhada. Este min\u00fasculo caranguejo vive em carac\u00f3is abandonados ou conchas de trit\u00f5es, ou pode recorrer a atacar e comer um caracol para que possa usar a concha como seu lar.<br \/>\nO caranguejo eremita de perna azul el\u00e9trico \u00e9 uma adi\u00e7\u00e3o valiosa para um aqu\u00e1rio porque ele come algas, incluindo algas de cabelo verde e cianobact\u00e9rias. Al\u00e9m disso, fornece um arejamento valioso ao peneirar a areia. Este \u00e9 um caranguejo eremita seguro contra recifes.<\/p>\n<p>Se houver uma quantidade insuficiente de algas presentes, o caranguejo-eremita-da-perna el\u00e9trica precisar\u00e1 ser alimentado com algas marinhas secas.<\/p>\n<p>Os Caranguejos Eremitas de Perna Azul (Clibanarius tricolor) s\u00e3o ideais para nanoaqu\u00e1rios (a partir de 10 litros) devido ao seu pequeno tamanho (m\u00e1x. 2 cm). Mesmo os iniciantes podem manter o caranguejo facilmente porque \u00e9 muito pac\u00edfico e f\u00e1cil de cuidar.<br \/>\nPor serem excelentes comedores de algas, o Clibanarius tricolor bloqueia o crescimento das algas na areia e nas pedras. Al\u00e9m disso, restos de comida e animais mortos, que podem poluir a \u00e1gua, ser\u00e3o consumidos pelos caranguejos eremitas.<br \/>\nOs Caranguejos Eremitas de Perna Azul podem ser introduzidos no aqu\u00e1rio no in\u00edcio da fase de algas verdes, ou seja, aproximadamente duas semanas ap\u00f3s o in\u00edcio do aqu\u00e1rio. As conchas extras dos carac\u00f3is devem estar presentes em n\u00famero suficiente para que possam mover-se para uma maior quando necess\u00e1rio &#8211; n\u00e3o importa se v\u00eam da \u00e1gua ou dos carac\u00f3is terrestres.<\/p>","protected":false},"excerpt":{"rendered":"<p>Reef Safe Compact\u00edvel com corais. Bom para comer alga filamentosa e Cyanobacteria &#8211; alga vermelha gelatinosa de crescimento muito r\u00e1pido (n\u00e3o \u00e9 uma alga mas sim uma bact\u00e9ria fotossint\u00e9tica). O caranguejo eremita azul el\u00e9trico, um achado muito raro, \u00e9 origin\u00e1rio exclusivamente das Ilhas Marshall. Este caranguejo tem patas azuis eletrizantes com faixas pretas, e suas &hellip;<\/p>\n<p class=\"read-more\"> <a class=\"\" href=\"https:\/\/pfkeepers.com\/english\/product\/metallic-blue-leg-hermit-crab-calcinus-elegans\/\"> <span class=\"screen-reader-text\">Metallic Blue Leg Hermit Crab &#8211; Calcinus elegans<\/span> Read More &raquo;<\/a><\/p>","protected":false},"featured_media":48968,"template":"","meta":{"site-sidebar-layout":"default","site-content-layout":"","ast-site-content-layout":"default","site-content-style":"default","site-sidebar-style":"default","ast-global-header-display":"","ast-banner-title-visibility":"","ast-main-header-display":"","ast-hfb-above-header-display":"","ast-hfb-below-header-display":"","ast-hfb-mobile-header-display":"","site-post-title":"","ast-breadcrumbs-content":"","ast-featured-img":"","footer-sml-layout":"","theme-transparent-header-meta":"default","adv-header-id-meta":"","stick-header-meta":"","header-above-stick-meta":"","header-main-stick-meta":"","header-below-stick-meta":"","astra-migrate-meta-layouts":"set"},"product_cat":[1356],"product_tag":[],"_links":{"self":[{"href":"https:\/\/pfkeepers.com\/english\/wp-json\/wp\/v2\/product\/48967"}],"collection":[{"href":"https:\/\/pfkeepers.com\/english\/wp-json\/wp\/v2\/product"}],"about":[{"href":"https:\/\/pfkeepers.com\/english\/wp-json\/wp\/v2\/types\/product"}],"wp:featuredmedia":[{"embeddable":true,"href":"https:\/\/pfkeepers.com\/english\/wp-json\/wp\/v2\/media\/48968"}],"wp:attachment":[{"href":"https:\/\/pfkeepers.com\/english\/wp-json\/wp\/v2\/media?parent=48967"}],"wp:term":[{"taxonomy":"product_cat","embeddable":true,"href":"https:\/\/pfkeepers.com\/english\/wp-json\/wp\/v2\/product_cat?post=48967"},{"taxonomy":"product_tag","embeddable":true,"href":"https:\/\/pfkeepers.com\/english\/wp-json\/wp\/v2\/product_tag?post=48967"}],"curies":[{"name":"wp","href":"https:\/\/api.w.org\/{rel}","templated":true}]}}