{"id":48961,"date":"2024-03-04T13:17:44","date_gmt":"2024-03-04T13:17:44","guid":{"rendered":"https:\/\/pfkeepers.com\/produto\/alternanthera-reineckii-pink-tropica-plant\/"},"modified":"2026-04-18T02:42:51","modified_gmt":"2026-04-18T02:42:51","slug":"alternanthera-reineckii-pink-tropica-plant","status":"publish","type":"product","link":"https:\/\/pfkeepers.com\/english\/product\/alternanthera-reineckii-pink-tropica-plant\/","title":{"rendered":"Alternanthera reineckii &#8216;Pink&#8217; Tropica"},"content":{"rendered":"<p>Categoria M\u00e9dia<\/p>\n<p>A parte inferior rosa das folhas de Alternanthera reineckii &#8216;Pink&#8217; oferece um contraste eficaz com as muitas plantas verdes de um aqu\u00e1rio &#8211; especialmente quando plantadas em grupos. As hastes atingem 25-50 cm de altura. Uma boa luz incentiva as folhas a ficarem vermelhas. F\u00e1cil de propagar cortando o bot\u00e3o terminal e plantando-o no substrato. Isso tamb\u00e9m torna a planta-m\u00e3e mais espessa, porque mais brotos laterais s\u00e3o formados.<br \/>\nAlternanthera reineckii &#8216;Pink&#8217; \u00e9 origin\u00e1ria da Am\u00e9rica do Sul.<\/p>\n<p>Informa\u00e7\u00e3o da planta<\/p>\n<p>Tipo: Haste<br \/>\nOrigem: Am\u00e9rica do Sul<br \/>\nTaxa de crescimento: M\u00e9dia<br \/>\nAltura: 20 &#8211; 30+<br \/>\nDemanda leve: M\u00e9dia<br \/>\nCO2: M\u00e9dio<\/p>","protected":false},"excerpt":{"rendered":"<p>Categoria M\u00e9dia A parte inferior rosa das folhas de Alternanthera reineckii &#8216;Pink&#8217; oferece um contraste eficaz com as muitas plantas verdes de um aqu\u00e1rio &#8211; especialmente quando plantadas em grupos. As hastes atingem 25-50 cm de altura. Uma boa luz incentiva as folhas a ficarem vermelhas. F\u00e1cil de propagar cortando o bot\u00e3o terminal e plantando-o &hellip;<\/p>\n<p class=\"read-more\"> <a class=\"\" href=\"https:\/\/pfkeepers.com\/english\/product\/alternanthera-reineckii-pink-tropica-plant\/\"> <span class=\"screen-reader-text\">Alternanthera reineckii &#8216;Pink&#8217; Tropica<\/span> Read More &raquo;<\/a><\/p>","protected":false},"featured_media":48962,"template":"","meta":{"site-sidebar-layout":"default","site-content-layout":"","ast-site-content-layout":"default","site-content-style":"default","site-sidebar-style":"default","ast-global-header-display":"","ast-banner-title-visibility":"","ast-main-header-display":"","ast-hfb-above-header-display":"","ast-hfb-below-header-display":"","ast-hfb-mobile-header-display":"","site-post-title":"","ast-breadcrumbs-content":"","ast-featured-img":"","footer-sml-layout":"","theme-transparent-header-meta":"default","adv-header-id-meta":"","stick-header-meta":"","header-above-stick-meta":"","header-main-stick-meta":"","header-below-stick-meta":"","astra-migrate-meta-layouts":"set"},"product_cat":[1511],"product_tag":[1064],"_links":{"self":[{"href":"https:\/\/pfkeepers.com\/english\/wp-json\/wp\/v2\/product\/48961"}],"collection":[{"href":"https:\/\/pfkeepers.com\/english\/wp-json\/wp\/v2\/product"}],"about":[{"href":"https:\/\/pfkeepers.com\/english\/wp-json\/wp\/v2\/types\/product"}],"wp:featuredmedia":[{"embeddable":true,"href":"https:\/\/pfkeepers.com\/english\/wp-json\/wp\/v2\/media\/48962"}],"wp:attachment":[{"href":"https:\/\/pfkeepers.com\/english\/wp-json\/wp\/v2\/media?parent=48961"}],"wp:term":[{"taxonomy":"product_cat","embeddable":true,"href":"https:\/\/pfkeepers.com\/english\/wp-json\/wp\/v2\/product_cat?post=48961"},{"taxonomy":"product_tag","embeddable":true,"href":"https:\/\/pfkeepers.com\/english\/wp-json\/wp\/v2\/product_tag?post=48961"}],"curies":[{"name":"wp","href":"https:\/\/api.w.org\/{rel}","templated":true}]}}