{"id":48953,"date":"2024-03-04T13:17:29","date_gmt":"2024-03-04T13:17:29","guid":{"rendered":"https:\/\/pfkeepers.com\/produto\/aquaforest-reef-mineral-salt-800gr\/"},"modified":"2025-02-27T20:11:39","modified_gmt":"2025-02-27T20:11:39","slug":"aquaforest-reef-mineral-salt-800gr","status":"publish","type":"product","link":"https:\/\/pfkeepers.com\/english\/product\/aquaforest-reef-mineral-salt-800gr\/","title":{"rendered":"Aquaforest Reef Mineral Salt 800gr"},"content":{"rendered":"<p>AF Reef Mineral Salt mantem um n\u00edvel constante de minerais em aqu\u00e1rios de recife. Deve se dissolver 25 g em 1000 ml de \u00e1gua desmineralizada. A fim de manter o equil\u00edbrio de \u00edons deve se tamb\u00e9m aplicar KH Buffer, Magnesium e Calcium Aquaforest.<\/p>\n<p>Este frasco cont\u00e9m 800g do produto. <\/p>","protected":false},"excerpt":{"rendered":"<p>AF Reef Mineral Salt mantem um n\u00edvel constante de minerais em aqu\u00e1rios de recife. Deve se dissolver 25 g em 1000 ml de \u00e1gua desmineralizada. A fim de manter o equil\u00edbrio de \u00edons deve se tamb\u00e9m aplicar KH Buffer, Magnesium e Calcium Aquaforest. Este frasco cont\u00e9m 800g do produto.<\/p>","protected":false},"featured_media":48954,"template":"","meta":{"site-sidebar-layout":"default","site-content-layout":"","ast-site-content-layout":"default","site-content-style":"default","site-sidebar-style":"default","ast-global-header-display":"","ast-banner-title-visibility":"","ast-main-header-display":"","ast-hfb-above-header-display":"","ast-hfb-below-header-display":"","ast-hfb-mobile-header-display":"","site-post-title":"","ast-breadcrumbs-content":"","ast-featured-img":"","footer-sml-layout":"","theme-transparent-header-meta":"default","adv-header-id-meta":"","stick-header-meta":"","header-above-stick-meta":"","header-main-stick-meta":"","header-below-stick-meta":"","astra-migrate-meta-layouts":"set"},"product_cat":[1485],"product_tag":[768],"_links":{"self":[{"href":"https:\/\/pfkeepers.com\/english\/wp-json\/wp\/v2\/product\/48953"}],"collection":[{"href":"https:\/\/pfkeepers.com\/english\/wp-json\/wp\/v2\/product"}],"about":[{"href":"https:\/\/pfkeepers.com\/english\/wp-json\/wp\/v2\/types\/product"}],"wp:featuredmedia":[{"embeddable":true,"href":"https:\/\/pfkeepers.com\/english\/wp-json\/wp\/v2\/media\/48954"}],"wp:attachment":[{"href":"https:\/\/pfkeepers.com\/english\/wp-json\/wp\/v2\/media?parent=48953"}],"wp:term":[{"taxonomy":"product_cat","embeddable":true,"href":"https:\/\/pfkeepers.com\/english\/wp-json\/wp\/v2\/product_cat?post=48953"},{"taxonomy":"product_tag","embeddable":true,"href":"https:\/\/pfkeepers.com\/english\/wp-json\/wp\/v2\/product_tag?post=48953"}],"curies":[{"name":"wp","href":"https:\/\/api.w.org\/{rel}","templated":true}]}}