{"id":48941,"date":"2024-03-04T13:17:08","date_gmt":"2024-03-04T13:17:08","guid":{"rendered":"https:\/\/pfkeepers.com\/produto\/coraffixpro-295ml-cyanoacrylate-adhesive-gel-two-little-fishies\/"},"modified":"2026-04-18T23:57:41","modified_gmt":"2026-04-18T23:57:41","slug":"coraffixpro-295ml-cyanoacrylate-adhesive-gel-two-little-fishies","status":"publish","type":"product","link":"https:\/\/pfkeepers.com\/english\/product\/coraffixpro-295ml-cyanoacrylate-adhesive-gel-two-little-fishies\/","title":{"rendered":"Two Little Fishies CorAffixPro 295ml Cyanoacrylate Adhesive Gel"},"content":{"rendered":"<p>Two Little Fishies CorAffix\u00aePro \u00e9 um gel de cianoacrilato ultra puro de cura r\u00e1pida, f\u00e1cil de usar, com vida \u00fatil de 2 anos e uma tampa de pino para evitar que a ponta entupir.<\/p>","protected":false},"excerpt":{"rendered":"<p>Two Little Fishies CorAffix\u00aePro \u00e9 um gel de cianoacrilato ultra puro de cura r\u00e1pida, f\u00e1cil de usar, com vida \u00fatil de 2 anos e uma tampa de pino para evitar que a ponta entupir.<\/p>","protected":false},"featured_media":48942,"template":"","meta":{"site-sidebar-layout":"default","site-content-layout":"","ast-site-content-layout":"","site-content-style":"default","site-sidebar-style":"default","ast-global-header-display":"","ast-banner-title-visibility":"","ast-main-header-display":"","ast-hfb-above-header-display":"","ast-hfb-below-header-display":"","ast-hfb-mobile-header-display":"","site-post-title":"","ast-breadcrumbs-content":"","ast-featured-img":"","footer-sml-layout":"","theme-transparent-header-meta":"","adv-header-id-meta":"","stick-header-meta":"","header-above-stick-meta":"","header-main-stick-meta":"","header-below-stick-meta":"","astra-migrate-meta-layouts":""},"product_cat":[1353],"product_tag":[1071],"_links":{"self":[{"href":"https:\/\/pfkeepers.com\/english\/wp-json\/wp\/v2\/product\/48941"}],"collection":[{"href":"https:\/\/pfkeepers.com\/english\/wp-json\/wp\/v2\/product"}],"about":[{"href":"https:\/\/pfkeepers.com\/english\/wp-json\/wp\/v2\/types\/product"}],"wp:featuredmedia":[{"embeddable":true,"href":"https:\/\/pfkeepers.com\/english\/wp-json\/wp\/v2\/media\/48942"}],"wp:attachment":[{"href":"https:\/\/pfkeepers.com\/english\/wp-json\/wp\/v2\/media?parent=48941"}],"wp:term":[{"taxonomy":"product_cat","embeddable":true,"href":"https:\/\/pfkeepers.com\/english\/wp-json\/wp\/v2\/product_cat?post=48941"},{"taxonomy":"product_tag","embeddable":true,"href":"https:\/\/pfkeepers.com\/english\/wp-json\/wp\/v2\/product_tag?post=48941"}],"curies":[{"name":"wp","href":"https:\/\/api.w.org\/{rel}","templated":true}]}}