{"id":48925,"date":"2024-03-04T13:16:30","date_gmt":"2024-03-04T13:16:30","guid":{"rendered":"https:\/\/pfkeepers.com\/produto\/lilaeopsis-brasiliensis-pot-in-single-package-tropica\/"},"modified":"2026-04-18T23:57:29","modified_gmt":"2026-04-18T23:57:29","slug":"lilaeopsis-brasiliensis-pot-in-single-package-tropica","status":"publish","type":"product","link":"https:\/\/pfkeepers.com\/english\/product\/lilaeopsis-brasiliensis-pot-in-single-package-tropica\/","title":{"rendered":"Lilaeopsis brasiliensis Pot in single package Tropica"},"content":{"rendered":"<p>Planta aqu\u00e1tica viva em vaso, embalada em blister respir\u00e1vel para viagem.<\/p>\n<p>Lilaeopsis brasiliensis da Am\u00e9rica do Sul pode crescer muito compacto, mas um &#8220;efeito gramado&#8221; (4-7 cm de altura) s\u00f3 \u00e9 alcan\u00e7ado com alta intensidade de luz. Ao plantar no aqu\u00e1rio, pequenas touceiras (aprox. 1\/8 vaso) devem ser colocadas alguns cent\u00edmetros de dist\u00e2ncia para ajudar as plantas a crescerem juntas mais rapidamente Coloque em uma posi\u00e7\u00e3o aberta sem sombreamento de outras plantas para garantir boa luz Lilaeopsis brasiliensis pode ser usado em lagos de jardim e tamb\u00e9m tolera baixas concentra\u00e7\u00f5es de sal em aqu\u00e1rios salobras.<\/p>","protected":false},"excerpt":{"rendered":"<p>Planta aqu\u00e1tica viva em vaso, embalada em blister respir\u00e1vel para viagem. Lilaeopsis brasiliensis da Am\u00e9rica do Sul pode crescer muito compacto, mas um &#8220;efeito gramado&#8221; (4-7 cm de altura) s\u00f3 \u00e9 alcan\u00e7ado com alta intensidade de luz. Ao plantar no aqu\u00e1rio, pequenas touceiras (aprox. 1\/8 vaso) devem ser colocadas alguns cent\u00edmetros de dist\u00e2ncia para ajudar &hellip;<\/p>\n<p class=\"read-more\"> <a class=\"\" href=\"https:\/\/pfkeepers.com\/english\/product\/lilaeopsis-brasiliensis-pot-in-single-package-tropica\/\"> <span class=\"screen-reader-text\">Lilaeopsis brasiliensis Pot in single package Tropica<\/span> Read More &raquo;<\/a><\/p>","protected":false},"featured_media":48926,"template":"","meta":{"site-sidebar-layout":"default","site-content-layout":"","ast-site-content-layout":"default","site-content-style":"default","site-sidebar-style":"default","ast-global-header-display":"","ast-banner-title-visibility":"","ast-main-header-display":"","ast-hfb-above-header-display":"","ast-hfb-below-header-display":"","ast-hfb-mobile-header-display":"","site-post-title":"","ast-breadcrumbs-content":"","ast-featured-img":"","footer-sml-layout":"","theme-transparent-header-meta":"default","adv-header-id-meta":"","stick-header-meta":"","header-above-stick-meta":"","header-main-stick-meta":"","header-below-stick-meta":"","astra-migrate-meta-layouts":"set"},"product_cat":[1512],"product_tag":[1064],"_links":{"self":[{"href":"https:\/\/pfkeepers.com\/english\/wp-json\/wp\/v2\/product\/48925"}],"collection":[{"href":"https:\/\/pfkeepers.com\/english\/wp-json\/wp\/v2\/product"}],"about":[{"href":"https:\/\/pfkeepers.com\/english\/wp-json\/wp\/v2\/types\/product"}],"wp:featuredmedia":[{"embeddable":true,"href":"https:\/\/pfkeepers.com\/english\/wp-json\/wp\/v2\/media\/48926"}],"wp:attachment":[{"href":"https:\/\/pfkeepers.com\/english\/wp-json\/wp\/v2\/media?parent=48925"}],"wp:term":[{"taxonomy":"product_cat","embeddable":true,"href":"https:\/\/pfkeepers.com\/english\/wp-json\/wp\/v2\/product_cat?post=48925"},{"taxonomy":"product_tag","embeddable":true,"href":"https:\/\/pfkeepers.com\/english\/wp-json\/wp\/v2\/product_tag?post=48925"}],"curies":[{"name":"wp","href":"https:\/\/api.w.org\/{rel}","templated":true}]}}