{"id":48915,"date":"2024-03-04T13:16:10","date_gmt":"2024-03-04T13:16:10","guid":{"rendered":"https:\/\/pfkeepers.com\/produto\/microsorum-trident-on-wood-tropica\/"},"modified":"2026-04-18T02:42:09","modified_gmt":"2026-04-18T02:42:09","slug":"microsorum-trident-on-wood-tropica","status":"publish","type":"product","link":"https:\/\/pfkeepers.com\/english\/product\/microsorum-trident-on-wood-tropica\/","title":{"rendered":"Microsorum Trident on Wood Tropica Plant"},"content":{"rendered":"<p>Microsorum pteropus ou samambaia de Java \u00e9 uma samambaia asi\u00e1tica. Microsorum pteropus \u2018Trident\u2019 \u00e9 uma forma menor e de folhas estreitas de Microsorum, que, como outros Microsorum, \u00e9 uma planta f\u00e1cil e segura. &#8216;Trident&#8217; \u00e9 adequado tanto para iniciantes quanto para scapers experientes, e se adapta a aqu\u00e1rios menores e maiores.<br \/>\nO nome \u2018Trident\u2019 indica que as folhas da planta s\u00e3o tripartidas, enquanto as folhas podem variar de inteiras a multipartidas. Adequado para plantio em pedras ou ra\u00edzes de \u00e1rvores. Quando plantado na camada inferior, evite cobrir o caule horizontal. Freq\u00fcentemente, plantas novas e pequenas s\u00e3o criadas nas pontas das folhas e podem ser cuidadosamente arrancadas e plantadas.<\/p>\n<p>Informa\u00e7\u00f5es da planta:<\/p>\n<p>Tipo: Rizomatoso<br \/>\nOrigem: Cultivar<br \/>\nTaxa de crescimento: lenta<br \/>\nAltura: 15 &#8211; 20+<br \/>\nDemanda de luz: Baixa<br \/>\nCO2: Baixo<\/p>","protected":false},"excerpt":{"rendered":"<p>Microsorum pteropus ou samambaia de Java \u00e9 uma samambaia asi\u00e1tica. Microsorum pteropus \u2018Trident\u2019 \u00e9 uma forma menor e de folhas estreitas de Microsorum, que, como outros Microsorum, \u00e9 uma planta f\u00e1cil e segura. &#8216;Trident&#8217; \u00e9 adequado tanto para iniciantes quanto para scapers experientes, e se adapta a aqu\u00e1rios menores e maiores. O nome \u2018Trident\u2019 indica &hellip;<\/p>\n<p class=\"read-more\"> <a class=\"\" href=\"https:\/\/pfkeepers.com\/english\/product\/microsorum-trident-on-wood-tropica\/\"> <span class=\"screen-reader-text\">Microsorum Trident on Wood Tropica Plant<\/span> Read More &raquo;<\/a><\/p>","protected":false},"featured_media":48916,"template":"","meta":{"site-sidebar-layout":"default","site-content-layout":"","ast-site-content-layout":"default","site-content-style":"default","site-sidebar-style":"default","ast-global-header-display":"","ast-banner-title-visibility":"","ast-main-header-display":"","ast-hfb-above-header-display":"","ast-hfb-below-header-display":"","ast-hfb-mobile-header-display":"","site-post-title":"","ast-breadcrumbs-content":"","ast-featured-img":"","footer-sml-layout":"","theme-transparent-header-meta":"default","adv-header-id-meta":"","stick-header-meta":"","header-above-stick-meta":"","header-main-stick-meta":"","header-below-stick-meta":"","astra-migrate-meta-layouts":"set"},"product_cat":[1517],"product_tag":[1064],"_links":{"self":[{"href":"https:\/\/pfkeepers.com\/english\/wp-json\/wp\/v2\/product\/48915"}],"collection":[{"href":"https:\/\/pfkeepers.com\/english\/wp-json\/wp\/v2\/product"}],"about":[{"href":"https:\/\/pfkeepers.com\/english\/wp-json\/wp\/v2\/types\/product"}],"wp:featuredmedia":[{"embeddable":true,"href":"https:\/\/pfkeepers.com\/english\/wp-json\/wp\/v2\/media\/48916"}],"wp:attachment":[{"href":"https:\/\/pfkeepers.com\/english\/wp-json\/wp\/v2\/media?parent=48915"}],"wp:term":[{"taxonomy":"product_cat","embeddable":true,"href":"https:\/\/pfkeepers.com\/english\/wp-json\/wp\/v2\/product_cat?post=48915"},{"taxonomy":"product_tag","embeddable":true,"href":"https:\/\/pfkeepers.com\/english\/wp-json\/wp\/v2\/product_tag?post=48915"}],"curies":[{"name":"wp","href":"https:\/\/api.w.org\/{rel}","templated":true}]}}