{"id":48913,"date":"2024-03-04T13:16:07","date_gmt":"2024-03-04T13:16:07","guid":{"rendered":"https:\/\/pfkeepers.com\/produto\/royal-gramma-basslet-gramma-loreto\/"},"modified":"2026-04-18T23:57:06","modified_gmt":"2026-04-18T23:57:06","slug":"royal-gramma-basslet-gramma-loreto","status":"publish","type":"product","link":"https:\/\/pfkeepers.com\/english\/product\/royal-gramma-basslet-gramma-loreto\/","title":{"rendered":"Royal Gramma Basslet &#8211; Gramma loreto"},"content":{"rendered":"<p>N\u00edvel de Cuidado: F\u00e1cil<\/p>\n<p>Temperamento: Pac\u00edfico<\/p>\n<p>Compat\u00edvel com Recife: Sim<\/p>\n<p>Lugar de origem: Caribe<\/p>\n<p>Principalmente na regi\u00e3o do Caribe, e vai do norte at\u00e9 as Bahamas. V\u00e1rios habitats rasos de recifes protegidos com cavernas e fendas a pelo menos 60m de profundidade. Facilmente identificado pela colora\u00e7\u00e3o roxa e amarela. Tem uma faixa amarela ou escura da ponta do focinho, passando pelo olho at\u00e9 o final da cabe\u00e7a, uma segunda abaixo do olho sobre o pr\u00e9-m\u00fasculo. Mancha preta do tamanho de um olho anteriormente na barbatana dorsal. Comprimento at\u00e9 8cm.                                                                                                                                                        https:\/\/www.youtube.com\/live\/rG3t7RRfdjs?si=t2DWzpd4Bji7mH7f<\/p>","protected":false},"excerpt":{"rendered":"<div class=\"ast-oembed-container\" style=\"height: 100%\"><\/div>","protected":false},"featured_media":358321,"template":"","meta":{"site-sidebar-layout":"default","site-content-layout":"","ast-site-content-layout":"default","site-content-style":"default","site-sidebar-style":"default","ast-global-header-display":"","ast-banner-title-visibility":"","ast-main-header-display":"","ast-hfb-above-header-display":"","ast-hfb-below-header-display":"","ast-hfb-mobile-header-display":"","site-post-title":"","ast-breadcrumbs-content":"","ast-featured-img":"","footer-sml-layout":"","theme-transparent-header-meta":"default","adv-header-id-meta":"","stick-header-meta":"","header-above-stick-meta":"","header-main-stick-meta":"","header-below-stick-meta":"","astra-migrate-meta-layouts":"set"},"product_cat":[1355],"product_tag":[],"_links":{"self":[{"href":"https:\/\/pfkeepers.com\/english\/wp-json\/wp\/v2\/product\/48913"}],"collection":[{"href":"https:\/\/pfkeepers.com\/english\/wp-json\/wp\/v2\/product"}],"about":[{"href":"https:\/\/pfkeepers.com\/english\/wp-json\/wp\/v2\/types\/product"}],"wp:featuredmedia":[{"embeddable":true,"href":"https:\/\/pfkeepers.com\/english\/wp-json\/wp\/v2\/media\/358321"}],"wp:attachment":[{"href":"https:\/\/pfkeepers.com\/english\/wp-json\/wp\/v2\/media?parent=48913"}],"wp:term":[{"taxonomy":"product_cat","embeddable":true,"href":"https:\/\/pfkeepers.com\/english\/wp-json\/wp\/v2\/product_cat?post=48913"},{"taxonomy":"product_tag","embeddable":true,"href":"https:\/\/pfkeepers.com\/english\/wp-json\/wp\/v2\/product_tag?post=48913"}],"curies":[{"name":"wp","href":"https:\/\/api.w.org\/{rel}","templated":true}]}}