{"id":48814,"date":"2024-03-04T13:11:24","date_gmt":"2024-03-04T13:11:24","guid":{"rendered":"https:\/\/pfkeepers.com\/produto\/filter-floss-for-aquariums-100g-askrol\/"},"modified":"2026-04-18T02:39:06","modified_gmt":"2026-04-18T02:39:06","slug":"filter-floss-for-aquariums-100g-askrol","status":"publish","type":"product","link":"https:\/\/pfkeepers.com\/english\/product\/filter-floss-for-aquariums-100g-askrol\/","title":{"rendered":"AquaEl  Basalt Gravel 2-4mm 2Kg"},"content":{"rendered":"<p>Aquael Basalt Gravel 2-4mm 2kg<\/p>\n<p>N\u00e3o altera os par\u00e2metros da \u00e1gua.<\/p>","protected":false},"excerpt":{"rendered":"<p>Aquael Basalt Gravel 2-4mm 2kg N\u00e3o altera os par\u00e2metros da \u00e1gua.<\/p>","protected":false},"featured_media":345971,"template":"","meta":{"site-sidebar-layout":"default","site-content-layout":"","ast-site-content-layout":"default","site-content-style":"default","site-sidebar-style":"default","ast-global-header-display":"","ast-banner-title-visibility":"","ast-main-header-display":"","ast-hfb-above-header-display":"","ast-hfb-below-header-display":"","ast-hfb-mobile-header-display":"","site-post-title":"","ast-breadcrumbs-content":"","ast-featured-img":"","footer-sml-layout":"","theme-transparent-header-meta":"default","adv-header-id-meta":"","stick-header-meta":"","header-above-stick-meta":"","header-main-stick-meta":"","header-below-stick-meta":"","astra-migrate-meta-layouts":"set"},"product_cat":[1463],"product_tag":[767],"_links":{"self":[{"href":"https:\/\/pfkeepers.com\/english\/wp-json\/wp\/v2\/product\/48814"}],"collection":[{"href":"https:\/\/pfkeepers.com\/english\/wp-json\/wp\/v2\/product"}],"about":[{"href":"https:\/\/pfkeepers.com\/english\/wp-json\/wp\/v2\/types\/product"}],"wp:featuredmedia":[{"embeddable":true,"href":"https:\/\/pfkeepers.com\/english\/wp-json\/wp\/v2\/media\/345971"}],"wp:attachment":[{"href":"https:\/\/pfkeepers.com\/english\/wp-json\/wp\/v2\/media?parent=48814"}],"wp:term":[{"taxonomy":"product_cat","embeddable":true,"href":"https:\/\/pfkeepers.com\/english\/wp-json\/wp\/v2\/product_cat?post=48814"},{"taxonomy":"product_tag","embeddable":true,"href":"https:\/\/pfkeepers.com\/english\/wp-json\/wp\/v2\/product_tag?post=48814"}],"curies":[{"name":"wp","href":"https:\/\/api.w.org\/{rel}","templated":true}]}}