{"id":48804,"date":"2024-03-04T13:11:09","date_gmt":"2024-03-04T13:11:09","guid":{"rendered":"https:\/\/pfkeepers.com\/produto\/midas-blenny-ecsenius-midas\/"},"modified":"2026-04-18T23:54:09","modified_gmt":"2026-04-18T23:54:09","slug":"midas-blenny-ecsenius-midas","status":"publish","type":"product","link":"https:\/\/pfkeepers.com\/english\/product\/midas-blenny-ecsenius-midas\/","title":{"rendered":"Midas Blenny &#8211; Ecsenius midas"},"content":{"rendered":"<p>N\u00edvel de cuidado: f\u00e1cil<\/p>\n<p>Temperamento: pac\u00edfico<\/p>\n<p>Dieta: On\u00edvoro<\/p>\n<p>Compat\u00edvel com recife: SIM<\/p>\n<p>Origem: \u00c1frica, Maldivas<\/p>\n<p>Fam\u00edlia: Blenniidae<\/p>\n<p>O Midas Blenny \u00e9 um excelente candidato para tanque de recife. \u00c9 um belo e profundo amarelo-dourado com uma sombra azul sob o queixo e olhos brilhantes de contorno azul. Ao nadar, o movimento que usam \u00e9 muito semelhante ao de uma enguia.<br \/>\nEste blenny ir\u00e1 apreciar um tanque m\u00ednimo de 30 gal\u00f5es ou maior, com v\u00e1rias pedras nas quais se apoiar. \u00c0s vezes, o Midas Blenny irrita pequenos planct\u00edvoros e \u00e9 conhecido por beliscar vaga-lumes e gobies. Tanques maiores s\u00e3o vantajosos, pois muitos dos tra\u00e7os de comportamento agressivo do Midas Blenny parecem estar relacionados a uma situa\u00e7\u00e3o de tanque confinante.<\/p>\n<p>Ao contr\u00e1rio da maioria dos blennies, o Midas Blenny requer uma dieta rica em carne, incluindo carne de crust\u00e1ceo finamente picada, mysis e art\u00e9mia enriquecida com vitaminas, junto com prepara\u00e7\u00f5es herb\u00edvoras congeladas, micro e algas verde-azuladas.<\/p>","protected":false},"excerpt":{"rendered":"<div class=\"ast-oembed-container\" style=\"height: 100%\"><\/div>","protected":false},"featured_media":48805,"template":"","meta":{"site-sidebar-layout":"default","site-content-layout":"","ast-site-content-layout":"default","site-content-style":"default","site-sidebar-style":"default","ast-global-header-display":"","ast-banner-title-visibility":"","ast-main-header-display":"","ast-hfb-above-header-display":"","ast-hfb-below-header-display":"","ast-hfb-mobile-header-display":"","site-post-title":"","ast-breadcrumbs-content":"","ast-featured-img":"","footer-sml-layout":"","theme-transparent-header-meta":"default","adv-header-id-meta":"","stick-header-meta":"","header-above-stick-meta":"","header-main-stick-meta":"","header-below-stick-meta":"","astra-migrate-meta-layouts":"set"},"product_cat":[1355],"product_tag":[],"_links":{"self":[{"href":"https:\/\/pfkeepers.com\/english\/wp-json\/wp\/v2\/product\/48804"}],"collection":[{"href":"https:\/\/pfkeepers.com\/english\/wp-json\/wp\/v2\/product"}],"about":[{"href":"https:\/\/pfkeepers.com\/english\/wp-json\/wp\/v2\/types\/product"}],"wp:featuredmedia":[{"embeddable":true,"href":"https:\/\/pfkeepers.com\/english\/wp-json\/wp\/v2\/media\/48805"}],"wp:attachment":[{"href":"https:\/\/pfkeepers.com\/english\/wp-json\/wp\/v2\/media?parent=48804"}],"wp:term":[{"taxonomy":"product_cat","embeddable":true,"href":"https:\/\/pfkeepers.com\/english\/wp-json\/wp\/v2\/product_cat?post=48804"},{"taxonomy":"product_tag","embeddable":true,"href":"https:\/\/pfkeepers.com\/english\/wp-json\/wp\/v2\/product_tag?post=48804"}],"curies":[{"name":"wp","href":"https:\/\/api.w.org\/{rel}","templated":true}]}}