{"id":48798,"date":"2024-03-04T13:10:58","date_gmt":"2024-03-04T13:10:58","guid":{"rendered":"https:\/\/pfkeepers.com\/produto\/black-white-clown-amphiprion-ocellaris\/"},"modified":"2026-04-18T23:54:03","modified_gmt":"2026-04-18T23:54:03","slug":"black-white-clown-amphiprion-ocellaris","status":"publish","type":"product","link":"https:\/\/pfkeepers.com\/english\/product\/black-white-clown-amphiprion-ocellaris\/","title":{"rendered":"Black &amp; White &#8211; Amphiprion ocellaris"},"content":{"rendered":"<p>N\u00edvel de cuidado: f\u00e1cil<\/p>\n<p>Temperamento: Semi-agressivo<\/p>\n<p>Dieta: On\u00edvoro<\/p>\n<p>Compat\u00edvel com recife: SIM<\/p>\n<p>Fam\u00edlia: Pomacentridae<\/p>\n<p>O peixe-palha\u00e7o Ocellaris preto e branco, tamb\u00e9m conhecido como Black Perc, Black Percula Clown Anemonefish ou Black and White False Percula Clown e \u00e9 normalmente encontrado em associa\u00e7\u00e3o com an\u00eamonas nos recifes do Mar de Coral. Pode ser encontrada individualmente, ou mais comumente, em pares ou pequenos grupos dentro da mesma an\u00eamona, como Heteractis magnifica ou Stichodactyla mertensii. Estes peixes-palha\u00e7o criados em cativeiro crescem at\u00e9 um tamanho m\u00e1ximo de 3 polegadas no aqu\u00e1rio e podem ser mantidos sozinhos ou em grupos.<br \/>\nO peixe-palha\u00e7o Ocellaris preto e branco \u00e9 muito distinto com seu corpo preto e tr\u00eas listras brancas em cada lado. Eles s\u00e3o muito resistentes e s\u00e3o perfeitos para o aquarista novato ou experiente. Curiosamente, o peixe-palha\u00e7o Ocellaris preto e branco come\u00e7a a vida vestindo uma colora\u00e7\u00e3o laranja que lentamente muda para uma bela colora\u00e7\u00e3o caramelo ou marrom como juvenis. O peixe-palha\u00e7o Ocellaris preto e branco leva cerca de um ano para escurecer gradualmente at\u00e9 sua colora\u00e7\u00e3o preta como o azeviche final. N\u00e3o \u00e9 incomum que alguns indiv\u00edduos adultos mantenham tra\u00e7os da colora\u00e7\u00e3o laranja \/ \u00e2mbar, especialmente ao redor da boca e do rosto.<\/p>\n<p>O peixe-palha\u00e7o Ocellaris preto e branco \u00e9 um bom candidato para um aqu\u00e1rio de recife. Se introduzidos no aqu\u00e1rio ao mesmo tempo, muitas variedades de palha\u00e7os criados em tanques podem ser mantidos juntos no aqu\u00e1rio.<\/p>\n<p>Peixes-palha\u00e7o criados em cativeiro s\u00e3o f\u00e1ceis de criar no aqu\u00e1rio dom\u00e9stico. As f\u00eameas ser\u00e3o as maiores do par e geralmente dois peixes ficar\u00e3o pr\u00f3ximos um do outro no aqu\u00e1rio. Esses peixes s\u00e3o camadas de ovos e ir\u00e3o depositar os ovos em uma superf\u00edcie plana e defender os ovos de outros companheiros de tanque. Os ovos chocar\u00e3o normalmente em 6-11 dias, dependendo da temperatura. Os alevinos devem ser criados em um aqu\u00e1rio separado com uma dieta de rot\u00edferos e depois de art\u00eamia beb\u00ea.<\/p>\n<p>Os peixes-palha\u00e7o criados em cativeiro s\u00e3o on\u00edvoros, exigindo alimentos carnudos e tamb\u00e9m verduras em sua dieta. Um alimento marinho em flocos de alta qualidade, rico em algas espirulina, bem como alimentos liofilizados e congelados s\u00e3o prontamente aceitos.<\/p>","protected":false},"excerpt":{"rendered":"<p>N\u00edvel de cuidado: f\u00e1cil Temperamento: Semi-agressivo Dieta: On\u00edvoro Compat\u00edvel com recife: SIM Fam\u00edlia: Pomacentridae O peixe-palha\u00e7o Ocellaris preto e branco, tamb\u00e9m conhecido como Black Perc, Black Percula Clown Anemonefish ou Black and White False Percula Clown e \u00e9 normalmente encontrado em associa\u00e7\u00e3o com an\u00eamonas nos recifes do Mar de Coral. Pode ser encontrada individualmente, ou &hellip;<\/p>\n<p class=\"read-more\"> <a class=\"\" href=\"https:\/\/pfkeepers.com\/english\/product\/black-white-clown-amphiprion-ocellaris\/\"> <span class=\"screen-reader-text\">Black &amp; White &#8211; Amphiprion ocellaris<\/span> Read More &raquo;<\/a><\/p>","protected":false},"featured_media":48799,"template":"","meta":{"site-sidebar-layout":"default","site-content-layout":"","ast-site-content-layout":"default","site-content-style":"default","site-sidebar-style":"default","ast-global-header-display":"","ast-banner-title-visibility":"","ast-main-header-display":"","ast-hfb-above-header-display":"","ast-hfb-below-header-display":"","ast-hfb-mobile-header-display":"","site-post-title":"","ast-breadcrumbs-content":"","ast-featured-img":"","footer-sml-layout":"","theme-transparent-header-meta":"default","adv-header-id-meta":"","stick-header-meta":"","header-above-stick-meta":"","header-main-stick-meta":"","header-below-stick-meta":"","astra-migrate-meta-layouts":"set"},"product_cat":[1355],"product_tag":[],"_links":{"self":[{"href":"https:\/\/pfkeepers.com\/english\/wp-json\/wp\/v2\/product\/48798"}],"collection":[{"href":"https:\/\/pfkeepers.com\/english\/wp-json\/wp\/v2\/product"}],"about":[{"href":"https:\/\/pfkeepers.com\/english\/wp-json\/wp\/v2\/types\/product"}],"wp:featuredmedia":[{"embeddable":true,"href":"https:\/\/pfkeepers.com\/english\/wp-json\/wp\/v2\/media\/48799"}],"wp:attachment":[{"href":"https:\/\/pfkeepers.com\/english\/wp-json\/wp\/v2\/media?parent=48798"}],"wp:term":[{"taxonomy":"product_cat","embeddable":true,"href":"https:\/\/pfkeepers.com\/english\/wp-json\/wp\/v2\/product_cat?post=48798"},{"taxonomy":"product_tag","embeddable":true,"href":"https:\/\/pfkeepers.com\/english\/wp-json\/wp\/v2\/product_tag?post=48798"}],"curies":[{"name":"wp","href":"https:\/\/api.w.org\/{rel}","templated":true}]}}