{"id":48794,"date":"2024-03-04T13:10:52","date_gmt":"2024-03-04T13:10:52","guid":{"rendered":"https:\/\/pfkeepers.com\/produto\/snail-super-turbo-turbo-fluctuosa\/"},"modified":"2026-04-18T23:53:57","modified_gmt":"2026-04-18T23:53:57","slug":"snail-super-turbo-turbo-fluctuosa","status":"publish","type":"product","link":"https:\/\/pfkeepers.com\/english\/product\/snail-super-turbo-turbo-fluctuosa\/","title":{"rendered":"Snail Super Turbo &#8211; Turbo fluctuosa"},"content":{"rendered":"<p>O caracol Turbo \u00e9 uma excelente escolha como parte da sua tripula\u00e7\u00e3o de limpeza &#8211; pois consumir\u00e1 agressivamente grandes quantidades de algas inc\u00f3modas. Os carac\u00f3is Turbo adoram pendurar-se no vidro e nas rochas comendo muitos tipos de algas. S\u00e3o nativos das Cara\u00edbas e do Golfo do M\u00e9xico. Uma grande preocupa\u00e7\u00e3o com os carac\u00f3is turbo \u00e9 a sua incapacidade de se endireitarem se forem virados, por isso, n\u00e3o os mantenha num ambiente com companheiros de tanque agressivos que os possam virar intencionalmente. Dado que o caracol turbo \u00e9 um caracol que come algas, devem estar presentes algas suficientes para a manuten\u00e7\u00e3o adequada do animal. \u00c9 aconselh\u00e1vel encomendar este caracol em pequenas quantidades, uma vez que a sua alimenta\u00e7\u00e3o suplementar pode revelar-se dif\u00edcil. Os carac\u00f3is turbo podem ser sens\u00edveis a mudan\u00e7as r\u00e1pidas de salinidade e pH, pelo que se sugere uma lenta aclimata\u00e7\u00e3o por gotejamento.<\/p>\n<p>Traduzido com a vers\u00e3o gratuita do tradutor &#8211; www.DeepL.com\/Translator<\/p>","protected":false},"excerpt":{"rendered":"<p>O caracol Turbo \u00e9 uma excelente escolha como parte da sua tripula\u00e7\u00e3o de limpeza &#8211; pois consumir\u00e1 agressivamente grandes quantidades de algas inc\u00f3modas. Os carac\u00f3is Turbo adoram pendurar-se no vidro e nas rochas comendo muitos tipos de algas. S\u00e3o nativos das Cara\u00edbas e do Golfo do M\u00e9xico. Uma grande preocupa\u00e7\u00e3o com os carac\u00f3is turbo \u00e9 &hellip;<\/p>\n<p class=\"read-more\"> <a class=\"\" href=\"https:\/\/pfkeepers.com\/english\/product\/snail-super-turbo-turbo-fluctuosa\/\"> <span class=\"screen-reader-text\">Snail Super Turbo &#8211; Turbo fluctuosa<\/span> Read More &raquo;<\/a><\/p>","protected":false},"featured_media":48795,"template":"","meta":{"site-sidebar-layout":"default","site-content-layout":"","ast-site-content-layout":"default","site-content-style":"default","site-sidebar-style":"default","ast-global-header-display":"","ast-banner-title-visibility":"","ast-main-header-display":"","ast-hfb-above-header-display":"","ast-hfb-below-header-display":"","ast-hfb-mobile-header-display":"","site-post-title":"","ast-breadcrumbs-content":"","ast-featured-img":"","footer-sml-layout":"","theme-transparent-header-meta":"default","adv-header-id-meta":"","stick-header-meta":"","header-above-stick-meta":"","header-main-stick-meta":"","header-below-stick-meta":"","astra-migrate-meta-layouts":"set"},"product_cat":[1356],"product_tag":[],"_links":{"self":[{"href":"https:\/\/pfkeepers.com\/english\/wp-json\/wp\/v2\/product\/48794"}],"collection":[{"href":"https:\/\/pfkeepers.com\/english\/wp-json\/wp\/v2\/product"}],"about":[{"href":"https:\/\/pfkeepers.com\/english\/wp-json\/wp\/v2\/types\/product"}],"wp:featuredmedia":[{"embeddable":true,"href":"https:\/\/pfkeepers.com\/english\/wp-json\/wp\/v2\/media\/48795"}],"wp:attachment":[{"href":"https:\/\/pfkeepers.com\/english\/wp-json\/wp\/v2\/media?parent=48794"}],"wp:term":[{"taxonomy":"product_cat","embeddable":true,"href":"https:\/\/pfkeepers.com\/english\/wp-json\/wp\/v2\/product_cat?post=48794"},{"taxonomy":"product_tag","embeddable":true,"href":"https:\/\/pfkeepers.com\/english\/wp-json\/wp\/v2\/product_tag?post=48794"}],"curies":[{"name":"wp","href":"https:\/\/api.w.org\/{rel}","templated":true}]}}