{"id":48792,"date":"2024-03-04T13:10:48","date_gmt":"2024-03-04T13:10:48","guid":{"rendered":"https:\/\/pfkeepers.com\/produto\/spotted-or-pajama-cardinal-sphaeramia-nematoptera\/"},"modified":"2026-04-18T23:53:51","modified_gmt":"2026-04-18T23:53:51","slug":"spotted-or-pajama-cardinal-sphaeramia-nematoptera","status":"publish","type":"product","link":"https:\/\/pfkeepers.com\/english\/product\/spotted-or-pajama-cardinal-sphaeramia-nematoptera\/","title":{"rendered":"Spotted Cardinal &#8211; Sphaeramia nematoptera"},"content":{"rendered":"<p>N\u00edvel de cuidado: f\u00e1cil<\/p>\n<p>Temperamento: pac\u00edfico<\/p>\n<p>Dieta: Carn\u00edvoro<\/p>\n<p>Origem: Fiji, Indon\u00e9sia, Sri Lanka<\/p>\n<p>Fam\u00edlia: Apogonidae<\/p>\n<p>O Peixe Cardinal do Pijama \u00e9 um arco-\u00edris de cores l\u00fadicas. Tem um rosto amarelo-esverdeado, olhos laranja brilhantes e um corpo prateado revestido com uma margem escalar preta arrojada e uma parte posterior pontilhada com bolinhas laranja. Embora sua colora\u00e7\u00e3o ousada possa se destacar, Sphaeramia nematoptera tem uma natureza pac\u00edfica que a permite se misturar perfeitamente em qualquer aqu\u00e1rio de \u00e1gua salgada da comunidade.<br \/>\nPara o melhor cuidado, o Peixe Cardinal do Pijama deve ser mantido em pequenos cardumes em aqu\u00e1rios de tamanho adequado de pelo menos 30 gal\u00f5es. Como o Peixe Cardinal do Pijama \u00e9 um nadador lento e met\u00f3dico, ele deveria ser alojado com companheiros de tanque pac\u00edficos e oferecer uma infinidade de esconderijos entre rochas ou plantas. A maioria dos cardinais do pijama tende a se esconder na grama do mar ou em outras plantas. Alguns tamb\u00e9m podem se camuflar contra ouri\u00e7os-do-mar de espinhos longos.<\/p>\n<p>Como muitos outros peixes cardeais, o Peixe Cardinal do Pijama formar\u00e1 uma hierarquia r\u00edgida quando mantido em pequenos grupos dentro do aqu\u00e1rio. No entanto, ao contr\u00e1rio de alguns peixes sociais, este membro da fam\u00edlia Apogonidae n\u00e3o usa a agress\u00e3o para exercer dom\u00ednio sobre outros peixes cardinais.<\/p>\n<p>O Peixe Cardinal do Pijama requer uma dieta bem balanceada de alimentos carnudos, como camar\u00e3o, flocos, pellets, carne marinha, vermes sangu\u00edneos e, dependendo de seu tamanho, peixes vivos.<\/p>","protected":false},"excerpt":{"rendered":"<p>N\u00edvel de cuidado: f\u00e1cil Temperamento: pac\u00edfico Dieta: Carn\u00edvoro Origem: Fiji, Indon\u00e9sia, Sri Lanka Fam\u00edlia: Apogonidae O Peixe Cardinal do Pijama \u00e9 um arco-\u00edris de cores l\u00fadicas. Tem um rosto amarelo-esverdeado, olhos laranja brilhantes e um corpo prateado revestido com uma margem escalar preta arrojada e uma parte posterior pontilhada com bolinhas laranja. Embora sua colora\u00e7\u00e3o &hellip;<\/p>\n<p class=\"read-more\"> <a class=\"\" href=\"https:\/\/pfkeepers.com\/english\/product\/spotted-or-pajama-cardinal-sphaeramia-nematoptera\/\"> <span class=\"screen-reader-text\">Spotted Cardinal &#8211; Sphaeramia nematoptera<\/span> Read More &raquo;<\/a><\/p>","protected":false},"featured_media":48793,"template":"","meta":{"site-sidebar-layout":"default","site-content-layout":"","ast-site-content-layout":"default","site-content-style":"default","site-sidebar-style":"default","ast-global-header-display":"","ast-banner-title-visibility":"","ast-main-header-display":"","ast-hfb-above-header-display":"","ast-hfb-below-header-display":"","ast-hfb-mobile-header-display":"","site-post-title":"","ast-breadcrumbs-content":"","ast-featured-img":"","footer-sml-layout":"","theme-transparent-header-meta":"default","adv-header-id-meta":"","stick-header-meta":"","header-above-stick-meta":"","header-main-stick-meta":"","header-below-stick-meta":"","astra-migrate-meta-layouts":"set"},"product_cat":[1355],"product_tag":[],"_links":{"self":[{"href":"https:\/\/pfkeepers.com\/english\/wp-json\/wp\/v2\/product\/48792"}],"collection":[{"href":"https:\/\/pfkeepers.com\/english\/wp-json\/wp\/v2\/product"}],"about":[{"href":"https:\/\/pfkeepers.com\/english\/wp-json\/wp\/v2\/types\/product"}],"wp:featuredmedia":[{"embeddable":true,"href":"https:\/\/pfkeepers.com\/english\/wp-json\/wp\/v2\/media\/48793"}],"wp:attachment":[{"href":"https:\/\/pfkeepers.com\/english\/wp-json\/wp\/v2\/media?parent=48792"}],"wp:term":[{"taxonomy":"product_cat","embeddable":true,"href":"https:\/\/pfkeepers.com\/english\/wp-json\/wp\/v2\/product_cat?post=48792"},{"taxonomy":"product_tag","embeddable":true,"href":"https:\/\/pfkeepers.com\/english\/wp-json\/wp\/v2\/product_tag?post=48792"}],"curies":[{"name":"wp","href":"https:\/\/api.w.org\/{rel}","templated":true}]}}