{"id":48786,"date":"2024-03-04T13:10:38","date_gmt":"2024-03-04T13:10:38","guid":{"rendered":"https:\/\/pfkeepers.com\/produto\/fox-face-fiji-sm-siganus-uspi\/"},"modified":"2026-04-18T23:53:40","modified_gmt":"2026-04-18T23:53:40","slug":"fox-face-fiji-sm-siganus-uspi","status":"publish","type":"product","link":"https:\/\/pfkeepers.com\/english\/product\/fox-face-fiji-sm-siganus-uspi\/","title":{"rendered":"Fiji Fox Face &#8211; Siganus uspi"},"content":{"rendered":"<p>N\u00edvel de cuidados: Moderado<\/p>\n<p>Temperamento: Pac\u00edfico<\/p>\n<p>Dieta: Herb\u00edvoro<\/p>\n<p>Compat\u00edvel com recife: com precau\u00e7\u00e3o<\/p>\n<p>Condi\u00e7\u00f5es da \u00e1gua: 72-78\u00b0 F, dKH 8-12, pH 8,1-8,4, sg 1,020-1,025<\/p>\n<p>M\u00e1x. Tamanho: 10&#8243;<\/p>\n<p>Venenoso: Sim<\/p>\n<p>Fam\u00edlia: Siganidae<\/p>\n<p>O Bicolor Foxface, tamb\u00e9m chamado de Bicolored Foxface ou Uspi Spinefoot, tem uma colora\u00e7\u00e3o corporal \u00fanica. Os dois ter\u00e7os da frente do corpo s\u00e3o castanho-escuros, e o ter\u00e7o posterior \u00e9 amarelo.<br \/>\nRequer um aqu\u00e1rio de 125 litros ou maior. \u00c9 uma esp\u00e9cie muito pac\u00edfica, exceto quando alojada com outros peixes-coelho. O Bicolor Foxface pode ser alojado com peixes mais agressivos. Os seus predadores tendem a deix\u00e1-lo em paz por causa dos seus espinhos dorsais venenosos, que pode levantar quando perturbado. Os peixes-coelho s\u00e3o geralmente seguros para os recifes se forem bem alimentados. Caso contr\u00e1rio, \u00e9 poss\u00edvel que mordisquem e consumam algumas esp\u00e9cies de LPS e corais moles.<\/p>\n<p>A sua dieta consiste numa variedade de vegetais frescos e algas. Belisca e possivelmente come alguns p\u00f3lipos de corais moles e duros.<\/p>","protected":false},"excerpt":{"rendered":"<p>N\u00edvel de cuidados: Moderado Temperamento: Pac\u00edfico Dieta: Herb\u00edvoro Compat\u00edvel com recife: com precau\u00e7\u00e3o Condi\u00e7\u00f5es da \u00e1gua: 72-78\u00b0 F, dKH 8-12, pH 8,1-8,4, sg 1,020-1,025 M\u00e1x. Tamanho: 10&#8243; Venenoso: Sim Fam\u00edlia: Siganidae O Bicolor Foxface, tamb\u00e9m chamado de Bicolored Foxface ou Uspi Spinefoot, tem uma colora\u00e7\u00e3o corporal \u00fanica. Os dois ter\u00e7os da frente do corpo s\u00e3o &hellip;<\/p>\n<p class=\"read-more\"> <a class=\"\" href=\"https:\/\/pfkeepers.com\/english\/product\/fox-face-fiji-sm-siganus-uspi\/\"> <span class=\"screen-reader-text\">Fiji Fox Face &#8211; Siganus uspi<\/span> Read More &raquo;<\/a><\/p>","protected":false},"featured_media":48787,"template":"","meta":{"site-sidebar-layout":"default","site-content-layout":"","ast-site-content-layout":"default","site-content-style":"default","site-sidebar-style":"default","ast-global-header-display":"","ast-banner-title-visibility":"","ast-main-header-display":"","ast-hfb-above-header-display":"","ast-hfb-below-header-display":"","ast-hfb-mobile-header-display":"","site-post-title":"","ast-breadcrumbs-content":"","ast-featured-img":"","footer-sml-layout":"","theme-transparent-header-meta":"default","adv-header-id-meta":"","stick-header-meta":"","header-above-stick-meta":"","header-main-stick-meta":"","header-below-stick-meta":"","astra-migrate-meta-layouts":"set"},"product_cat":[1355],"product_tag":[],"_links":{"self":[{"href":"https:\/\/pfkeepers.com\/english\/wp-json\/wp\/v2\/product\/48786"}],"collection":[{"href":"https:\/\/pfkeepers.com\/english\/wp-json\/wp\/v2\/product"}],"about":[{"href":"https:\/\/pfkeepers.com\/english\/wp-json\/wp\/v2\/types\/product"}],"wp:featuredmedia":[{"embeddable":true,"href":"https:\/\/pfkeepers.com\/english\/wp-json\/wp\/v2\/media\/48787"}],"wp:attachment":[{"href":"https:\/\/pfkeepers.com\/english\/wp-json\/wp\/v2\/media?parent=48786"}],"wp:term":[{"taxonomy":"product_cat","embeddable":true,"href":"https:\/\/pfkeepers.com\/english\/wp-json\/wp\/v2\/product_cat?post=48786"},{"taxonomy":"product_tag","embeddable":true,"href":"https:\/\/pfkeepers.com\/english\/wp-json\/wp\/v2\/product_tag?post=48786"}],"curies":[{"name":"wp","href":"https:\/\/api.w.org\/{rel}","templated":true}]}}