{"id":48776,"date":"2024-03-04T13:10:22","date_gmt":"2024-03-04T13:10:22","guid":{"rendered":"https:\/\/pfkeepers.com\/produto\/orange-tail-damsel-chrysiptera-cyanea\/"},"modified":"2025-02-27T20:06:47","modified_gmt":"2025-02-27T20:06:47","slug":"orange-tail-damsel-chrysiptera-cyanea","status":"publish","type":"product","link":"https:\/\/pfkeepers.com\/english\/product\/orange-tail-damsel-chrysiptera-cyanea\/","title":{"rendered":"Orange Tail Damsel- Chrysiptera cyanea"},"content":{"rendered":"<p>N\u00edvel de Cuidado: F\u00e1cil<\/p>\n<p>Temperamento: Semi-agressivo<\/p>\n<p>Dieta: On\u00edvoro<\/p>\n<p>Compat\u00edvel com Recife: SIM<\/p>\n<p>Fam\u00edlia: Pomacentridae<\/p>\n<p>Origem: Austr\u00e1lia, Indon\u00e9sia, Nova Caled\u00f4nia<\/p>\n<p>O Orangetail Blue Damselfish \u00e9 o nome comum para o macho Blue Damselfish, tamb\u00e9m conhecido como Blue Devil Damselfish. A f\u00eamea \u00e9 toda azul; o macho tem uma cauda laranja. O Blue Damselfish \u00e9 a Molly dos aqu\u00e1rios de \u00e1gua salgada. \u00c9 um peixe muito colorido, resistente e ativo. Na natureza, os Blue Damselfish s\u00e3o encontrados em recifes, geralmente ocupados defendendo um pequeno territ\u00f3rio. O Blue Damselfish tem a capacidade de se esconder em um buraco ou fenda e escurecer at\u00e9 uma cor quase preta. Isso geralmente acontece quando est\u00e1 amea\u00e7ado. Depois que a amea\u00e7a percebida desaparecer, ela ficar\u00e1 azul el\u00e9trica em quest\u00e3o de segundos.<\/p>\n<p>O Orangetail Blue Damselfish \u00e9 um pouco agressivo, ent\u00e3o sua carca\u00e7a deve ser capaz de acomodar facilmente v\u00e1rios esp\u00e9cimes. \u00c9 um bom peixe para iniciantes e \u00e9 um peixe companheiro ideal para um tanque de \u00e1gua salgada de mais de 30 gal\u00f5es, e como um \u00f3timo companheiro para recifes e invertebrados. \u00c0 medida que o peixe amadurece, ele pode se tornar agressivo, causando problemas na sele\u00e7\u00e3o de outras esp\u00e9cies para serem adicionadas ao aqu\u00e1rio. Se ficar com outras donzelas, forne\u00e7a v\u00e1rios esconderijos para dividir territ\u00f3rios e diminuir a agress\u00e3o.<\/p>\n<p>A dieta Orangetail Blue Damselfish deve consistir em alimentos em flocos e congelados e prepara\u00e7\u00f5es herb\u00edvoras.<\/p>","protected":false},"excerpt":{"rendered":"<p>N\u00edvel de Cuidado: F\u00e1cil Temperamento: Semi-agressivo Dieta: On\u00edvoro Compat\u00edvel com Recife: SIM Fam\u00edlia: Pomacentridae Origem: Austr\u00e1lia, Indon\u00e9sia, Nova Caled\u00f4nia O Orangetail Blue Damselfish \u00e9 o nome comum para o macho Blue Damselfish, tamb\u00e9m conhecido como Blue Devil Damselfish. A f\u00eamea \u00e9 toda azul; o macho tem uma cauda laranja. O Blue Damselfish \u00e9 a Molly &hellip;<\/p>\n<p class=\"read-more\"> <a class=\"\" href=\"https:\/\/pfkeepers.com\/english\/product\/orange-tail-damsel-chrysiptera-cyanea\/\"> <span class=\"screen-reader-text\">Orange Tail Damsel- Chrysiptera cyanea<\/span> Read More &raquo;<\/a><\/p>","protected":false},"featured_media":48777,"template":"","meta":{"site-sidebar-layout":"default","site-content-layout":"","ast-site-content-layout":"","site-content-style":"default","site-sidebar-style":"default","ast-global-header-display":"","ast-banner-title-visibility":"","ast-main-header-display":"","ast-hfb-above-header-display":"","ast-hfb-below-header-display":"","ast-hfb-mobile-header-display":"","site-post-title":"","ast-breadcrumbs-content":"","ast-featured-img":"","footer-sml-layout":"","theme-transparent-header-meta":"","adv-header-id-meta":"","stick-header-meta":"","header-above-stick-meta":"","header-main-stick-meta":"","header-below-stick-meta":"","astra-migrate-meta-layouts":""},"product_cat":[1355],"product_tag":[1028],"_links":{"self":[{"href":"https:\/\/pfkeepers.com\/english\/wp-json\/wp\/v2\/product\/48776"}],"collection":[{"href":"https:\/\/pfkeepers.com\/english\/wp-json\/wp\/v2\/product"}],"about":[{"href":"https:\/\/pfkeepers.com\/english\/wp-json\/wp\/v2\/types\/product"}],"wp:featuredmedia":[{"embeddable":true,"href":"https:\/\/pfkeepers.com\/english\/wp-json\/wp\/v2\/media\/48777"}],"wp:attachment":[{"href":"https:\/\/pfkeepers.com\/english\/wp-json\/wp\/v2\/media?parent=48776"}],"wp:term":[{"taxonomy":"product_cat","embeddable":true,"href":"https:\/\/pfkeepers.com\/english\/wp-json\/wp\/v2\/product_cat?post=48776"},{"taxonomy":"product_tag","embeddable":true,"href":"https:\/\/pfkeepers.com\/english\/wp-json\/wp\/v2\/product_tag?post=48776"}],"curies":[{"name":"wp","href":"https:\/\/api.w.org\/{rel}","templated":true}]}}