{"id":48760,"date":"2024-03-04T13:09:59","date_gmt":"2024-03-04T13:09:59","guid":{"rendered":"https:\/\/pfkeepers.com\/produto\/cryptocoryne-beckettii-petc-easy-tropica-plant\/"},"modified":"2026-04-18T02:37:38","modified_gmt":"2026-04-18T02:37:38","slug":"cryptocoryne-beckettii-petc-easy-tropica-plant","status":"publish","type":"product","link":"https:\/\/pfkeepers.com\/english\/product\/cryptocoryne-beckettii-petc-easy-tropica-plant\/","title":{"rendered":"Cryptocoryne beckettii \u00b4\u00b4Petc&#8220; Easy on Lavastone Tropica"},"content":{"rendered":"<p>Cryptocoryne beckettii &#8216;Petchii&#8217; enraizado em pedra de lava.<\/p>\n<p>Cryptocoryne beckettii &#8216;Petchii&#8217; \u00e9 uma pequena variedade de Cryptocoryne beckettii do Sri Lanka, que tem belas margens de folhas levemente caneladas, com 10-15 cm de comprimento. As folhas tornam-se marrom-oliva escuras com a parte inferior violeta. Como muitos outros Cryptocorynes, a cor e a forma das folhas dependem em grande parte das condi\u00e7\u00f5es ambientais do aqu\u00e1rio.<\/p>\n<p>Informa\u00e7\u00f5es da planta<br \/>\nTipo: Rosulado<br \/>\nOrigem: \u00c1sia<br \/>\nTaxa de crescimento: m\u00e9dia<br \/>\nAltura: 10 &#8211; 15+<br \/>\nDemanda de luz: Baixa<br \/>\nCO2: Baixo<\/p>","protected":false},"excerpt":{"rendered":"<p>Cryptocoryne beckettii &#8216;Petchii&#8217; enraizado em pedra de lava. Cryptocoryne beckettii &#8216;Petchii&#8217; \u00e9 uma pequena variedade de Cryptocoryne beckettii do Sri Lanka, que tem belas margens de folhas levemente caneladas, com 10-15 cm de comprimento. As folhas tornam-se marrom-oliva escuras com a parte inferior violeta. Como muitos outros Cryptocorynes, a cor e a forma das folhas &hellip;<\/p>\n<p class=\"read-more\"> <a class=\"\" href=\"https:\/\/pfkeepers.com\/english\/product\/cryptocoryne-beckettii-petc-easy-tropica-plant\/\"> <span class=\"screen-reader-text\">Cryptocoryne beckettii \u00b4\u00b4Petc&#8220; Easy on Lavastone Tropica<\/span> Read More &raquo;<\/a><\/p>","protected":false},"featured_media":60948,"template":"","meta":{"site-sidebar-layout":"default","site-content-layout":"","ast-site-content-layout":"default","site-content-style":"default","site-sidebar-style":"default","ast-global-header-display":"","ast-banner-title-visibility":"","ast-main-header-display":"","ast-hfb-above-header-display":"","ast-hfb-below-header-display":"","ast-hfb-mobile-header-display":"","site-post-title":"","ast-breadcrumbs-content":"","ast-featured-img":"","footer-sml-layout":"","theme-transparent-header-meta":"default","adv-header-id-meta":"","stick-header-meta":"","header-above-stick-meta":"","header-main-stick-meta":"","header-below-stick-meta":"","astra-migrate-meta-layouts":"set"},"product_cat":[1517],"product_tag":[1064],"_links":{"self":[{"href":"https:\/\/pfkeepers.com\/english\/wp-json\/wp\/v2\/product\/48760"}],"collection":[{"href":"https:\/\/pfkeepers.com\/english\/wp-json\/wp\/v2\/product"}],"about":[{"href":"https:\/\/pfkeepers.com\/english\/wp-json\/wp\/v2\/types\/product"}],"wp:featuredmedia":[{"embeddable":true,"href":"https:\/\/pfkeepers.com\/english\/wp-json\/wp\/v2\/media\/60948"}],"wp:attachment":[{"href":"https:\/\/pfkeepers.com\/english\/wp-json\/wp\/v2\/media?parent=48760"}],"wp:term":[{"taxonomy":"product_cat","embeddable":true,"href":"https:\/\/pfkeepers.com\/english\/wp-json\/wp\/v2\/product_cat?post=48760"},{"taxonomy":"product_tag","embeddable":true,"href":"https:\/\/pfkeepers.com\/english\/wp-json\/wp\/v2\/product_tag?post=48760"}],"curies":[{"name":"wp","href":"https:\/\/api.w.org\/{rel}","templated":true}]}}