{"id":48741,"date":"2024-03-04T13:09:12","date_gmt":"2024-03-04T13:09:12","guid":{"rendered":"https:\/\/pfkeepers.com\/produto\/ciano-water-clear-protection-size-m\/"},"modified":"2025-02-27T20:05:57","modified_gmt":"2025-02-27T20:05:57","slug":"ciano-water-clear-protection-size-m","status":"publish","type":"product","link":"https:\/\/pfkeepers.com\/english\/product\/ciano-water-clear-protection-size-m\/","title":{"rendered":"Ciano Water Clear &amp; Protection Size M"},"content":{"rendered":"<p>-Mant\u00e9m a \u00e1gua cristalina<\/p>\n<p>-Evita e elimina cores e odores<\/p>\n<p>-A\u00e7\u00e3o preventiva no aparecimento de algas<\/p>\n<p>&#8211; A durabilidade do cartucho \u00e9 de 30 dias.<\/p>\n<p>&#8211; Filtragem Qu\u00edmica<\/p>\n<p>-Deve ser usado diariamente<\/p>\n<p>ATEN\u00c7\u00c3O: Se voc\u00ea usar medicamentos no seu aqu\u00e1rio, remova o Cartucho Ciano.<\/p>","protected":false},"excerpt":{"rendered":"<p>-Mant\u00e9m a \u00e1gua cristalina -Evita e elimina cores e odores -A\u00e7\u00e3o preventiva no aparecimento de algas &#8211; A durabilidade do cartucho \u00e9 de 30 dias. &#8211; Filtragem Qu\u00edmica -Deve ser usado diariamente ATEN\u00c7\u00c3O: Se voc\u00ea usar medicamentos no seu aqu\u00e1rio, remova o Cartucho Ciano.<\/p>","protected":false},"featured_media":48742,"template":"","meta":{"site-sidebar-layout":"default","site-content-layout":"","ast-site-content-layout":"default","site-content-style":"default","site-sidebar-style":"default","ast-global-header-display":"","ast-banner-title-visibility":"","ast-main-header-display":"","ast-hfb-above-header-display":"","ast-hfb-below-header-display":"","ast-hfb-mobile-header-display":"","site-post-title":"","ast-breadcrumbs-content":"","ast-featured-img":"","footer-sml-layout":"","theme-transparent-header-meta":"default","adv-header-id-meta":"","stick-header-meta":"","header-above-stick-meta":"","header-main-stick-meta":"","header-below-stick-meta":"","astra-migrate-meta-layouts":"set"},"product_cat":[1583],"product_tag":[825],"_links":{"self":[{"href":"https:\/\/pfkeepers.com\/english\/wp-json\/wp\/v2\/product\/48741"}],"collection":[{"href":"https:\/\/pfkeepers.com\/english\/wp-json\/wp\/v2\/product"}],"about":[{"href":"https:\/\/pfkeepers.com\/english\/wp-json\/wp\/v2\/types\/product"}],"wp:featuredmedia":[{"embeddable":true,"href":"https:\/\/pfkeepers.com\/english\/wp-json\/wp\/v2\/media\/48742"}],"wp:attachment":[{"href":"https:\/\/pfkeepers.com\/english\/wp-json\/wp\/v2\/media?parent=48741"}],"wp:term":[{"taxonomy":"product_cat","embeddable":true,"href":"https:\/\/pfkeepers.com\/english\/wp-json\/wp\/v2\/product_cat?post=48741"},{"taxonomy":"product_tag","embeddable":true,"href":"https:\/\/pfkeepers.com\/english\/wp-json\/wp\/v2\/product_tag?post=48741"}],"curies":[{"name":"wp","href":"https:\/\/api.w.org\/{rel}","templated":true}]}}