{"id":48672,"date":"2024-03-04T13:06:56","date_gmt":"2024-03-04T13:06:56","guid":{"rendered":"https:\/\/pfkeepers.com\/produto\/salifert-phosphate-po4-test-60-tests\/"},"modified":"2026-04-18T23:52:30","modified_gmt":"2026-04-18T23:52:30","slug":"salifert-phosphate-po4-test-60-tests","status":"publish","type":"product","link":"https:\/\/pfkeepers.com\/english\/product\/salifert-phosphate-po4-test-60-tests\/","title":{"rendered":"Salifert Phosphate PO4 Test (60 Tests)"},"content":{"rendered":"<p>Se o fosfato estiver presente em uma concentra\u00e7\u00e3o muito alta, pode haver um aumento no crescimento de algas indesej\u00e1veis e se o n\u00edvel de fosfato for superior a 0,04 mg\/L, a taxa de crescimento dos corais e algas calc\u00e1rias pode diminuir em at\u00e9 90%.<\/p>\n<p>\u2022 O kit detecta, em 1 minuto, o n\u00edvel de fosfatos presentes.<\/p>\n<p>\u2022 Suficiente para 60 testes<\/p>","protected":false},"excerpt":{"rendered":"<p>Se o fosfato estiver presente em uma concentra\u00e7\u00e3o muito alta, pode haver um aumento no crescimento de algas indesej\u00e1veis e se o n\u00edvel de fosfato for superior a 0,04 mg\/L, a taxa de crescimento dos corais e algas calc\u00e1rias pode diminuir em at\u00e9 90%. \u2022 O kit detecta, em 1 minuto, o n\u00edvel de fosfatos &hellip;<\/p>\n<p class=\"read-more\"> <a class=\"\" href=\"https:\/\/pfkeepers.com\/english\/product\/salifert-phosphate-po4-test-60-tests\/\"> <span class=\"screen-reader-text\">Salifert Phosphate PO4 Test (60 Tests)<\/span> Read More &raquo;<\/a><\/p>","protected":false},"featured_media":48673,"template":"","meta":{"site-sidebar-layout":"default","site-content-layout":"","ast-site-content-layout":"default","site-content-style":"default","site-sidebar-style":"default","ast-global-header-display":"","ast-banner-title-visibility":"","ast-main-header-display":"","ast-hfb-above-header-display":"","ast-hfb-below-header-display":"","ast-hfb-mobile-header-display":"","site-post-title":"","ast-breadcrumbs-content":"","ast-featured-img":"","footer-sml-layout":"","theme-transparent-header-meta":"default","adv-header-id-meta":"","stick-header-meta":"","header-above-stick-meta":"","header-main-stick-meta":"","header-below-stick-meta":"","astra-migrate-meta-layouts":"set"},"product_cat":[1784],"product_tag":[1026],"_links":{"self":[{"href":"https:\/\/pfkeepers.com\/english\/wp-json\/wp\/v2\/product\/48672"}],"collection":[{"href":"https:\/\/pfkeepers.com\/english\/wp-json\/wp\/v2\/product"}],"about":[{"href":"https:\/\/pfkeepers.com\/english\/wp-json\/wp\/v2\/types\/product"}],"wp:featuredmedia":[{"embeddable":true,"href":"https:\/\/pfkeepers.com\/english\/wp-json\/wp\/v2\/media\/48673"}],"wp:attachment":[{"href":"https:\/\/pfkeepers.com\/english\/wp-json\/wp\/v2\/media?parent=48672"}],"wp:term":[{"taxonomy":"product_cat","embeddable":true,"href":"https:\/\/pfkeepers.com\/english\/wp-json\/wp\/v2\/product_cat?post=48672"},{"taxonomy":"product_tag","embeddable":true,"href":"https:\/\/pfkeepers.com\/english\/wp-json\/wp\/v2\/product_tag?post=48672"}],"curies":[{"name":"wp","href":"https:\/\/api.w.org\/{rel}","templated":true}]}}