{"id":48653,"date":"2024-03-04T13:06:19","date_gmt":"2024-03-04T13:06:19","guid":{"rendered":"https:\/\/pfkeepers.com\/produto\/artemia-mix-breeding-food-18g-sera\/"},"modified":"2026-04-18T02:37:02","modified_gmt":"2026-04-18T02:37:02","slug":"artemia-mix-breeding-food-18g-sera","status":"publish","type":"product","link":"https:\/\/pfkeepers.com\/english\/product\/artemia-mix-breeding-food-18g-sera\/","title":{"rendered":"Artemia Mix Breeding Food 18g Sera"},"content":{"rendered":"<p>Sera Artemia-Mix \u00e9 o alimento vivo para peixes de \u00e1gua doce e salgada. Al\u00e9m disso, basta preparar esta mistura instant\u00e2nea, que garante uma elevada taxa de eclos\u00e3o, com \u00e1gua.<\/p>\n<p>Portanto, ap\u00f3s 24 horas estar\u00e3o dispon\u00edveis os apreciados n\u00e1uplios de artemia, para o alimento dos peixes. Al\u00e9m disso, as saborosas larvas de crust\u00e1ceos \u00e9 um alimento de crescimento ideal para os peixes e al\u00e9m dos mais \u00e9 fortificante, cont\u00e9m nutrientes valiosos e equilibrados. Mas tamb\u00e9m os peixes \u00e1geis de grande tamanho e muitos antigos gostam de apanhar este petisco que favorece a vitalidade e tamb\u00e9m uns h\u00e1bitos alimentares naturais.<\/p>\n<p>O que \u00e9 Artemia?<br \/>\nA Artemia s\u00e3o pequenos crust\u00e1ceos que vivem em salinas ou lagos. Desta forma, servem aos aquaristas como grande fonte de prote\u00ednas. Al\u00e9m disso, trata-se de um das melhores comidas que se pode oferecer aos peixes. Os criadores de peixes ornamentais que querem ver a sua produ\u00e7\u00e3o crescer rapidamente oferecem os n\u00e1upilos (filhos de artemia) aos seus peixes e obt\u00e9m fant\u00e1sticos resultados.<\/p>\n<p>Al\u00e9m dos mais, este petisco n\u00e3o possuem carapa\u00e7a, por isso s\u00e3o de f\u00e1cil digest\u00e3o para qualquer esp\u00e9cie de peixe.<\/p>\n<p>Atributos da Sera Artemia-Mix:<br \/>\n\u2013 Alimento vivo para uma melhor evolu\u00e7\u00e3o dos peixes.<\/p>\n<p>\u2013 Garante uma elevada taxa de eclos\u00e3o.<\/p>\n<p>\u2013 Favorece uma boa vitalidade e uns h\u00e1bitos alimentares naturais.<\/p>\n<p>\u2013 N\u00e3o possuem carapa\u00e7a, logo \u00e9 de f\u00e1cil digest\u00e3o. <\/p>\n<p>Instru\u00e7\u00f5es para utiliza\u00e7\u00e3o:<br \/>\n\u2013 Em primeiro lugar, adicione todo o conte\u00fado da embalagem (mistura de quistos de Artemia com mistura nutritiva de sal) em 500 ml de \u00e1gua da torneira.<\/p>\n<p>\u2013 Por fim, arejar bem o preparado durante 24 horas a um ambiente de aprox. 26 \u2013 28 \u00b0C. Em seguida, distribuir os n\u00e1uplios segundo as necessidades.<\/p>","protected":false},"excerpt":{"rendered":"<p>Sera Artemia-Mix \u00e9 o alimento vivo para peixes de \u00e1gua doce e salgada. Al\u00e9m disso, basta preparar esta mistura instant\u00e2nea, que garante uma elevada taxa de eclos\u00e3o, com \u00e1gua. Portanto, ap\u00f3s 24 horas estar\u00e3o dispon\u00edveis os apreciados n\u00e1uplios de artemia, para o alimento dos peixes. Al\u00e9m disso, as saborosas larvas de crust\u00e1ceos \u00e9 um alimento &hellip;<\/p>\n<p class=\"read-more\"> <a class=\"\" href=\"https:\/\/pfkeepers.com\/english\/product\/artemia-mix-breeding-food-18g-sera\/\"> <span class=\"screen-reader-text\">Artemia Mix Breeding Food 18g Sera<\/span> Read More &raquo;<\/a><\/p>","protected":false},"featured_media":0,"template":"","meta":{"site-sidebar-layout":"default","site-content-layout":"","ast-site-content-layout":"default","site-content-style":"default","site-sidebar-style":"default","ast-global-header-display":"","ast-banner-title-visibility":"","ast-main-header-display":"","ast-hfb-above-header-display":"","ast-hfb-below-header-display":"","ast-hfb-mobile-header-display":"","site-post-title":"","ast-breadcrumbs-content":"","ast-featured-img":"","footer-sml-layout":"","theme-transparent-header-meta":"default","adv-header-id-meta":"","stick-header-meta":"","header-above-stick-meta":"","header-main-stick-meta":"","header-below-stick-meta":"","astra-migrate-meta-layouts":"set"},"product_cat":[1479],"product_tag":[1038],"_links":{"self":[{"href":"https:\/\/pfkeepers.com\/english\/wp-json\/wp\/v2\/product\/48653"}],"collection":[{"href":"https:\/\/pfkeepers.com\/english\/wp-json\/wp\/v2\/product"}],"about":[{"href":"https:\/\/pfkeepers.com\/english\/wp-json\/wp\/v2\/types\/product"}],"wp:attachment":[{"href":"https:\/\/pfkeepers.com\/english\/wp-json\/wp\/v2\/media?parent=48653"}],"wp:term":[{"taxonomy":"product_cat","embeddable":true,"href":"https:\/\/pfkeepers.com\/english\/wp-json\/wp\/v2\/product_cat?post=48653"},{"taxonomy":"product_tag","embeddable":true,"href":"https:\/\/pfkeepers.com\/english\/wp-json\/wp\/v2\/product_tag?post=48653"}],"curies":[{"name":"wp","href":"https:\/\/api.w.org\/{rel}","templated":true}]}}