{"id":48638,"date":"2024-03-04T13:05:58","date_gmt":"2024-03-04T13:05:58","guid":{"rendered":"https:\/\/pfkeepers.com\/produto\/red-sea-salt-bucket-22kg\/"},"modified":"2026-04-18T23:51:42","modified_gmt":"2026-04-18T23:51:42","slug":"red-sea-salt-bucket-22kg","status":"publish","type":"product","link":"https:\/\/pfkeepers.com\/english\/product\/red-sea-salt-bucket-22kg\/","title":{"rendered":"Red Sea Coral Reef Salt 22kg"},"content":{"rendered":"<p>Red Sea Salt &#8211; Grau Premium, Alcalinidade Moderada<\/p>\n<p>Red Sea Salt cont\u00e9m n\u00edveis moderadamente elevados e equilibrados dos elementos fundamentais (C\u00e1lcio, Magn\u00e9sio, Bicarbonatos) necess\u00e1rios para um crescimento sustent\u00e1vel dos corais. Ir\u00e1 maximizar a satura\u00e7\u00e3o de pigmentos para real\u00e7ar as cores mais v\u00edvidas dos corais, enquanto encorajar\u00e1 o crescimento at\u00e9 duas vezes a taxa normal. A alcalinidade de 8dKH de Red Sea Salt faz com que seja ideal para todo o tipo de aqu\u00e1rios de \u00e1gua salgada, especialmente aqueles povoados com SPS.<\/p>\n<p>A \u00e1gua salgada natural inclui mais de 70 elementos qu\u00edmicos. A maioria destes t\u00eam influ\u00eancia nos par\u00e2metros da \u00e1gua, mas poucos desempenham um papel significativo na estabilidade qu\u00edmica geral. Estes elementos formam a funda\u00e7\u00e3o do ambiente de recife e incluem 3 elementos principais: C\u00e1lcio, Magn\u00e9sio e Bicarbonatos.<\/p>\n<p>Este 3 elementos principais t\u00eam um efeito importante na estabilidade do pH, alcalinidade, for\u00e7a i\u00f3nica, e em v\u00e1rios processos biol\u00f3gicos de corais (forma\u00e7\u00e3o de esqueleto, trocas de i\u00f5es, fotoss\u00edntese).<\/p>\n<p>Ao contr\u00e1rio do ambiente natural de recife, onde existe uma reserva imensa destes elementos, os aqu\u00e1rios possuem recursos limitados que s\u00e3o rapidamente esgotados pelos seus habitantes. Portanto, \u00e9 necess\u00e1rio manter os seus n\u00edveis em um valor mais elevado que aqueles encontrados naturalmente.<\/p>\n<p>Pesquisas realizadas pelo laborat\u00f3rio da Red Sea demonstraram que aquando do aumento dos n\u00edveis destes elementos acima daqueles encontrados na natureza, uma propor\u00e7\u00e3o espec\u00edfica \u00e9 necess\u00e1ria para a vitalidade e forma\u00e7\u00e3o de esqueleto dos corais.<\/p>\n<p>Red Sea Salt foi desenvolvido de acordo com esta propor\u00e7\u00e3o ideal, removendo a necessidade de ajustar os n\u00edveis destes elementos ap\u00f3s trocas de \u00e1gua, e providenciando aos corais um ambiente saud\u00e1vel e est\u00e1vel.<\/p>\n<p>Natural e ecol\u00f3gico<br \/>\nN\u00edveis de elementos biol\u00f3gicamente equilibrados<br \/>\nComplemento de elementos vestigiais<br \/>\nPar\u00e2metros garantidos para misturas de 10L<br \/>\nSem n\u00edveis t\u00f3xicos de metais pesados<br \/>\nSem aglutinantes qu\u00edmicos<br \/>\nBaixo teor de humidade<br \/>\nDose<\/p>\n<p>7Kg ir\u00e1 fazer 210L de \u00e1gua salgada<br \/>\n20Kg ir\u00e1 fazer 600L de \u00e1gua salgada<\/p>","protected":false},"excerpt":{"rendered":"<p>Red Sea Salt &#8211; Grau Premium, Alcalinidade Moderada Red Sea Salt cont\u00e9m n\u00edveis moderadamente elevados e equilibrados dos elementos fundamentais (C\u00e1lcio, Magn\u00e9sio, Bicarbonatos) necess\u00e1rios para um crescimento sustent\u00e1vel dos corais. Ir\u00e1 maximizar a satura\u00e7\u00e3o de pigmentos para real\u00e7ar as cores mais v\u00edvidas dos corais, enquanto encorajar\u00e1 o crescimento at\u00e9 duas vezes a taxa normal. A &hellip;<\/p>\n<p class=\"read-more\"> <a class=\"\" href=\"https:\/\/pfkeepers.com\/english\/product\/red-sea-salt-bucket-22kg\/\"> <span class=\"screen-reader-text\">Red Sea Coral Reef Salt 22kg<\/span> Read More &raquo;<\/a><\/p>","protected":false},"featured_media":48639,"template":"","meta":{"site-sidebar-layout":"default","site-content-layout":"","ast-site-content-layout":"default","site-content-style":"default","site-sidebar-style":"default","ast-global-header-display":"","ast-banner-title-visibility":"","ast-main-header-display":"","ast-hfb-above-header-display":"","ast-hfb-below-header-display":"","ast-hfb-mobile-header-display":"","site-post-title":"","ast-breadcrumbs-content":"","ast-featured-img":"","footer-sml-layout":"","theme-transparent-header-meta":"default","adv-header-id-meta":"","stick-header-meta":"","header-above-stick-meta":"","header-main-stick-meta":"","header-below-stick-meta":"","astra-migrate-meta-layouts":"set"},"product_cat":[1362],"product_tag":[1010],"_links":{"self":[{"href":"https:\/\/pfkeepers.com\/english\/wp-json\/wp\/v2\/product\/48638"}],"collection":[{"href":"https:\/\/pfkeepers.com\/english\/wp-json\/wp\/v2\/product"}],"about":[{"href":"https:\/\/pfkeepers.com\/english\/wp-json\/wp\/v2\/types\/product"}],"wp:featuredmedia":[{"embeddable":true,"href":"https:\/\/pfkeepers.com\/english\/wp-json\/wp\/v2\/media\/48639"}],"wp:attachment":[{"href":"https:\/\/pfkeepers.com\/english\/wp-json\/wp\/v2\/media?parent=48638"}],"wp:term":[{"taxonomy":"product_cat","embeddable":true,"href":"https:\/\/pfkeepers.com\/english\/wp-json\/wp\/v2\/product_cat?post=48638"},{"taxonomy":"product_tag","embeddable":true,"href":"https:\/\/pfkeepers.com\/english\/wp-json\/wp\/v2\/product_tag?post=48638"}],"curies":[{"name":"wp","href":"https:\/\/api.w.org\/{rel}","templated":true}]}}