{"id":48581,"date":"2024-03-04T13:04:39","date_gmt":"2024-03-04T13:04:39","guid":{"rendered":"https:\/\/pfkeepers.com\/produto\/clear-up-250-ml-aquarium-systems\/"},"modified":"2025-02-27T20:02:52","modified_gmt":"2025-02-27T20:02:52","slug":"clear-up-250-ml-aquarium-systems","status":"publish","type":"product","link":"https:\/\/pfkeepers.com\/english\/product\/clear-up-250-ml-aquarium-systems\/","title":{"rendered":"Clear-Up 250 ml Aquarium Systems"},"content":{"rendered":"<p>Clarificador de \u00e1gua natural.<\/p>\n<p>Bact\u00e9rias 100% \u00fateis para o seu aqu\u00e1rio de \u00e1gua salgada.<\/p>\n<p>Clear Up, \u00e0 base de bact\u00e9rias, ajuda a tornar a \u00e1gua cristalina sem o uso de produtos qu\u00edmicos que podem afetar o equil\u00edbrio do seu aqu\u00e1rio marinho.<\/p>\n<p>Pode ser usado ap\u00f3s a limpeza da areia ou do equipamento de filtra\u00e7\u00e3o.<\/p>\n<p>Instru\u00e7\u00f5es:<\/p>\n<p>\u2022 Agitar antes de usar.<\/p>\n<p>\u2022 Desligue todas as bombas.<\/p>\n<p>\u2022 Polvilhe Clear Up sobre toda a superf\u00edcie do aqu\u00e1rio, 15 ml para cada 100 litros de \u00e1gua.<\/p>\n<p>\u2022 Aguarde 15 minutos para que ele atue e, em seguida, ligue as bombas novamente.<\/p>\n<p>Embalagem de 250ml que trata at\u00e9 2000L.<\/p>","protected":false},"excerpt":{"rendered":"<p>Clarificador de \u00e1gua natural. Bact\u00e9rias 100% \u00fateis para o seu aqu\u00e1rio de \u00e1gua salgada. Clear Up, \u00e0 base de bact\u00e9rias, ajuda a tornar a \u00e1gua cristalina sem o uso de produtos qu\u00edmicos que podem afetar o equil\u00edbrio do seu aqu\u00e1rio marinho. Pode ser usado ap\u00f3s a limpeza da areia ou do equipamento de filtra\u00e7\u00e3o. Instru\u00e7\u00f5es: &hellip;<\/p>\n<p class=\"read-more\"> <a class=\"\" href=\"https:\/\/pfkeepers.com\/english\/product\/clear-up-250-ml-aquarium-systems\/\"> <span class=\"screen-reader-text\">Clear-Up 250 ml Aquarium Systems<\/span> Read More &raquo;<\/a><\/p>","protected":false},"featured_media":81843,"template":"","meta":{"site-sidebar-layout":"default","site-content-layout":"","ast-site-content-layout":"default","site-content-style":"default","site-sidebar-style":"default","ast-global-header-display":"","ast-banner-title-visibility":"","ast-main-header-display":"","ast-hfb-above-header-display":"","ast-hfb-below-header-display":"","ast-hfb-mobile-header-display":"","site-post-title":"","ast-breadcrumbs-content":"","ast-featured-img":"","footer-sml-layout":"","theme-transparent-header-meta":"default","adv-header-id-meta":"","stick-header-meta":"","header-above-stick-meta":"","header-main-stick-meta":"","header-below-stick-meta":"","astra-migrate-meta-layouts":"set"},"product_cat":[1485],"product_tag":[778],"_links":{"self":[{"href":"https:\/\/pfkeepers.com\/english\/wp-json\/wp\/v2\/product\/48581"}],"collection":[{"href":"https:\/\/pfkeepers.com\/english\/wp-json\/wp\/v2\/product"}],"about":[{"href":"https:\/\/pfkeepers.com\/english\/wp-json\/wp\/v2\/types\/product"}],"wp:featuredmedia":[{"embeddable":true,"href":"https:\/\/pfkeepers.com\/english\/wp-json\/wp\/v2\/media\/81843"}],"wp:attachment":[{"href":"https:\/\/pfkeepers.com\/english\/wp-json\/wp\/v2\/media?parent=48581"}],"wp:term":[{"taxonomy":"product_cat","embeddable":true,"href":"https:\/\/pfkeepers.com\/english\/wp-json\/wp\/v2\/product_cat?post=48581"},{"taxonomy":"product_tag","embeddable":true,"href":"https:\/\/pfkeepers.com\/english\/wp-json\/wp\/v2\/product_tag?post=48581"}],"curies":[{"name":"wp","href":"https:\/\/api.w.org\/{rel}","templated":true}]}}