{"id":48524,"date":"2024-03-04T13:03:23","date_gmt":"2024-03-04T13:03:23","guid":{"rendered":"https:\/\/pfkeepers.com\/produto\/movel-emotions-nature-pro-60-preto\/"},"modified":"2026-04-18T02:36:04","modified_gmt":"2026-04-18T02:36:04","slug":"movel-emotions-nature-pro-60-preto","status":"publish","type":"product","link":"https:\/\/pfkeepers.com\/english\/product\/movel-emotions-nature-pro-60-preto\/","title":{"rendered":"CabinetEmotions Nature Pro 60 Preto"},"content":{"rendered":"<p>Pre\u00e7o inclui s\u00f3 o m\u00f3vel.<\/p>\n<p>M\u00f3vel Emotions Nature Pro 60 para aqu\u00e1rio Emotions Nature Pro 60 <\/p>\n<p>Dimens\u00f5es: 61 x 40 x 82 cm<\/p>\n<p>Cores dispon\u00edveis Preto, Branco, Oak e Mystic.<\/p>","protected":false},"excerpt":{"rendered":"<p>Pre\u00e7o inclui s\u00f3 o m\u00f3vel. M\u00f3vel Emotions Nature Pro 60 para aqu\u00e1rio Emotions Nature Pro 60 Dimens\u00f5es: 61 x 40 x 82 cm Cores dispon\u00edveis Preto, Branco, Oak e Mystic.<\/p>","protected":false},"featured_media":48525,"template":"","meta":{"site-sidebar-layout":"default","site-content-layout":"","ast-site-content-layout":"default","site-content-style":"default","site-sidebar-style":"default","ast-global-header-display":"","ast-banner-title-visibility":"","ast-main-header-display":"","ast-hfb-above-header-display":"","ast-hfb-below-header-display":"","ast-hfb-mobile-header-display":"","site-post-title":"","ast-breadcrumbs-content":"","ast-featured-img":"","footer-sml-layout":"","theme-transparent-header-meta":"default","adv-header-id-meta":"","stick-header-meta":"","header-above-stick-meta":"","header-main-stick-meta":"","header-below-stick-meta":"","astra-migrate-meta-layouts":"set"},"product_cat":[1387],"product_tag":[825],"_links":{"self":[{"href":"https:\/\/pfkeepers.com\/english\/wp-json\/wp\/v2\/product\/48524"}],"collection":[{"href":"https:\/\/pfkeepers.com\/english\/wp-json\/wp\/v2\/product"}],"about":[{"href":"https:\/\/pfkeepers.com\/english\/wp-json\/wp\/v2\/types\/product"}],"wp:featuredmedia":[{"embeddable":true,"href":"https:\/\/pfkeepers.com\/english\/wp-json\/wp\/v2\/media\/48525"}],"wp:attachment":[{"href":"https:\/\/pfkeepers.com\/english\/wp-json\/wp\/v2\/media?parent=48524"}],"wp:term":[{"taxonomy":"product_cat","embeddable":true,"href":"https:\/\/pfkeepers.com\/english\/wp-json\/wp\/v2\/product_cat?post=48524"},{"taxonomy":"product_tag","embeddable":true,"href":"https:\/\/pfkeepers.com\/english\/wp-json\/wp\/v2\/product_tag?post=48524"}],"curies":[{"name":"wp","href":"https:\/\/api.w.org\/{rel}","templated":true}]}}