{"id":48499,"date":"2024-03-04T13:02:53","date_gmt":"2024-03-04T13:02:53","guid":{"rendered":"https:\/\/pfkeepers.com\/produto\/eheim-professionel-4-professional-5e-1x-blue-4x-white\/"},"modified":"2026-04-18T23:51:01","modified_gmt":"2026-04-18T23:51:01","slug":"eheim-professionel-4-professional-5e-1x-blue-4x-white","status":"publish","type":"product","link":"https:\/\/pfkeepers.com\/english\/product\/eheim-professionel-4-professional-5e-1x-blue-4x-white\/","title":{"rendered":"Eheim Pack de Esponjas filtrantes Professionel 4+ &amp; Professional 5e (2617710)"},"content":{"rendered":"<p>Esponjas de filtro para filtra\u00e7\u00e3o mec\u00e2nica e biol\u00f3gica<\/p>\n<p>O material poroso fica uniformemente encharcado com \u00e1gua e ret\u00e9m grandes e pequenas part\u00edculas de sujeira. Ap\u00f3s um curto per\u00edodo de inicializa\u00e7\u00e3o, bact\u00e9rias de purifica\u00e7\u00e3o, que fornecem decomposi\u00e7\u00e3o biol\u00f3gica intensiva de subst\u00e2ncias nocivas, colonizam a espuma especialmente estruturada.<\/p>\n<p>As pastilhas de filtro fino e grosso s\u00e3o reutiliz\u00e1veis v\u00e1rias vezes. Para limp\u00e1-los basta enxaguar e espremer, para que as culturas de bact\u00e9rias n\u00e3o sejam completamente destru\u00eddas.<\/p>","protected":false},"excerpt":{"rendered":"<p>Esponjas de filtro para filtra\u00e7\u00e3o mec\u00e2nica e biol\u00f3gica O material poroso fica uniformemente encharcado com \u00e1gua e ret\u00e9m grandes e pequenas part\u00edculas de sujeira. Ap\u00f3s um curto per\u00edodo de inicializa\u00e7\u00e3o, bact\u00e9rias de purifica\u00e7\u00e3o, que fornecem decomposi\u00e7\u00e3o biol\u00f3gica intensiva de subst\u00e2ncias nocivas, colonizam a espuma especialmente estruturada. As pastilhas de filtro fino e grosso s\u00e3o reutiliz\u00e1veis &hellip;<\/p>\n<p class=\"read-more\"> <a class=\"\" href=\"https:\/\/pfkeepers.com\/english\/product\/eheim-professionel-4-professional-5e-1x-blue-4x-white\/\"> <span class=\"screen-reader-text\">Eheim Pack de Esponjas filtrantes Professionel 4+ &amp; Professional 5e (2617710)<\/span> Read More &raquo;<\/a><\/p>","protected":false},"featured_media":81832,"template":"","meta":{"site-sidebar-layout":"default","site-content-layout":"","ast-site-content-layout":"default","site-content-style":"default","site-sidebar-style":"default","ast-global-header-display":"","ast-banner-title-visibility":"","ast-main-header-display":"","ast-hfb-above-header-display":"","ast-hfb-below-header-display":"","ast-hfb-mobile-header-display":"","site-post-title":"","ast-breadcrumbs-content":"","ast-featured-img":"","footer-sml-layout":"","theme-transparent-header-meta":"default","adv-header-id-meta":"","stick-header-meta":"","header-above-stick-meta":"","header-main-stick-meta":"","header-below-stick-meta":"","astra-migrate-meta-layouts":"set"},"product_cat":[1554],"product_tag":[852],"_links":{"self":[{"href":"https:\/\/pfkeepers.com\/english\/wp-json\/wp\/v2\/product\/48499"}],"collection":[{"href":"https:\/\/pfkeepers.com\/english\/wp-json\/wp\/v2\/product"}],"about":[{"href":"https:\/\/pfkeepers.com\/english\/wp-json\/wp\/v2\/types\/product"}],"wp:featuredmedia":[{"embeddable":true,"href":"https:\/\/pfkeepers.com\/english\/wp-json\/wp\/v2\/media\/81832"}],"wp:attachment":[{"href":"https:\/\/pfkeepers.com\/english\/wp-json\/wp\/v2\/media?parent=48499"}],"wp:term":[{"taxonomy":"product_cat","embeddable":true,"href":"https:\/\/pfkeepers.com\/english\/wp-json\/wp\/v2\/product_cat?post=48499"},{"taxonomy":"product_tag","embeddable":true,"href":"https:\/\/pfkeepers.com\/english\/wp-json\/wp\/v2\/product_tag?post=48499"}],"curies":[{"name":"wp","href":"https:\/\/api.w.org\/{rel}","templated":true}]}}