{"id":48484,"date":"2024-03-04T13:02:33","date_gmt":"2024-03-04T13:02:33","guid":{"rendered":"https:\/\/pfkeepers.com\/produto\/eheim-classic-150-external-filter-5-w-50-150l\/"},"modified":"2025-02-27T20:01:14","modified_gmt":"2025-02-27T20:01:14","slug":"eheim-classic-150-external-filter-5-w-50-150l","status":"publish","type":"product","link":"https:\/\/pfkeepers.com\/english\/product\/eheim-classic-150-external-filter-5-w-50-150l\/","title":{"rendered":"Eheim Classic 150 External Filter 5 W (50-150L)"},"content":{"rendered":"<p>Caracter\u00edsticas:<br \/>\nD\u00e9bito da bomba 300L\/h.<br \/>\nAltura m\u00e1xima de eleva\u00e7\u00e3o:1,5m.<br \/>\nPot\u00eancia: 5W.<br \/>\nVolume do filtro: 1L; dimens\u00f5es(di\u00e2metroxaltura)110x290mm.<br \/>\nMangueiras: 9\/12 e 12\/16mm.<\/p>\n<p>Inclui como mat\u00e9rias filtrantes 1 esponja azul e 1 almofada de algod\u00e3o filtrante.<\/p>","protected":false},"excerpt":{"rendered":"<p>Caracter\u00edsticas: D\u00e9bito da bomba 300L\/h. Altura m\u00e1xima de eleva\u00e7\u00e3o:1,5m. Pot\u00eancia: 5W. Volume do filtro: 1L; dimens\u00f5es(di\u00e2metroxaltura)110x290mm. Mangueiras: 9\/12 e 12\/16mm. Inclui como mat\u00e9rias filtrantes 1 esponja azul e 1 almofada de algod\u00e3o filtrante.<\/p>","protected":false},"featured_media":48485,"template":"","meta":{"site-sidebar-layout":"default","site-content-layout":"","ast-site-content-layout":"","site-content-style":"default","site-sidebar-style":"default","ast-global-header-display":"","ast-banner-title-visibility":"","ast-main-header-display":"","ast-hfb-above-header-display":"","ast-hfb-below-header-display":"","ast-hfb-mobile-header-display":"","site-post-title":"","ast-breadcrumbs-content":"","ast-featured-img":"","footer-sml-layout":"","theme-transparent-header-meta":"","adv-header-id-meta":"","stick-header-meta":"","header-above-stick-meta":"","header-main-stick-meta":"","header-below-stick-meta":"","astra-migrate-meta-layouts":""},"product_cat":[1472],"product_tag":[852],"_links":{"self":[{"href":"https:\/\/pfkeepers.com\/english\/wp-json\/wp\/v2\/product\/48484"}],"collection":[{"href":"https:\/\/pfkeepers.com\/english\/wp-json\/wp\/v2\/product"}],"about":[{"href":"https:\/\/pfkeepers.com\/english\/wp-json\/wp\/v2\/types\/product"}],"wp:featuredmedia":[{"embeddable":true,"href":"https:\/\/pfkeepers.com\/english\/wp-json\/wp\/v2\/media\/48485"}],"wp:attachment":[{"href":"https:\/\/pfkeepers.com\/english\/wp-json\/wp\/v2\/media?parent=48484"}],"wp:term":[{"taxonomy":"product_cat","embeddable":true,"href":"https:\/\/pfkeepers.com\/english\/wp-json\/wp\/v2\/product_cat?post=48484"},{"taxonomy":"product_tag","embeddable":true,"href":"https:\/\/pfkeepers.com\/english\/wp-json\/wp\/v2\/product_tag?post=48484"}],"curies":[{"name":"wp","href":"https:\/\/api.w.org\/{rel}","templated":true}]}}